{"id":725199,"date":"2025-08-27T19:46:13","date_gmt":"2025-08-27T16:46:13","guid":{"rendered":"https:\/\/roveyayinevi.com.tr\/index.php\/urun\/ekran-cocuklari\/"},"modified":"2026-04-16T02:32:54","modified_gmt":"2026-04-15T23:32:54","slug":"ekran-cocuklari","status":"publish","type":"product","link":"https:\/\/roveyayinevi.com.tr\/index.php\/urun\/ekran-cocuklari\/","title":{"rendered":"Ekran \u00c7ocuklar\u0131"},"content":{"rendered":"<p>Dijital \u00e7a\u011fda \u00e7ocuk yeti\u015ftiren ve yeti\u015ftirecek olanlar i\u00e7in \u2018Mutlaka okunmal\u0131!\u2019 dedi\u011fim bir kitap. (DO\u011eAN C\u00dcCELO\u011eLU) D\u00fcnyan\u0131n en b\u00fcy\u00fck teknoloji \u015firketi Apple\u2019in kurucular\u0131ndan Steve Jobs, 2010 y\u0131l\u0131nda ilk iPad lansman\u0131n\u0131 yapt\u0131ktan sonra New York Times\u2019dan gazeteci Nick Bilton sorar: \u201c\u00c7ocuklar\u0131n\u0131z iPad\u2019i seviyorlar, de\u011fil mi?\u201d Steve Jobs der ki: \u201cHi\u00e7 kullanmad\u0131lar, evde \u00e7ocuklar\u0131n kullanabilece\u011fi teknolojik imk\u00e2nlar\u0131 s\u0131n\u0131rl\u0131yoruz.\u201d Teknolojinin bu kadar i\u00e7inde olan bir insan, neden \u00e7ocuklar\u0131n\u0131 teknolojiden uzak tutuyordu? G\u00fcn\u00fcm\u00fczde \u00e7ocuklar cep telefonu, tablet ve bilgisayar gibi dijital teknolojilerle adeta do\u011far do\u011fmaz ha\u015f\u0131r ne\u015fir olmaya ba\u015fl\u0131yorlar. Bu kitapta, dijital \u00e7a\u011fda iki \u00e7ocuk yeti\u015ftiren bir anne olarak yazar, kendi tecr\u00fcbelerini bilimsel ara\u015ft\u0131rmalarla harmanl\u0131yor. Dijital ekranlar\u0131n etkilerini, her y\u00f6nden -fiziksel, zihinsel, psikolojik ve sosyal- irdeliyor ve \u00e7\u00f6z\u00fcmler sunuyor. <\/p>\n","protected":false},"excerpt":{"rendered":"<p>Dijital \u00e7a\u011fda \u00e7ocuk yeti\u015ftiren ve yeti\u015ftirecek olanlar i\u00e7in \u2018Mutlaka okunmal\u0131!\u2019 dedi\u011fim bir kitap. (DO\u011eAN C\u00dcCELO\u011eLU) D\u00fcnyan\u0131n en b\u00fcy\u00fck teknoloji \u015firketi Apple\u2019in kurucular\u0131ndan Steve Jobs, 2010 y\u0131l\u0131nda<span class=\"excerpt-hellip\"> [\u2026]<\/span><\/p>\n","protected":false},"featured_media":0,"template":"","meta":{"_monsterinsights_skip_tracking":false,"_monsterinsights_sitenote_active":false,"_monsterinsights_sitenote_note":"","_monsterinsights_sitenote_category":0},"product_brand":[],"product_cat":[12679,12357],"product_tag":[],"class_list":{"0":"post-725199","1":"product","2":"type-product","3":"status-publish","5":"product_cat-cocuk-psikolojisi","6":"product_cat-psikoloji","7":"pa_cilt-ciltsiz","8":"pa_tur-kitap","9":"pa_yayinevi-remzi-kitabevi","10":"pa_yazar-meltem-kusku-schmidt","12":"first","13":"instock","14":"sale","15":"shipping-taxable","16":"purchasable","17":"product-type-simple"},"_links":{"self":[{"href":"https:\/\/roveyayinevi.com.tr\/index.php\/wp-json\/wp\/v2\/product\/725199","targetHints":{"allow":["GET"]}}],"collection":[{"href":"https:\/\/roveyayinevi.com.tr\/index.php\/wp-json\/wp\/v2\/product"}],"about":[{"href":"https:\/\/roveyayinevi.com.tr\/index.php\/wp-json\/wp\/v2\/types\/product"}],"wp:attachment":[{"href":"https:\/\/roveyayinevi.com.tr\/index.php\/wp-json\/wp\/v2\/media?parent=725199"}],"wp:term":[{"taxonomy":"product_brand","embeddable":true,"href":"https:\/\/roveyayinevi.com.tr\/index.php\/wp-json\/wp\/v2\/product_brand?post=725199"},{"taxonomy":"product_cat","embeddable":true,"href":"https:\/\/roveyayinevi.com.tr\/index.php\/wp-json\/wp\/v2\/product_cat?post=725199"},{"taxonomy":"product_tag","embeddable":true,"href":"https:\/\/roveyayinevi.com.tr\/index.php\/wp-json\/wp\/v2\/product_tag?post=725199"}],"curies":[{"name":"wp","href":"https:\/\/api.w.org\/{rel}","templated":true}]}}