{"id":725198,"date":"2025-08-27T19:46:12","date_gmt":"2025-08-27T16:46:12","guid":{"rendered":"https:\/\/roveyayinevi.com.tr\/index.php\/urun\/gorunmez-uli\/"},"modified":"2026-04-16T02:32:53","modified_gmt":"2026-04-15T23:32:53","slug":"gorunmez-uli","status":"publish","type":"product","link":"https:\/\/roveyayinevi.com.tr\/index.php\/urun\/gorunmez-uli\/","title":{"rendered":"G\u00f6r\u00fcnmez Uli"},"content":{"rendered":"<p>Uli, say\u0131lar\u0131 \u00e7ok seviyor.Evden okula ka\u00e7 ad\u0131m att\u0131\u011f\u0131n\u0131, apartmandaki pencereleri, merdiven basamaklar\u0131n\u0131, her \u015feyi say\u0131yor. Okulun ilk g\u00fcn\u00fc, s\u0131n\u0131f arkada\u015flar\u0131 Uli\u2019ye lakap tak\u0131nca o da kendisini bir ba\u015f\u0131na kalm\u0131\u015f hissediyor. Ta ki s\u0131n\u0131fa bir Uli daha gelene kadar. \u00c7\u00fcnk\u00fc, bir Uli, bir Uli daha iki Uli ediyor! \u00d6d\u00fcll\u00fc yazar Astrid Frank\u2019tan yeni ev, yeni okul, yeni arkada\u015flar ve yeni d\u00fczen \u00fczerine muzip bir roman. Hayattaki de\u011fi\u015fimlerin \u00e7ocuklar \u00fczerinde yaratt\u0131\u011f\u0131 kayg\u0131y\u0131 e\u011flenceli bir \u00fcslupla anlatan yazar, bir arada ya\u015fam\u0131 savunuyor.<\/p>\n","protected":false},"excerpt":{"rendered":"<p>Uli, say\u0131lar\u0131 \u00e7ok seviyor.Evden okula ka\u00e7 ad\u0131m att\u0131\u011f\u0131n\u0131, apartmandaki pencereleri, merdiven basamaklar\u0131n\u0131, her \u015feyi say\u0131yor. Okulun ilk g\u00fcn\u00fc, s\u0131n\u0131f arkada\u015flar\u0131 Uli\u2019ye lakap tak\u0131nca o da kendisini<span class=\"excerpt-hellip\"> [\u2026]<\/span><\/p>\n","protected":false},"featured_media":0,"template":"","meta":{"_monsterinsights_skip_tracking":false,"_monsterinsights_sitenote_active":false,"_monsterinsights_sitenote_note":"","_monsterinsights_sitenote_category":0},"product_brand":[],"product_cat":[12275,12274],"product_tag":[],"class_list":{"0":"post-725198","1":"product","2":"type-product","3":"status-publish","5":"product_cat-6-12-yas-kitaplari","6":"product_cat-cocuk-ve-genclik-kitaplari","7":"pa_cilt-ciltsiz","8":"pa_tur-kitap","9":"pa_yayinevi-kirmizi-kedi-yayinevi","10":"pa_yazar-astrid-frank","12":"first","13":"instock","14":"sale","15":"shipping-taxable","16":"purchasable","17":"product-type-simple"},"_links":{"self":[{"href":"https:\/\/roveyayinevi.com.tr\/index.php\/wp-json\/wp\/v2\/product\/725198","targetHints":{"allow":["GET"]}}],"collection":[{"href":"https:\/\/roveyayinevi.com.tr\/index.php\/wp-json\/wp\/v2\/product"}],"about":[{"href":"https:\/\/roveyayinevi.com.tr\/index.php\/wp-json\/wp\/v2\/types\/product"}],"wp:attachment":[{"href":"https:\/\/roveyayinevi.com.tr\/index.php\/wp-json\/wp\/v2\/media?parent=725198"}],"wp:term":[{"taxonomy":"product_brand","embeddable":true,"href":"https:\/\/roveyayinevi.com.tr\/index.php\/wp-json\/wp\/v2\/product_brand?post=725198"},{"taxonomy":"product_cat","embeddable":true,"href":"https:\/\/roveyayinevi.com.tr\/index.php\/wp-json\/wp\/v2\/product_cat?post=725198"},{"taxonomy":"product_tag","embeddable":true,"href":"https:\/\/roveyayinevi.com.tr\/index.php\/wp-json\/wp\/v2\/product_tag?post=725198"}],"curies":[{"name":"wp","href":"https:\/\/api.w.org\/{rel}","templated":true}]}}