{"id":725192,"date":"2025-08-27T19:46:06","date_gmt":"2025-08-27T16:46:06","guid":{"rendered":"https:\/\/roveyayinevi.com.tr\/index.php\/urun\/keskesiz\/"},"modified":"2026-04-12T02:39:24","modified_gmt":"2026-04-11T23:39:24","slug":"keskesiz","status":"publish","type":"product","link":"https:\/\/roveyayinevi.com.tr\/index.php\/urun\/keskesiz\/","title":{"rendered":"Ke\u015fkesiz"},"content":{"rendered":"<p>\u201cBa\u015far\u0131 bir anda ger\u00e7ekle\u015fmez. Michael Hyatt ve Daniel Harkavy size, istedi\u011finiz ve ger\u00e7ekten hak etti\u011finiz hayata ula\u015fmak i\u00e7in a\u00e7\u0131k ve etkili bir \u2018Hayat Plan\u0131\u2019n\u0131 nas\u0131l geli\u015ftirebilece\u011finizi g\u00f6steriyor.\u201d-TONY ROBBINS, NEW YORK TIMES\u2019IN \u00c7OK SATAN YAZARI, ANTHONY ROBBINS \u015e\u0130RKETLER\u0130\u2019N\u0130N CEO\u2019SU \u201cBu kitap hayat\u0131n nas\u0131l ya\u015fanmas\u0131 gerekti\u011fiyle ilgili yoldan \u00e7\u0131km\u0131\u015f herhangi bir yeti\u015fkin i\u00e7in son derece kullan\u0131\u015fl\u0131 ve ink\u00e2r edilemeyecek kadar gerekli bir rehberdir. Kendi hayat\u0131mda da bu yakla\u015f\u0131mdan \u00e7ok faydaland\u0131\u011f\u0131m\u0131 s\u00f6yleyebilirim.\u201d-PATRICK LENCIONI, THE TABLE GROUP BA\u015eKANI; THE ADVANTAGE K\u0130TABININ YAZARI \u201cZihninizi a\u00e7acak ve zaman\u0131 y\u00f6netmenize yard\u0131mc\u0131 olacak uyar\u0131lar ve esin kaynaklar\u0131yla dolu, kesinlikle okunmas\u0131 gereken bir kitap.\u201d -DAVE RAMSEY, NEW YORK TIMES\u2019IN \u00c7OK SATAN YAZARI, THE TOTAL MONEY MAKEOVER \u201cPek \u00e7ok insan, hayatta bir plana sahip olman\u0131n ne kadar \u00f6nemli oldu\u011fundan s\u00f6z ediyor ancak hi\u00e7 kimse bunu ger\u00e7ekten nas\u0131l ba\u015farabilece\u011finizi s\u00f6ylememi\u015fti. \u015eimdiye kadar!\u201d-JOHN C. MAXWELL, NEW YORK TIMES\u2019IN \u00c7OK SATAN YAZARI, THE JOHN MAXWELL KURUCUSU \u201cHayat\u0131 uyuyarak ya\u015faman\u0131za dur diyecek ve Tanr\u0131\u2019n\u0131n sizin i\u00e7in haz\u0131rlad\u0131\u011f\u0131 plan\u0131 bilin\u00e7li bir \u015fekilde izlemenizi sa\u011flayacak zekice haz\u0131rlanm\u0131\u015f ve son derece motive edici bir kaynak.\u201d-LYSA TERKEURST, NEW YORK TIMES\u2019IN \u00c7OK SATAN YAZARI, PROVERBS 31 MINISTRIES BA\u015eKANI \u201cZekice ve anla\u015f\u0131l\u0131r bir \u015fekilde yaz\u0131lm\u0131\u015f etkili bir kitap. Basit ve i\u015fe yarar \u00f6nerilerinin sadece bir b\u00f6l\u00fcm\u00fcn\u00fc uygulamak bile, ki\u015finin hayattaki durumunu de\u011fi\u015ftirecektir.\u201d -DAVID ALLEN, NEW YORK TIMES\u2019IN \u00c7OK SATAN YAZARI, GETTING THINGS DONE<\/p>\n","protected":false},"excerpt":{"rendered":"<p>\u201cBa\u015far\u0131 bir anda ger\u00e7ekle\u015fmez. Michael Hyatt ve Daniel Harkavy size, istedi\u011finiz ve ger\u00e7ekten hak etti\u011finiz hayata ula\u015fmak i\u00e7in a\u00e7\u0131k ve etkili bir \u2018Hayat Plan\u0131\u2019n\u0131 nas\u0131l geli\u015ftirebilece\u011finizi<span class=\"excerpt-hellip\"> [\u2026]<\/span><\/p>\n","protected":false},"featured_media":0,"template":"","meta":{"_monsterinsights_skip_tracking":false,"_monsterinsights_sitenote_active":false,"_monsterinsights_sitenote_note":"","_monsterinsights_sitenote_category":0},"product_brand":[],"product_cat":[12364,12376],"product_tag":[],"class_list":{"0":"post-725192","1":"product","2":"type-product","3":"status-publish","5":"product_cat-genel-konular","6":"product_cat-kisisel-gelisim","7":"pa_cilt-ciltsiz","8":"pa_tur-kitap","9":"pa_yayinevi-sola-unitas","10":"pa_yazar-michael-hyatt-daniel-harkavy","12":"first","13":"instock","14":"sale","15":"shipping-taxable","16":"purchasable","17":"product-type-simple"},"_links":{"self":[{"href":"https:\/\/roveyayinevi.com.tr\/index.php\/wp-json\/wp\/v2\/product\/725192","targetHints":{"allow":["GET"]}}],"collection":[{"href":"https:\/\/roveyayinevi.com.tr\/index.php\/wp-json\/wp\/v2\/product"}],"about":[{"href":"https:\/\/roveyayinevi.com.tr\/index.php\/wp-json\/wp\/v2\/types\/product"}],"wp:attachment":[{"href":"https:\/\/roveyayinevi.com.tr\/index.php\/wp-json\/wp\/v2\/media?parent=725192"}],"wp:term":[{"taxonomy":"product_brand","embeddable":true,"href":"https:\/\/roveyayinevi.com.tr\/index.php\/wp-json\/wp\/v2\/product_brand?post=725192"},{"taxonomy":"product_cat","embeddable":true,"href":"https:\/\/roveyayinevi.com.tr\/index.php\/wp-json\/wp\/v2\/product_cat?post=725192"},{"taxonomy":"product_tag","embeddable":true,"href":"https:\/\/roveyayinevi.com.tr\/index.php\/wp-json\/wp\/v2\/product_tag?post=725192"}],"curies":[{"name":"wp","href":"https:\/\/api.w.org\/{rel}","templated":true}]}}