{"id":725191,"date":"2025-08-27T19:46:05","date_gmt":"2025-08-27T16:46:05","guid":{"rendered":"https:\/\/roveyayinevi.com.tr\/index.php\/urun\/geri-donusum-gunu\/"},"modified":"2026-04-16T02:32:53","modified_gmt":"2026-04-15T23:32:53","slug":"geri-donusum-gunu","status":"publish","type":"product","link":"https:\/\/roveyayinevi.com.tr\/index.php\/urun\/geri-donusum-gunu\/","title":{"rendered":"Geri D\u00f6n\u00fc\u015f\u00fcm G\u00fcn\u00fc"},"content":{"rendered":"<p>Hay\u0131r, olamaz! Kaba ve yaramaz fareler, b\u00f6ceklerin ya\u015fad\u0131\u011f\u0131 bo\u015f bir arsay\u0131 ele ge\u00e7iriyor! Bu farelerin \u00e7ok sevdi\u011fi iki \u015fey var: b\u00f6cekleri rahats\u0131z etmek ve etrafta biriken \u00e7\u00f6plerin tad\u0131n\u0131 \u00e7\u0131karmak.Neyse ki g\u00f6n\u00fcll\u00fcler, Geri D\u00f6n\u00fc\u015f\u00fcm G\u00fcn\u00fc\u2019nde sadece arsay\u0131 bu korkun\u00e7 farelerden temizlemekle kalmayacak, ayn\u0131 zamanda geri d\u00f6n\u00fc\u015f\u00fcm\u00fcn nas\u0131l yap\u0131ld\u0131\u011f\u0131n\u0131, neden \u00f6nemli oldu\u011funu ve bizim de bu konuda kendi \u00e7evremizde neler yapabilece\u011fimizi g\u00f6sterecekler!Gezegenimizi daha temiz ve t\u00fcm canl\u0131lar i\u00e7in ya\u015fanabilir hale getirmek bizim elimizde!<\/p>\n","protected":false},"excerpt":{"rendered":"<p>Hay\u0131r, olamaz! Kaba ve yaramaz fareler, b\u00f6ceklerin ya\u015fad\u0131\u011f\u0131 bo\u015f bir arsay\u0131 ele ge\u00e7iriyor! Bu farelerin \u00e7ok sevdi\u011fi iki \u015fey var: b\u00f6cekleri rahats\u0131z etmek ve etrafta biriken<span class=\"excerpt-hellip\"> [\u2026]<\/span><\/p>\n","protected":false},"featured_media":0,"template":"","meta":{"_monsterinsights_skip_tracking":false,"_monsterinsights_sitenote_active":false,"_monsterinsights_sitenote_note":"","_monsterinsights_sitenote_category":0},"product_brand":[],"product_cat":[12913,12274],"product_tag":[],"class_list":{"0":"post-725191","1":"product","2":"type-product","3":"status-publish","5":"product_cat-3-6-yas-kitaplari","6":"product_cat-cocuk-ve-genclik-kitaplari","7":"pa_cilt-ciltsiz","8":"pa_tur-kitap","9":"pa_yayinevi-ithaki-yayinlari","10":"pa_yazar-edward-miller","12":"first","13":"instock","14":"sale","15":"shipping-taxable","16":"purchasable","17":"product-type-simple"},"_links":{"self":[{"href":"https:\/\/roveyayinevi.com.tr\/index.php\/wp-json\/wp\/v2\/product\/725191","targetHints":{"allow":["GET"]}}],"collection":[{"href":"https:\/\/roveyayinevi.com.tr\/index.php\/wp-json\/wp\/v2\/product"}],"about":[{"href":"https:\/\/roveyayinevi.com.tr\/index.php\/wp-json\/wp\/v2\/types\/product"}],"wp:attachment":[{"href":"https:\/\/roveyayinevi.com.tr\/index.php\/wp-json\/wp\/v2\/media?parent=725191"}],"wp:term":[{"taxonomy":"product_brand","embeddable":true,"href":"https:\/\/roveyayinevi.com.tr\/index.php\/wp-json\/wp\/v2\/product_brand?post=725191"},{"taxonomy":"product_cat","embeddable":true,"href":"https:\/\/roveyayinevi.com.tr\/index.php\/wp-json\/wp\/v2\/product_cat?post=725191"},{"taxonomy":"product_tag","embeddable":true,"href":"https:\/\/roveyayinevi.com.tr\/index.php\/wp-json\/wp\/v2\/product_tag?post=725191"}],"curies":[{"name":"wp","href":"https:\/\/api.w.org\/{rel}","templated":true}]}}