{"id":725187,"date":"2025-08-27T19:46:01","date_gmt":"2025-08-27T16:46:01","guid":{"rendered":"https:\/\/roveyayinevi.com.tr\/index.php\/urun\/tarihten-ve-gunumuzden-klasik-muzik-yazilari-i\/"},"modified":"2026-04-16T02:32:53","modified_gmt":"2026-04-15T23:32:53","slug":"tarihten-ve-gunumuzden-klasik-muzik-yazilari-i","status":"publish","type":"product","link":"https:\/\/roveyayinevi.com.tr\/index.php\/urun\/tarihten-ve-gunumuzden-klasik-muzik-yazilari-i\/","title":{"rendered":"Tarihten Ve G\u00fcn\u00fcm\u00fczden Klasik M\u00fczik Yaz\u0131lar\u0131-I"},"content":{"rendered":"<p>Ya\u015fam\u0131n\u0131 Amerika\u2019n\u0131n Kaliforniya eyaletinde s\u00fcrd\u00fcren Prof. Dr. \u00d6mer E\u01e7ecio\u01e7lu, m\u00fczik tarihinin tozlu yapraklar\u0131 aras\u0131nda unutulmu\u015f birbirinden ilgin\u00e7 olaylar\u0131, ki\u015fileri ve gezip g\u00f6rd\u00fc\u011f\u00fc yerleri belgeler ve foto\u011fraflar \u0131\u015f\u0131\u011f\u0131nda m\u00fczikseverlerle\/ara\u015ft\u0131rmac\u0131larla payla\u015f\u0131yor. Bu payla\u015f\u0131mlar serinin II. ve III. ciltleriyle devam edecektir.I. Kitaptan Ba\u015fl\u0131klar:- 1958\u2019de bir desinat\u00f6r \u0130stanbullu m\u00fczikseverleri neden heyecanland\u0131rd\u0131?- Sistine \u015eapelinin y\u00f6netmeni Kastrat Mustafa kimdi?- Amazon orman\u0131n\u0131n ortas\u0131na operay\u0131 kim getirdi?- Beethoven ustas\u0131 Artur Schnabel\u2019in \u0130stanbul\u2019da \u00e7ald\u0131klar\u0131 unutuldu mu?- Portresi k\u00e2\u011f\u0131t paraya resim olacak sopranolar kimlerdi?- Kral\u0131n Beethoven\u2019a g\u00f6nderdi\u011fi hediye paketinden ne \u00e7\u0131kt\u0131?- Zaman\u0131n mek\u00e2na d\u00f6n\u00fc\u015ft\u00fc\u011f\u00fc opera \u0130stanbul\u2019da ilk ne zaman seslendirildi?- Hangi opera binas\u0131n\u0131n dam\u0131 y\u00fcr\u00fcmeye \u00e7ok elveri\u015fli?- Beethoven\u2019\u0131n T\u00fcrk d\u00f6vmeleri mi vard\u0131?<\/p>\n","protected":false},"excerpt":{"rendered":"<p>Ya\u015fam\u0131n\u0131 Amerika\u2019n\u0131n Kaliforniya eyaletinde s\u00fcrd\u00fcren Prof. Dr. \u00d6mer E\u01e7ecio\u01e7lu, m\u00fczik tarihinin tozlu yapraklar\u0131 aras\u0131nda unutulmu\u015f birbirinden ilgin\u00e7 olaylar\u0131, ki\u015fileri ve gezip g\u00f6rd\u00fc\u011f\u00fc yerleri belgeler ve foto\u011fraflar<span class=\"excerpt-hellip\"> [\u2026]<\/span><\/p>\n","protected":false},"featured_media":0,"template":"","meta":{"_monsterinsights_skip_tracking":false,"_monsterinsights_sitenote_active":false,"_monsterinsights_sitenote_note":"","_monsterinsights_sitenote_category":0},"product_brand":[],"product_cat":[14556,20810],"product_tag":[],"class_list":{"0":"post-725187","1":"product","2":"type-product","3":"status-publish","5":"product_cat-muzik","6":"product_cat-ogrenim-kitaplari","7":"pa_cilt-ciltsiz","8":"pa_tur-kitap","9":"pa_yayinevi-muzik-egitimi-yayinlari","10":"pa_yazar-omer-egecioglu","12":"first","13":"instock","14":"sale","15":"shipping-taxable","16":"purchasable","17":"product-type-simple"},"_links":{"self":[{"href":"https:\/\/roveyayinevi.com.tr\/index.php\/wp-json\/wp\/v2\/product\/725187","targetHints":{"allow":["GET"]}}],"collection":[{"href":"https:\/\/roveyayinevi.com.tr\/index.php\/wp-json\/wp\/v2\/product"}],"about":[{"href":"https:\/\/roveyayinevi.com.tr\/index.php\/wp-json\/wp\/v2\/types\/product"}],"wp:attachment":[{"href":"https:\/\/roveyayinevi.com.tr\/index.php\/wp-json\/wp\/v2\/media?parent=725187"}],"wp:term":[{"taxonomy":"product_brand","embeddable":true,"href":"https:\/\/roveyayinevi.com.tr\/index.php\/wp-json\/wp\/v2\/product_brand?post=725187"},{"taxonomy":"product_cat","embeddable":true,"href":"https:\/\/roveyayinevi.com.tr\/index.php\/wp-json\/wp\/v2\/product_cat?post=725187"},{"taxonomy":"product_tag","embeddable":true,"href":"https:\/\/roveyayinevi.com.tr\/index.php\/wp-json\/wp\/v2\/product_tag?post=725187"}],"curies":[{"name":"wp","href":"https:\/\/api.w.org\/{rel}","templated":true}]}}