{"id":725186,"date":"2025-08-27T19:46:00","date_gmt":"2025-08-27T16:46:00","guid":{"rendered":"https:\/\/roveyayinevi.com.tr\/index.php\/urun\/ay-isiginda-sanci\/"},"modified":"2026-04-16T02:32:53","modified_gmt":"2026-04-15T23:32:53","slug":"ay-isiginda-sanci","status":"publish","type":"product","link":"https:\/\/roveyayinevi.com.tr\/index.php\/urun\/ay-isiginda-sanci\/","title":{"rendered":"Ay I\u015f\u0131\u011f\u0131nda Sanc\u0131"},"content":{"rendered":"<p>E\u015fit par\u00e7alara b\u00f6l\u00fcnemeyen \u015feylerden s\u00f6z etmenin bir a\u011f\u0131rl\u0131\u011f\u0131 var. Giderek k\u0131r\u0131l\u0131yor takatimiz bu a\u011f\u0131rl\u0131\u011f\u0131n alt\u0131nda. Ya akl\u0131m\u0131z yetmiyor her \u015feyi anlamaya ya boyumuz yeti\u015fmiyor. Yola \u00e7\u0131kt\u0131\u011f\u0131m\u0131z o ilk yere ait de\u011filiz. Yolun bitece\u011fi de yok \u00fcstelik. Ya\u015famak, \u00fcstelik e\u015fit par\u00e7alara b\u00f6l\u00fcnemeyen \u015feyler i\u00e7in ya\u015famak \u00f6yle zor \u00f6yle sanc\u0131l\u0131 ki! Kad\u0131n ya da erkek, safi ger\u00e7ek ya da bir roman kahraman\u0131 olman\u0131n \u00f6nemi yok. \u00d6nemli olan a\u011f\u0131rl\u0131k. Yani ya\u015fam.Do\u011fan Ate\u015f, kurmacan\u0131n dilini \u015fiire yakla\u015ft\u0131rarak, yolu, eksik kalm\u0131\u015f hik\u00e2yeleri, tahakk\u00fcm\u00fc, zorbal\u0131\u011f\u0131 ve yazman\u0131n yak\u0131c\u0131l\u0131\u011f\u0131n\u0131 anlat\u0131yor Ay I\u015f\u0131\u011f\u0131nda Sanc\u0131\u2019da.\u201c\u2026gitmeliyiz, korkmadan, nereden geldi\u011fimizi asla ve asla unutmadan, Habil ve Kabil \u00e7at\u0131\u015fmas\u0131ndan, kesilen ilk ba\u015ftan, tufanlar\u0131n en b\u00fcy\u00fc\u011f\u00fcnden \u00fcrkmeden, g\u00f6rmeyen g\u00f6zlerin g\u00f6ren g\u00f6zleri olarak, duymayan kulaklar\u0131n duyan kulaklar\u0131 olarak, y\u00fcr\u00fcy\u00fc\u015f devam etmeli, gitmeliyiz, gitmeliyiz \u00e7\u00fcnk\u00fc bizim bir hik\u00e2yemiz var.<\/p>\n","protected":false},"excerpt":{"rendered":"<p>E\u015fit par\u00e7alara b\u00f6l\u00fcnemeyen \u015feylerden s\u00f6z etmenin bir a\u011f\u0131rl\u0131\u011f\u0131 var. Giderek k\u0131r\u0131l\u0131yor takatimiz bu a\u011f\u0131rl\u0131\u011f\u0131n alt\u0131nda. Ya akl\u0131m\u0131z yetmiyor her \u015feyi anlamaya ya boyumuz yeti\u015fmiyor. Yola \u00e7\u0131kt\u0131\u011f\u0131m\u0131z<span class=\"excerpt-hellip\"> [\u2026]<\/span><\/p>\n","protected":false},"featured_media":0,"template":"","meta":{"_monsterinsights_skip_tracking":false,"_monsterinsights_sitenote_active":false,"_monsterinsights_sitenote_note":"","_monsterinsights_sitenote_category":0},"product_brand":[],"product_cat":[12291,12711],"product_tag":[],"class_list":{"0":"post-725186","1":"product","2":"type-product","3":"status-publish","5":"product_cat-edebiyat","6":"product_cat-roman-oyku","7":"pa_cilt-ciltsiz","8":"pa_tur-kitap","9":"pa_yayinevi-ithaki-yayinlari","10":"pa_yazar-dogan-ates","12":"first","13":"instock","14":"sale","15":"shipping-taxable","16":"purchasable","17":"product-type-simple"},"_links":{"self":[{"href":"https:\/\/roveyayinevi.com.tr\/index.php\/wp-json\/wp\/v2\/product\/725186","targetHints":{"allow":["GET"]}}],"collection":[{"href":"https:\/\/roveyayinevi.com.tr\/index.php\/wp-json\/wp\/v2\/product"}],"about":[{"href":"https:\/\/roveyayinevi.com.tr\/index.php\/wp-json\/wp\/v2\/types\/product"}],"wp:attachment":[{"href":"https:\/\/roveyayinevi.com.tr\/index.php\/wp-json\/wp\/v2\/media?parent=725186"}],"wp:term":[{"taxonomy":"product_brand","embeddable":true,"href":"https:\/\/roveyayinevi.com.tr\/index.php\/wp-json\/wp\/v2\/product_brand?post=725186"},{"taxonomy":"product_cat","embeddable":true,"href":"https:\/\/roveyayinevi.com.tr\/index.php\/wp-json\/wp\/v2\/product_cat?post=725186"},{"taxonomy":"product_tag","embeddable":true,"href":"https:\/\/roveyayinevi.com.tr\/index.php\/wp-json\/wp\/v2\/product_tag?post=725186"}],"curies":[{"name":"wp","href":"https:\/\/api.w.org\/{rel}","templated":true}]}}