{"id":725184,"date":"2025-08-27T19:45:58","date_gmt":"2025-08-27T16:45:58","guid":{"rendered":"https:\/\/roveyayinevi.com.tr\/index.php\/urun\/ejderhanin-saati\/"},"modified":"2026-04-16T02:32:53","modified_gmt":"2026-04-15T23:32:53","slug":"ejderhanin-saati","status":"publish","type":"product","link":"https:\/\/roveyayinevi.com.tr\/index.php\/urun\/ejderhanin-saati\/","title":{"rendered":"Ejderhan\u0131n Saati"},"content":{"rendered":"<p>K\u0131sac\u0131k \u00f6mr\u00fcne y\u00fczlerce \u00f6yk\u00fc ile kocaman d\u00fcnyalar s\u0131\u011fd\u0131ran Robert E. Howard, fantastik edebiyat\u0131n ilk devlerinden biriydi. J.R.R. Tolkien\u2019le birlikte 20. y\u00fczy\u0131l fantastik edebiyat\u0131na y\u00f6n veren ba\u015fl\u0131ca isimlerden olan Howard, k\u0131l\u0131\u00e7 ve b\u00fcy\u00fc ad\u0131 verilen bir alt t\u00fcr\u00fcn do\u011fmas\u0131na da \u00f6nayak oldu. H.P. Lovecraft, Clark Ashton Smith gibi d\u00f6neminin \u00f6nde gelen korku yazarlar\u0131yla olan dostlu\u011fu, Howard\u2019\u0131 hem Cthulhu Mitosu\u2019na dahil edilecek \u00f6yk\u00fcler yazacak hem de kendi fantastik \u00f6yk\u00fclerini korku \u00f6\u011feleriyle s\u00fcsleyecek kadar etkiledi.Robert E. Howard\u2019\u0131n yazd\u0131\u011f\u0131 tek Conan roman\u0131 olan Ejderha\u2019n\u0131n Saati\u2019nde Conan art\u0131k Akilonya Kral\u0131 olarak tahta ge\u00e7mi\u015ftir. Fakat kom\u015fu \u00fclke Nemedya\u2019n\u0131n kral\u0131, kadim bir \u00f6l\u00fcmb\u00fcy\u00fcc\u00fcs\u00fcn\u00fc \u00f6l\u00fcm uykusundan uyand\u0131rd\u0131\u011f\u0131nda Conan o g\u00fcne kadar kar\u015f\u0131la\u015ft\u0131\u011f\u0131 en \u00f6l\u00fcmc\u00fcl rakibiyle y\u00fczle\u015fecek ve krall\u0131\u011f\u0131n\u0131 kaybedecektir. Herkesin \u00f6ld\u00fc\u011f\u00fcn\u00fc sand\u0131\u011f\u0131 Conan ise krall\u0131\u011f\u0131n\u0131 geri almak i\u00e7in tehlikelerle dolu bir yolculu\u011fa \u00e7\u0131kmak zorunda kalacakt\u0131r.\u201cKimse \u015fiddeti ve vah\u015feti ondan iyi k\u00e2\u011f\u0131da d\u00f6kemezdi; sava\u015f sahneleri, sava\u015f zamanlar\u0131nda olsa ona \u015fan getirecek bir askeri dehay\u0131 ortaya koyuyor.\u201d \u2013H. P. Lovecraft\u201cRobert E. Howard\u2019\u0131n kalemi \u00f6yle elektrik y\u00fckl\u00fc ki neredeyse k\u0131v\u0131lc\u0131m \u00e7\u0131karacak.\u201d \u2013Stephen King<\/p>\n","protected":false},"excerpt":{"rendered":"<p>K\u0131sac\u0131k \u00f6mr\u00fcne y\u00fczlerce \u00f6yk\u00fc ile kocaman d\u00fcnyalar s\u0131\u011fd\u0131ran Robert E. Howard, fantastik edebiyat\u0131n ilk devlerinden biriydi. J.R.R. Tolkien\u2019le birlikte 20. y\u00fczy\u0131l fantastik edebiyat\u0131na y\u00f6n veren ba\u015fl\u0131ca<span class=\"excerpt-hellip\"> [\u2026]<\/span><\/p>\n","protected":false},"featured_media":0,"template":"","meta":{"_monsterinsights_skip_tracking":false,"_monsterinsights_sitenote_active":false,"_monsterinsights_sitenote_note":"","_monsterinsights_sitenote_category":0},"product_brand":[],"product_cat":[12291,14777],"product_tag":[],"class_list":{"0":"post-725184","1":"product","2":"type-product","3":"status-publish","5":"product_cat-edebiyat","6":"product_cat-fantastik","7":"pa_cilt-ciltsiz","8":"pa_tur-kitap","9":"pa_yayinevi-ithaki-yayinlari","10":"pa_yazar-robert-e-howard","12":"first","13":"instock","14":"sale","15":"shipping-taxable","16":"purchasable","17":"product-type-simple"},"_links":{"self":[{"href":"https:\/\/roveyayinevi.com.tr\/index.php\/wp-json\/wp\/v2\/product\/725184","targetHints":{"allow":["GET"]}}],"collection":[{"href":"https:\/\/roveyayinevi.com.tr\/index.php\/wp-json\/wp\/v2\/product"}],"about":[{"href":"https:\/\/roveyayinevi.com.tr\/index.php\/wp-json\/wp\/v2\/types\/product"}],"wp:attachment":[{"href":"https:\/\/roveyayinevi.com.tr\/index.php\/wp-json\/wp\/v2\/media?parent=725184"}],"wp:term":[{"taxonomy":"product_brand","embeddable":true,"href":"https:\/\/roveyayinevi.com.tr\/index.php\/wp-json\/wp\/v2\/product_brand?post=725184"},{"taxonomy":"product_cat","embeddable":true,"href":"https:\/\/roveyayinevi.com.tr\/index.php\/wp-json\/wp\/v2\/product_cat?post=725184"},{"taxonomy":"product_tag","embeddable":true,"href":"https:\/\/roveyayinevi.com.tr\/index.php\/wp-json\/wp\/v2\/product_tag?post=725184"}],"curies":[{"name":"wp","href":"https:\/\/api.w.org\/{rel}","templated":true}]}}