{"id":725182,"date":"2025-08-27T19:45:56","date_gmt":"2025-08-27T16:45:56","guid":{"rendered":"https:\/\/roveyayinevi.com.tr\/index.php\/urun\/lanetli-2\/"},"modified":"2026-04-16T02:32:53","modified_gmt":"2026-04-15T23:32:53","slug":"lanetli-2","status":"publish","type":"product","link":"https:\/\/roveyayinevi.com.tr\/index.php\/urun\/lanetli-2\/","title":{"rendered":"Lanetli"},"content":{"rendered":"<p>Nimue kendi halk\u0131 taraf\u0131ndan d\u0131\u015flanm\u0131\u015ft\u0131. Kara b\u00fcy\u00fcyle olan ba\u011flant\u0131s\u0131 y\u00fcz\u00fcnden Druid k\u00f6y\u00fcnde ondan korkulur hale gelinmi\u015fti, bu y\u00fczden ayr\u0131lmaktan ba\u015fka se\u00e7ene\u011fi yoktu\u2026Ama kader, t\u00fcm k\u00f6y\u00fcn K\u0131z\u0131l Paladinler taraf\u0131ndan katledilmesinden sonra Nimue\u2019nin \u00f6n\u00fcne yepyeni bir yol \u00e7\u0131kard\u0131. Annesi \u00f6lmeden \u00f6nce ona son bir g\u00f6rev vermi\u015fti, ad\u0131 sadece efsanelerde an\u0131lan G\u00fc\u00e7 K\u0131l\u0131c\u0131\u2019n\u0131 bir b\u00fcy\u00fcc\u00fcye, Merlin\u2019e g\u00f6t\u00fcrmesi gerekiyordu. Halk\u0131n\u0131 kurtarmak i\u00e7in tek \u015fans\u0131 buydu. Bu zorlu g\u00f6rev intikam almas\u0131n\u0131 her ne kadar zorla\u015ft\u0131r\u0131yor olsa da i\u00e7inde uyanan g\u00fc\u00e7, intikamdan ba\u015fka bir \u015fey istemiyordu.Nimue etkileyici paral\u0131 asker Arthur ve g\u00f6\u00e7men Fey Ahalisi ile at\u0131ld\u0131\u011f\u0131 macerada, tek ger\u00e7ek krala vadedilmi\u015f k\u0131l\u0131c\u0131yla hem paladinlerle hem de yozla\u015fm\u0131\u015f kral\u0131n ordular\u0131yla sava\u015fmak zorundayd\u0131. Halk\u0131n\u0131 bir araya getirmek ve ailesinin intikam\u0131n\u0131 almak isterken kendisi hakk\u0131ndaki ger\u00e7ekleri de ad\u0131m ad\u0131m ke\u015ffedecekti.Ama belki de kaderi de\u011fi\u015ftirebilecek tek \u015fey, bir k\u0131l\u0131c\u0131n ucundayd\u0131.Thomas Wheeler ile 300, G\u00fcnah \u015eehri, Batman: Kara \u015e\u00f6valye D\u00f6n\u00fcyor gibi efsanevi \u00e7izgi romanlar\u0131n alt\u0131na imza atan Frank Miller\u2019\u0131n yaratt\u0131\u011f\u0131 Lanetli\u2019de, G\u00f6l\u00fcn Han\u0131m\u0131 miti Kral Arthur efsanesi i\u00e7inde hak etti\u011fi de\u011feri buluyor. Arthur efsanesinin g\u00fcncel bir yorumu olan romana Miller\u2019\u0131n \u00e7izdi\u011fi onlarca siyah beyaz ve renkli \u00e7izim de e\u015flik ediyor.<\/p>\n","protected":false},"excerpt":{"rendered":"<p>Nimue kendi halk\u0131 taraf\u0131ndan d\u0131\u015flanm\u0131\u015ft\u0131. Kara b\u00fcy\u00fcyle olan ba\u011flant\u0131s\u0131 y\u00fcz\u00fcnden Druid k\u00f6y\u00fcnde ondan korkulur hale gelinmi\u015fti, bu y\u00fczden ayr\u0131lmaktan ba\u015fka se\u00e7ene\u011fi yoktu\u2026Ama kader, t\u00fcm k\u00f6y\u00fcn K\u0131z\u0131l<span class=\"excerpt-hellip\"> [\u2026]<\/span><\/p>\n","protected":false},"featured_media":0,"template":"","meta":{"_monsterinsights_skip_tracking":false,"_monsterinsights_sitenote_active":false,"_monsterinsights_sitenote_note":"","_monsterinsights_sitenote_category":0},"product_brand":[],"product_cat":[12291,14777],"product_tag":[],"class_list":{"0":"post-725182","1":"product","2":"type-product","3":"status-publish","5":"product_cat-edebiyat","6":"product_cat-fantastik","7":"pa_cilt-ciltsiz","8":"pa_tur-kitap","9":"pa_yayinevi-ithaki-yayinlari","10":"pa_yazar-thomas-wheeler-frank-miller","12":"first","13":"instock","14":"sale","15":"shipping-taxable","16":"purchasable","17":"product-type-simple"},"_links":{"self":[{"href":"https:\/\/roveyayinevi.com.tr\/index.php\/wp-json\/wp\/v2\/product\/725182","targetHints":{"allow":["GET"]}}],"collection":[{"href":"https:\/\/roveyayinevi.com.tr\/index.php\/wp-json\/wp\/v2\/product"}],"about":[{"href":"https:\/\/roveyayinevi.com.tr\/index.php\/wp-json\/wp\/v2\/types\/product"}],"wp:attachment":[{"href":"https:\/\/roveyayinevi.com.tr\/index.php\/wp-json\/wp\/v2\/media?parent=725182"}],"wp:term":[{"taxonomy":"product_brand","embeddable":true,"href":"https:\/\/roveyayinevi.com.tr\/index.php\/wp-json\/wp\/v2\/product_brand?post=725182"},{"taxonomy":"product_cat","embeddable":true,"href":"https:\/\/roveyayinevi.com.tr\/index.php\/wp-json\/wp\/v2\/product_cat?post=725182"},{"taxonomy":"product_tag","embeddable":true,"href":"https:\/\/roveyayinevi.com.tr\/index.php\/wp-json\/wp\/v2\/product_tag?post=725182"}],"curies":[{"name":"wp","href":"https:\/\/api.w.org\/{rel}","templated":true}]}}