{"id":725181,"date":"2025-08-27T19:45:55","date_gmt":"2025-08-27T16:45:55","guid":{"rendered":"https:\/\/roveyayinevi.com.tr\/index.php\/urun\/bizans-karsisinda-turkler\/"},"modified":"2026-04-16T02:32:53","modified_gmt":"2026-04-15T23:32:53","slug":"bizans-karsisinda-turkler","status":"publish","type":"product","link":"https:\/\/roveyayinevi.com.tr\/index.php\/urun\/bizans-karsisinda-turkler\/","title":{"rendered":"Bizans Kar\u015f\u0131s\u0131nda T\u00fcrkler"},"content":{"rendered":"<p>Osmanl\u0131\u2019n\u0131n son ve Cumhuriyet\u2019in ilk d\u00f6nemlerinde \u00e7e\u015fitli ar\u015fiv kaynaklar\u0131, kronikler ve yerli yabanc\u0131 bir\u00e7ok tarih\u00e7inin kitaplar\u0131ndan beslenerek yazd\u0131\u011f\u0131 kitaplarla \u201cTarihi Sevdiren Adam\u201d olarak me\u015fhur olan Ahmet Refik Alt\u0131nay\u2019\u0131n kitaplar\u0131 Tima\u015f okurlar\u0131yla bulu\u015fmaya devam ediyor. Sadele\u015ftirilmi\u015f ak\u0131c\u0131 bir \u00fcslupla haz\u0131rlanan serinin \u00fc\u00e7\u00fcnc\u00fc kitab\u0131 Bizans Kar\u015f\u0131s\u0131nda T\u00fcrkler\u2019de, Osmanl\u0131 Devleti&#8217;nin kurulu\u015f d\u00f6neminde Bizans \u0130mparatorlu\u011fu&#8217;nun i\u00e7erisinde bulundu\u011fu durumu, Balkanlar\u0131, Anadolu&#8217;yu, Anadolu T\u00fcrk Beyliklerini, bunlar\u0131n birbirleriyle ve Bizans ile ili\u015fkilerini okuyucular\u0131na aktaran Ahmet Refik, Bizans entrikalar\u0131na kar\u015f\u0131 Osmanl\u0131 T\u00fcrklerinin verdi\u011fi nefes kesici m\u00fccadeleyi g\u00f6zler \u00f6n\u00fcne seriyor. Osmanl\u0131 Devleti&#8217;nin kurulu\u015fundan \u0130stanbul&#8217;un fethine kadar ge\u00e7en s\u00fcreci T\u00fcrkiye&#8217;de pop\u00fcler tarihin kurucu babas\u0131ndan okumak farkl\u0131 bir deneyim olacakt\u0131r.Bizans entrikalar\u0131na kar\u015f\u0131; Ertu\u011frul Gazi\u2019den Osman Bey\u2019e, Orhan Bey\u2019den S\u00fcleyman Pa\u015fa\u2019ya, Ak\u00e7a Koca\u2019dan Konur Alp\u2019e, Murat H\u00fcdavendigar\u2019dan Y\u0131ld\u0131r\u0131m Beyaz\u0131t\u2019a, II. Murat\u2019tan Fatih Sultan Mehmet\u2019e S\u00f6\u011f\u00fct\u2019te filizlenen \u00e7\u0131nar\u0131n dallar\u0131n\u0131 d\u00fcnyaya uzatmak i\u00e7in m\u00fccadele eden pek \u00e7ok Osmanl\u0131 yi\u011fidi bu kitapta bir zafer ge\u00e7idinde\u2026<\/p>\n","protected":false},"excerpt":{"rendered":"<p>Osmanl\u0131\u2019n\u0131n son ve Cumhuriyet\u2019in ilk d\u00f6nemlerinde \u00e7e\u015fitli ar\u015fiv kaynaklar\u0131, kronikler ve yerli yabanc\u0131 bir\u00e7ok tarih\u00e7inin kitaplar\u0131ndan beslenerek yazd\u0131\u011f\u0131 kitaplarla \u201cTarihi Sevdiren Adam\u201d olarak me\u015fhur olan Ahmet<span class=\"excerpt-hellip\"> [\u2026]<\/span><\/p>\n","protected":false},"featured_media":0,"template":"","meta":{"_monsterinsights_skip_tracking":false,"_monsterinsights_sitenote_active":false,"_monsterinsights_sitenote_note":"","_monsterinsights_sitenote_category":0},"product_brand":[],"product_cat":[12312,12304],"product_tag":[],"class_list":{"0":"post-725181","1":"product","2":"type-product","3":"status-publish","5":"product_cat-diger","6":"product_cat-tarih","7":"pa_cilt-ciltsiz","8":"pa_tur-kitap","9":"pa_yayinevi-timas-yayinlari","10":"pa_yazar-ahmed-refik","12":"first","13":"instock","14":"sale","15":"shipping-taxable","16":"purchasable","17":"product-type-simple"},"_links":{"self":[{"href":"https:\/\/roveyayinevi.com.tr\/index.php\/wp-json\/wp\/v2\/product\/725181","targetHints":{"allow":["GET"]}}],"collection":[{"href":"https:\/\/roveyayinevi.com.tr\/index.php\/wp-json\/wp\/v2\/product"}],"about":[{"href":"https:\/\/roveyayinevi.com.tr\/index.php\/wp-json\/wp\/v2\/types\/product"}],"wp:attachment":[{"href":"https:\/\/roveyayinevi.com.tr\/index.php\/wp-json\/wp\/v2\/media?parent=725181"}],"wp:term":[{"taxonomy":"product_brand","embeddable":true,"href":"https:\/\/roveyayinevi.com.tr\/index.php\/wp-json\/wp\/v2\/product_brand?post=725181"},{"taxonomy":"product_cat","embeddable":true,"href":"https:\/\/roveyayinevi.com.tr\/index.php\/wp-json\/wp\/v2\/product_cat?post=725181"},{"taxonomy":"product_tag","embeddable":true,"href":"https:\/\/roveyayinevi.com.tr\/index.php\/wp-json\/wp\/v2\/product_tag?post=725181"}],"curies":[{"name":"wp","href":"https:\/\/api.w.org\/{rel}","templated":true}]}}