{"id":725178,"date":"2025-08-27T19:45:53","date_gmt":"2025-08-27T16:45:53","guid":{"rendered":"https:\/\/roveyayinevi.com.tr\/index.php\/urun\/baska-bir-gezegen-yok\/"},"modified":"2026-04-16T02:32:53","modified_gmt":"2026-04-15T23:32:53","slug":"baska-bir-gezegen-yok","status":"publish","type":"product","link":"https:\/\/roveyayinevi.com.tr\/index.php\/urun\/baska-bir-gezegen-yok\/","title":{"rendered":"Ba\u015fka Bir Gezegen Yok"},"content":{"rendered":"<p>Daha \u00f6nce hi\u00e7 \u00e7\u00f6p kovan\u0131 kar\u0131\u015ft\u0131rd\u0131n m\u0131? \u0130\u00e7inde neler var?Sence \u00e7\u00f6pteki kavanozun ger\u00e7ekten \u00e7\u00f6p m\u00fc, yoksa onu bir kalemli\u011fe d\u00f6n\u00fc\u015ft\u00fcrebilir misin?At\u0131k, geri d\u00f6n\u00fc\u015f\u00fcm, kompost, iklim de\u011fi\u015fikli\u011fi, mevsimsel beslenme, ileri d\u00f6n\u00fc\u015f\u00fcm&#8230; T\u00fcm bu kelimeler ne anlama geliyor? E\u011fer sen de 2050 y\u0131l\u0131nda okyanuslar\u0131m\u0131zda bal\u0131ktan \u00e7ok plastik olmas\u0131n\u0131 istemiyorsan gel, bu kelimelerin anlamlar\u0131n\u0131 birlikte \u00f6\u011frenelim.  Gereksiz t\u00fcketimi reddetmeye, azaltmaya, elimizdekileri yeniden kullanmaya, geri d\u00f6n\u00fc\u015ft\u00fcrmeye dair yollarla biricik gezegenimizi korumak i\u00e7in ne yapmam\u0131z gerekiyor, elele verip ke\u015ffedelim. \u00c7\u00fcnk\u00fc ya\u015fayabilece\u011fimizBA\u015eKA B\u0130R GEZEGEN YOK!<\/p>\n","protected":false},"excerpt":{"rendered":"<p>Daha \u00f6nce hi\u00e7 \u00e7\u00f6p kovan\u0131 kar\u0131\u015ft\u0131rd\u0131n m\u0131? \u0130\u00e7inde neler var?Sence \u00e7\u00f6pteki kavanozun ger\u00e7ekten \u00e7\u00f6p m\u00fc, yoksa onu bir kalemli\u011fe d\u00f6n\u00fc\u015ft\u00fcrebilir misin?At\u0131k, geri d\u00f6n\u00fc\u015f\u00fcm, kompost, iklim de\u011fi\u015fikli\u011fi,<span class=\"excerpt-hellip\"> [\u2026]<\/span><\/p>\n","protected":false},"featured_media":0,"template":"","meta":{"_monsterinsights_skip_tracking":false,"_monsterinsights_sitenote_active":false,"_monsterinsights_sitenote_note":"","_monsterinsights_sitenote_category":0},"product_brand":[],"product_cat":[28265,15563],"product_tag":[],"class_list":{"0":"post-725178","1":"product","2":"type-product","3":"status-publish","5":"product_cat-diger-hobi","6":"product_cat-hobi","7":"pa_cilt-ciltsiz","8":"pa_tur-kitap","9":"pa_yayinevi-timas-yayinlari","10":"pa_yazar-nil-ormanli-balpinar","12":"first","13":"instock","14":"sale","15":"shipping-taxable","16":"purchasable","17":"product-type-simple"},"_links":{"self":[{"href":"https:\/\/roveyayinevi.com.tr\/index.php\/wp-json\/wp\/v2\/product\/725178","targetHints":{"allow":["GET"]}}],"collection":[{"href":"https:\/\/roveyayinevi.com.tr\/index.php\/wp-json\/wp\/v2\/product"}],"about":[{"href":"https:\/\/roveyayinevi.com.tr\/index.php\/wp-json\/wp\/v2\/types\/product"}],"wp:attachment":[{"href":"https:\/\/roveyayinevi.com.tr\/index.php\/wp-json\/wp\/v2\/media?parent=725178"}],"wp:term":[{"taxonomy":"product_brand","embeddable":true,"href":"https:\/\/roveyayinevi.com.tr\/index.php\/wp-json\/wp\/v2\/product_brand?post=725178"},{"taxonomy":"product_cat","embeddable":true,"href":"https:\/\/roveyayinevi.com.tr\/index.php\/wp-json\/wp\/v2\/product_cat?post=725178"},{"taxonomy":"product_tag","embeddable":true,"href":"https:\/\/roveyayinevi.com.tr\/index.php\/wp-json\/wp\/v2\/product_tag?post=725178"}],"curies":[{"name":"wp","href":"https:\/\/api.w.org\/{rel}","templated":true}]}}