{"id":725177,"date":"2025-08-27T19:45:52","date_gmt":"2025-08-27T16:45:52","guid":{"rendered":"https:\/\/roveyayinevi.com.tr\/index.php\/urun\/reform-serisi-ticaret-hukuku-iii-kiymetli-evrak-hukuku\/"},"modified":"2026-04-16T02:32:53","modified_gmt":"2026-04-15T23:32:53","slug":"reform-serisi-ticaret-hukuku-iii-kiymetli-evrak-hukuku","status":"publish","type":"product","link":"https:\/\/roveyayinevi.com.tr\/index.php\/urun\/reform-serisi-ticaret-hukuku-iii-kiymetli-evrak-hukuku\/","title":{"rendered":"Reform Serisi Ticaret Hukuku &#8211; III (K\u0131ymetli Evrak Hukuku)"},"content":{"rendered":"<p>\u0130\u00e7indekiler B\u0130R\u0130NC\u0130 B\u00d6L\u00dcM1.K\u0131ymetli Evrak\u0131n Tan\u0131m\u0131 Ve Unsurlar\u0131, Adi Senetten Farklar\u0131 \u0130K\u0130NC\u0130 B\u00d6L\u00dcM2.K\u0131ymetli Evrak\u0131n S\u0131n\u0131fland\u0131r\u0131lmas\u0131 \u00dc\u00c7\u00dcNC\u00dc B\u00d6L\u00dcM3.K\u0131ymetli Evrakta Defiler Ve K\u0131ymetli Evrak\u0131n \u0130ptali D\u00d6RD\u00dcNC\u00dc B\u00d6L\u00dcM4.Kambiyo Senetleri BE\u015e\u0130NC\u0130 B\u00d6L\u00dcM5.Poli\u00e7e ; \u015eekil \u015eartlar\u0131, A\u00e7\u0131k Poli\u00e7e, \u0130mzalar\u0131n Ba\u011f\u0131ms\u0131zl\u0131\u011f\u0131 ALTINCI B\u00d6L\u00dcM6.Poli\u00e7ede Kabul Ve \u00d6deme YED\u0130NC\u0130 B\u00d6L\u00dcM7.Poli\u00e7enin Devri Ve Aval SEK\u0130Z\u0130NC\u0130 B\u00d6L\u00dcM8.Poli\u00e7enin Kabul Edilmemesi Ve \u00d6denmemesi DOKUZUNCU B\u00d6L\u00dcM9.Bono(Emre Yaz\u0131l\u0131 Senet) ONUNCU B\u00d6L\u00dcM10.\u00c7ek ; Poli\u00e7e Ve Bonodan Ba\u015fl\u0131ca Farklar\u0131, Unsurlar\u0131 ONB\u0130R\u0130NC\u0130 B\u00d6L\u00dcM11.\u00c7eke Konulmas\u0131 Yasak Olan Kay\u0131tlar,Devir Ve Tedav\u00fcl ON\u0130K\u0130NC\u0130 B\u00d6L\u00dcM12.\u00c7ekte \u0130braz S\u00fcreleri Ve \u00c7ekin \u00d6denmesi ON\u00dc\u00c7\u00dcNC\u00dc B\u00d6L\u00dcM13.\u00c7ekin \u00d6denmemesi, Ba\u015fvurma Hakk\u0131, Kar\u015f\u0131l\u0131ks\u0131z \u00c7ek OND\u00d6RD\u00dcNC\u00dc B\u00d6L\u00dcM14.Emtia Senetleri<\/p>\n","protected":false},"excerpt":{"rendered":"<p>\u0130\u00e7indekiler B\u0130R\u0130NC\u0130 B\u00d6L\u00dcM1.K\u0131ymetli Evrak\u0131n Tan\u0131m\u0131 Ve Unsurlar\u0131, Adi Senetten Farklar\u0131 \u0130K\u0130NC\u0130 B\u00d6L\u00dcM2.K\u0131ymetli Evrak\u0131n S\u0131n\u0131fland\u0131r\u0131lmas\u0131 \u00dc\u00c7\u00dcNC\u00dc B\u00d6L\u00dcM3.K\u0131ymetli Evrakta Defiler Ve K\u0131ymetli Evrak\u0131n \u0130ptali D\u00d6RD\u00dcNC\u00dc B\u00d6L\u00dcM4.Kambiyo Senetleri BE\u015e\u0130NC\u0130<span class=\"excerpt-hellip\"> [\u2026]<\/span><\/p>\n","protected":false},"featured_media":0,"template":"","meta":{"_monsterinsights_skip_tracking":false,"_monsterinsights_sitenote_active":false,"_monsterinsights_sitenote_note":"","_monsterinsights_sitenote_category":0},"product_brand":[],"product_cat":[15351,15350],"product_tag":[],"class_list":{"0":"post-725177","1":"product","2":"type-product","3":"status-publish","5":"product_cat-ders-kitaplari","6":"product_cat-hukuk","7":"pa_cilt-ciltsiz","8":"pa_tur-kitap","9":"pa_yayinevi-gazi-kitabevi-sinav-kitaplari","10":"pa_yazar-kolektif","12":"first","13":"instock","14":"sale","15":"shipping-taxable","16":"purchasable","17":"product-type-simple"},"_links":{"self":[{"href":"https:\/\/roveyayinevi.com.tr\/index.php\/wp-json\/wp\/v2\/product\/725177","targetHints":{"allow":["GET"]}}],"collection":[{"href":"https:\/\/roveyayinevi.com.tr\/index.php\/wp-json\/wp\/v2\/product"}],"about":[{"href":"https:\/\/roveyayinevi.com.tr\/index.php\/wp-json\/wp\/v2\/types\/product"}],"wp:attachment":[{"href":"https:\/\/roveyayinevi.com.tr\/index.php\/wp-json\/wp\/v2\/media?parent=725177"}],"wp:term":[{"taxonomy":"product_brand","embeddable":true,"href":"https:\/\/roveyayinevi.com.tr\/index.php\/wp-json\/wp\/v2\/product_brand?post=725177"},{"taxonomy":"product_cat","embeddable":true,"href":"https:\/\/roveyayinevi.com.tr\/index.php\/wp-json\/wp\/v2\/product_cat?post=725177"},{"taxonomy":"product_tag","embeddable":true,"href":"https:\/\/roveyayinevi.com.tr\/index.php\/wp-json\/wp\/v2\/product_tag?post=725177"}],"curies":[{"name":"wp","href":"https:\/\/api.w.org\/{rel}","templated":true}]}}