{"id":725176,"date":"2025-08-27T19:45:51","date_gmt":"2025-08-27T16:45:51","guid":{"rendered":"https:\/\/roveyayinevi.com.tr\/index.php\/urun\/reform-serisi-ceza-hukuku-i-genel-hukumler\/"},"modified":"2026-04-16T02:32:53","modified_gmt":"2026-04-15T23:32:53","slug":"reform-serisi-ceza-hukuku-i-genel-hukumler","status":"publish","type":"product","link":"https:\/\/roveyayinevi.com.tr\/index.php\/urun\/reform-serisi-ceza-hukuku-i-genel-hukumler\/","title":{"rendered":"Reform Serisi Ceza Hukuku &#8211; I (Genel H\u00fck\u00fcmler)"},"content":{"rendered":"<p>\u0130\u00e7indekiler  B\u0130R\u0130NC\u0130 B\u00d6L\u00dcM Birinci K\u0131s\u0131mI.Ceza Hukukunun Tan\u0131m\u0131II.Ceza Hukukunun Kaynaklar\u0131 Ve YorumIII.T\u00fcrk Ceza Kanunu \u0130le Di\u011fer Ceza Kanunlar\u0131 Aras\u0131ndaki \u0130li\u015fkiIV.Ceza Hukukuna Hakim Temel \u0130lkelerV.Ceza Kanunlar\u0131n\u0131 Bilmeme Veya Bunlar\u0131n Yanl\u0131\u015f Yorumu \u0130kinci K\u0131s\u0131m \u2013 Ceza Hukukunun Uygulama Alan\u0131A.Ceza Hukukunun Yer Bak\u0131m\u0131ndan Uygulanmas\u0131B.Su\u00e7lular\u0131n Geri VerilmesiC.Ceza Hukuku Kurallar\u0131n\u0131n Zaman Bak\u0131m\u0131ndan Uygulanmas\u0131D.Ceza Hukukunun Ki\u015fi Bak\u0131m\u0131ndan Uygulanmas\u0131  \u0130K\u0130NC\u0130 B\u00d6L\u00dcM \u2013 Su\u00e7 TeorisiI.Su\u00e7 Olu\u015fturan\/Olu\u015fturmayan EylemlerII.Su\u00e7un Unsurlar\u0131III.Hukuka Uygunluk Nedenleri  \u00dc\u00c7\u00dcNC\u00dc B\u00d6L\u00dcM  Kusurlulu\u011fu Etkileyen Haller  D\u00d6RD\u00dcNC\u00dc B\u00d6L\u00dcM \u2013 Su\u00e7un \u00d6zel G\u00f6r\u00fcn\u00fc\u015f \u015eekilleriA.Te\u015febb\u00fcsB.Su\u00e7a \u0130\u015ftirakC.Su\u00e7lar\u0131n \u0130\u00e7tima\u0131D.Hedefte Sapma  BE\u015e\u0130NC\u0130 B\u00d6L\u00dcM \u2013 Su\u00e7lular\u0131n Yapt\u0131r\u0131m\u0131  Birinci K\u0131s\u0131mI.Ceza Ve G\u00fcvenlik Tedbiri \u0130kinci K\u0131s\u0131mK\u0131sa S\u00fcreli Hapis Cezas\u0131n\u0131n Se\u00e7enek Yapt\u0131r\u0131mlardan Birine \u00c7evrilmesi \u00dc\u00e7\u00fcnc\u00fc K\u0131s\u0131mI.Hapis Cezas\u0131n\u0131n ErtelenmesiII.Ko\u015fullu Sal\u0131verilmeIII.Adli Para Cezas\u0131IV.G\u00fcvenlik TedbirleriV.Su\u00e7ta Tekerr\u00fcr Ve M\u00fckerrirlere \u00d6zg\u00fc G\u00fcvenlik Tedbirleri  ALTINCI B\u00d6L\u00dcMCezan\u0131n Belirlenmesi Ve Bireyselle\u015ftirilmesi  YED\u0130NC\u0130 B\u00d6L\u00dcM-Davan\u0131n Ve Cezan\u0131n D\u00fc\u015fmesi<\/p>\n","protected":false},"excerpt":{"rendered":"<p>\u0130\u00e7indekiler B\u0130R\u0130NC\u0130 B\u00d6L\u00dcM Birinci K\u0131s\u0131mI.Ceza Hukukunun Tan\u0131m\u0131II.Ceza Hukukunun Kaynaklar\u0131 Ve YorumIII.T\u00fcrk Ceza Kanunu \u0130le Di\u011fer Ceza Kanunlar\u0131 Aras\u0131ndaki \u0130li\u015fkiIV.Ceza Hukukuna Hakim Temel \u0130lkelerV.Ceza Kanunlar\u0131n\u0131 Bilmeme Veya<span class=\"excerpt-hellip\"> [\u2026]<\/span><\/p>\n","protected":false},"featured_media":0,"template":"","meta":{"_monsterinsights_skip_tracking":false,"_monsterinsights_sitenote_active":false,"_monsterinsights_sitenote_note":"","_monsterinsights_sitenote_category":0},"product_brand":[],"product_cat":[15351,15350],"product_tag":[],"class_list":{"0":"post-725176","1":"product","2":"type-product","3":"status-publish","5":"product_cat-ders-kitaplari","6":"product_cat-hukuk","7":"pa_cilt-ciltsiz","8":"pa_tur-kitap","9":"pa_yayinevi-gazi-kitabevi-sinav-kitaplari","10":"pa_yazar-kolektif","12":"first","13":"instock","14":"sale","15":"shipping-taxable","16":"purchasable","17":"product-type-simple"},"_links":{"self":[{"href":"https:\/\/roveyayinevi.com.tr\/index.php\/wp-json\/wp\/v2\/product\/725176","targetHints":{"allow":["GET"]}}],"collection":[{"href":"https:\/\/roveyayinevi.com.tr\/index.php\/wp-json\/wp\/v2\/product"}],"about":[{"href":"https:\/\/roveyayinevi.com.tr\/index.php\/wp-json\/wp\/v2\/types\/product"}],"wp:attachment":[{"href":"https:\/\/roveyayinevi.com.tr\/index.php\/wp-json\/wp\/v2\/media?parent=725176"}],"wp:term":[{"taxonomy":"product_brand","embeddable":true,"href":"https:\/\/roveyayinevi.com.tr\/index.php\/wp-json\/wp\/v2\/product_brand?post=725176"},{"taxonomy":"product_cat","embeddable":true,"href":"https:\/\/roveyayinevi.com.tr\/index.php\/wp-json\/wp\/v2\/product_cat?post=725176"},{"taxonomy":"product_tag","embeddable":true,"href":"https:\/\/roveyayinevi.com.tr\/index.php\/wp-json\/wp\/v2\/product_tag?post=725176"}],"curies":[{"name":"wp","href":"https:\/\/api.w.org\/{rel}","templated":true}]}}