{"id":725170,"date":"2025-08-27T19:45:46","date_gmt":"2025-08-27T16:45:46","guid":{"rendered":"https:\/\/roveyayinevi.com.tr\/index.php\/urun\/harap-mabetler\/"},"modified":"2026-04-16T02:32:53","modified_gmt":"2026-04-15T23:32:53","slug":"harap-mabetler","status":"publish","type":"product","link":"https:\/\/roveyayinevi.com.tr\/index.php\/urun\/harap-mabetler\/","title":{"rendered":"Harap Mabetler"},"content":{"rendered":"<p>\u201cBize darg\u0131n m\u0131s\u0131n ey ana topra\u011f\u0131? Seni \u00e7i\u011fneyip ge\u00e7en ayaklar\u0131n, seni yaralay\u0131p, t\u0131rnaklay\u0131p telvis eden haydut ellerin, senin kemiklerini kemiren hainlerin seyyiat\u0131n\u0131 bu mert, bu big\u00fcnah nesilden sorma! Ey, mavi dalgalar i\u00e7inde uyuyan ana topra\u011f\u0131! Cibalinin nazl\u0131 hututu, mor g\u00f6lgeleri, afak\u0131n r\u00fcyams\u0131, t\u00fcl\u00fcms\u00fc sisleri, seman\u0131n pembe, inci seherleri, bulutlar\u0131n\u0131n dilber, nazenin renk y\u0131\u011f\u0131nlar\u0131yla bizi yetim b\u0131rak\u0131p hangi yabanc\u0131 arzulara do\u011fru kay\u0131yorsun?\u201d\u201cNe diyordu? Ben bunu anlamaya bile l\u00fczum g\u00f6rm\u00fcyordum. Kendimi o sesin deruni ahengine b\u0131rakmakla yetiniyordum. Zaten benim i\u00e7in, nesirde olsun naz\u0131mda olsun her \u015fey bu deruni ahenkten ibaret de\u011fil miydi? Harap Mabetler yazar\u0131, bu harap mabetlerin kendi \u00e7ocukluk mabedimiz oldu\u011funu anlatadursun, ben buna o kadar \u00f6nem vermiyordum. (&#8230;) Bu nesir par\u00e7alar\u0131yla T\u00fcrk diline yaln\u0131z tatl\u0131 bir serinlik gelmiyor; T\u00fcrk edebiyat\u0131nda yeni bir iklim, yeni bir hayal iklimi a\u00e7\u0131lm\u0131\u015f oluyordu.\u201dYakup Kadri Karaosmano\u011fluKaleme ald\u0131\u011f\u0131 her metinle yeniden tart\u0131\u015f\u0131lan Halide Edib\u2019in b\u00fct\u00fcn eserleri, g\u00f6zden ge\u00e7irilmi\u015f bask\u0131lar\u0131yla Can Yay\u0131nlar\u0131\u2019nda.<\/p>\n","protected":false},"excerpt":{"rendered":"<p>\u201cBize darg\u0131n m\u0131s\u0131n ey ana topra\u011f\u0131? Seni \u00e7i\u011fneyip ge\u00e7en ayaklar\u0131n, seni yaralay\u0131p, t\u0131rnaklay\u0131p telvis eden haydut ellerin, senin kemiklerini kemiren hainlerin seyyiat\u0131n\u0131 bu mert, bu big\u00fcnah<span class=\"excerpt-hellip\"> [\u2026]<\/span><\/p>\n","protected":false},"featured_media":0,"template":"","meta":{"_monsterinsights_skip_tracking":false,"_monsterinsights_sitenote_active":false,"_monsterinsights_sitenote_note":"","_monsterinsights_sitenote_category":0},"product_brand":[],"product_cat":[12291,12711],"product_tag":[],"class_list":{"0":"post-725170","1":"product","2":"type-product","3":"status-publish","5":"product_cat-edebiyat","6":"product_cat-roman-oyku","7":"pa_cilt-ciltsiz","8":"pa_tur-kitap","9":"pa_yayinevi-can-yayinlari","10":"pa_yazar-halide-edip-adivar","12":"first","13":"instock","14":"sale","15":"shipping-taxable","16":"purchasable","17":"product-type-simple"},"_links":{"self":[{"href":"https:\/\/roveyayinevi.com.tr\/index.php\/wp-json\/wp\/v2\/product\/725170","targetHints":{"allow":["GET"]}}],"collection":[{"href":"https:\/\/roveyayinevi.com.tr\/index.php\/wp-json\/wp\/v2\/product"}],"about":[{"href":"https:\/\/roveyayinevi.com.tr\/index.php\/wp-json\/wp\/v2\/types\/product"}],"wp:attachment":[{"href":"https:\/\/roveyayinevi.com.tr\/index.php\/wp-json\/wp\/v2\/media?parent=725170"}],"wp:term":[{"taxonomy":"product_brand","embeddable":true,"href":"https:\/\/roveyayinevi.com.tr\/index.php\/wp-json\/wp\/v2\/product_brand?post=725170"},{"taxonomy":"product_cat","embeddable":true,"href":"https:\/\/roveyayinevi.com.tr\/index.php\/wp-json\/wp\/v2\/product_cat?post=725170"},{"taxonomy":"product_tag","embeddable":true,"href":"https:\/\/roveyayinevi.com.tr\/index.php\/wp-json\/wp\/v2\/product_tag?post=725170"}],"curies":[{"name":"wp","href":"https:\/\/api.w.org\/{rel}","templated":true}]}}