{"id":725168,"date":"2025-08-27T19:45:45","date_gmt":"2025-08-27T16:45:45","guid":{"rendered":"https:\/\/roveyayinevi.com.tr\/index.php\/urun\/utopya-7\/"},"modified":"2026-04-16T02:32:53","modified_gmt":"2026-04-15T23:32:53","slug":"utopya-7","status":"publish","type":"product","link":"https:\/\/roveyayinevi.com.tr\/index.php\/urun\/utopya-7\/","title":{"rendered":"\u00dctopya"},"content":{"rendered":"<p>Yaz\u0131ld\u0131\u011f\u0131 d\u00f6nemden g\u00fcn\u00fcm\u00fcze en etkileyici ve en \u00e7ok okunan kitaplardan biri olmay\u0131 s\u00fcrd\u00fcren Thomas More\u2019un \u00dctopya\u2019s\u0131, insanlar\u0131n refah ve uyum i\u00e7inde ya\u015fad\u0131\u011f\u0131, \u00f6zel m\u00fclkiyetin, \u015fiddetin, din\u00ee dayatmalar\u0131n bulunmad\u0131\u011f\u0131 bir aday\u0131 anlat\u0131rken toplumsal, ekonomik ve siyasal a\u00e7\u0131dan ideal bir topluma dair ipu\u00e7lar\u0131 sunuyor; d\u00f6nemin y\u00f6netim anlay\u0131\u015f\u0131n\u0131, insan\u0131 su\u00e7a iten sistemi ele\u015ftiriyor.Bat\u0131 toplumlar\u0131n\u0131n \u00fczerinde y\u00fckseldi\u011fi ekonomik sisteme y\u00f6nelik kapsaml\u0131 ve a\u00e7\u0131k bir ele\u015ftiri getiren ve be\u015f y\u00fcz\u00fcnc\u00fc ya\u015f\u0131n\u0131 geride b\u0131rakan \u00dctopya her \u00e7a\u011f\u0131n insan\u0131na hitap eden bir eser.\u201c\u00dctopya\u2019n\u0131n en \u00e7arp\u0131c\u0131 y\u00f6nlerinden biri, onun \u00e7a\u011fda\u015fl\u0131\u011f\u0131d\u0131r. A\u00e7g\u00f6zl\u00fcl\u00fck, vicdans\u0131zl\u0131k ve yarars\u0131zl\u0131k bug\u00fcn de 1516 y\u0131l\u0131ndaki kadar fazla.\u201dTerry Eagleton<\/p>\n","protected":false},"excerpt":{"rendered":"<p>Yaz\u0131ld\u0131\u011f\u0131 d\u00f6nemden g\u00fcn\u00fcm\u00fcze en etkileyici ve en \u00e7ok okunan kitaplardan biri olmay\u0131 s\u00fcrd\u00fcren Thomas More\u2019un \u00dctopya\u2019s\u0131, insanlar\u0131n refah ve uyum i\u00e7inde ya\u015fad\u0131\u011f\u0131, \u00f6zel m\u00fclkiyetin, \u015fiddetin, din\u00ee<span class=\"excerpt-hellip\"> [\u2026]<\/span><\/p>\n","protected":false},"featured_media":0,"template":"","meta":{"_monsterinsights_skip_tracking":false,"_monsterinsights_sitenote_active":false,"_monsterinsights_sitenote_note":"","_monsterinsights_sitenote_category":0},"product_brand":[],"product_cat":[18545,12291],"product_tag":[],"class_list":{"0":"post-725168","1":"product","2":"type-product","3":"status-publish","5":"product_cat-anlati","6":"product_cat-edebiyat","7":"pa_cilt-ciltsiz","8":"pa_tur-kitap","9":"pa_yayinevi-can-yayinlari","10":"pa_yazar-thomas-more","12":"first","13":"instock","14":"sale","15":"shipping-taxable","16":"purchasable","17":"product-type-simple"},"_links":{"self":[{"href":"https:\/\/roveyayinevi.com.tr\/index.php\/wp-json\/wp\/v2\/product\/725168","targetHints":{"allow":["GET"]}}],"collection":[{"href":"https:\/\/roveyayinevi.com.tr\/index.php\/wp-json\/wp\/v2\/product"}],"about":[{"href":"https:\/\/roveyayinevi.com.tr\/index.php\/wp-json\/wp\/v2\/types\/product"}],"wp:attachment":[{"href":"https:\/\/roveyayinevi.com.tr\/index.php\/wp-json\/wp\/v2\/media?parent=725168"}],"wp:term":[{"taxonomy":"product_brand","embeddable":true,"href":"https:\/\/roveyayinevi.com.tr\/index.php\/wp-json\/wp\/v2\/product_brand?post=725168"},{"taxonomy":"product_cat","embeddable":true,"href":"https:\/\/roveyayinevi.com.tr\/index.php\/wp-json\/wp\/v2\/product_cat?post=725168"},{"taxonomy":"product_tag","embeddable":true,"href":"https:\/\/roveyayinevi.com.tr\/index.php\/wp-json\/wp\/v2\/product_tag?post=725168"}],"curies":[{"name":"wp","href":"https:\/\/api.w.org\/{rel}","templated":true}]}}