{"id":725167,"date":"2025-08-27T19:45:44","date_gmt":"2025-08-27T16:45:44","guid":{"rendered":"https:\/\/roveyayinevi.com.tr\/index.php\/urun\/gomulu-samdan-2\/"},"modified":"2026-04-16T02:32:53","modified_gmt":"2026-04-15T23:32:53","slug":"gomulu-samdan-2","status":"publish","type":"product","link":"https:\/\/roveyayinevi.com.tr\/index.php\/urun\/gomulu-samdan-2\/","title":{"rendered":"G\u00f6m\u00fcl\u00fc \u015eamdan"},"content":{"rendered":"<p>G\u00f6m\u00fcl\u00fc \u015eamdan, Yahudili\u011fin kutsal emanetleri aras\u0131nda yer alan ve ait oldu\u011fu topraklardan kopar\u0131lan Menora\u2019n\u0131n, Yedi Kollu \u015eamdan\u0131n yolculu\u011funu \u00f6yk\u00fcler. Tarih boyunca Kud\u00fcs\u2019ten Babil\u2019e giden, tekrar Kud\u00fcs\u2019e d\u00f6nen, Titus taraf\u0131ndan Roma\u2019ya g\u00f6t\u00fcr\u00fclen, Roma\u2019dan Vandallar taraf\u0131ndan ka\u00e7\u0131r\u0131larak Kartaca\u2019ya s\u00fcr\u00fcklenen bu kutsal emanet, g\u00fcn\u00fcn birinde Konstantinopolis\u2019te yeniden ortaya \u00e7\u0131kar. Mucizeye inanan ve \u00f6mr\u00fc boyunca bu An\u0131 bekleyen Benyamin Marnefe\u015f, \u015famdan\u0131 ait oldu\u011fu topraklara geri d\u00f6nd\u00fcrmek \u00fczere Bizans\u2019a gider.\u00c7\u00fcnk\u00fc: Umut hep vard\u0131r. Menora\u2019n\u0131n bu uzun yolculu\u011fu, Stefan Zweig\u2019\u0131n \u00f6yk\u00fcs\u00fcnde Yahudilerin y\u00fczy\u0131llard\u0131r s\u00fcregelen diaspora hayat\u0131yla \u00f6zde\u015fle\u015fir. G\u00f6m\u00fcl\u00fc \u015eamdan salt bir kutsal emanetin de\u011fil, ayn\u0131 zamanda bir halk\u0131n da kader yolculu\u011funa \u0131\u015f\u0131k tutar.<\/p>\n","protected":false},"excerpt":{"rendered":"<p>G\u00f6m\u00fcl\u00fc \u015eamdan, Yahudili\u011fin kutsal emanetleri aras\u0131nda yer alan ve ait oldu\u011fu topraklardan kopar\u0131lan Menora\u2019n\u0131n, Yedi Kollu \u015eamdan\u0131n yolculu\u011funu \u00f6yk\u00fcler. Tarih boyunca Kud\u00fcs\u2019ten Babil\u2019e giden, tekrar Kud\u00fcs\u2019e<span class=\"excerpt-hellip\"> [\u2026]<\/span><\/p>\n","protected":false},"featured_media":0,"template":"","meta":{"_monsterinsights_skip_tracking":false,"_monsterinsights_sitenote_active":false,"_monsterinsights_sitenote_note":"","_monsterinsights_sitenote_category":0},"product_brand":[],"product_cat":[12291,12711],"product_tag":[],"class_list":{"0":"post-725167","1":"product","2":"type-product","3":"status-publish","5":"product_cat-edebiyat","6":"product_cat-roman-oyku","7":"pa_cilt-ciltsiz","8":"pa_tur-kitap","9":"pa_yayinevi-can-yayinlari","10":"pa_yazar-stefan-zweig","12":"first","13":"instock","14":"sale","15":"shipping-taxable","16":"purchasable","17":"product-type-simple"},"_links":{"self":[{"href":"https:\/\/roveyayinevi.com.tr\/index.php\/wp-json\/wp\/v2\/product\/725167","targetHints":{"allow":["GET"]}}],"collection":[{"href":"https:\/\/roveyayinevi.com.tr\/index.php\/wp-json\/wp\/v2\/product"}],"about":[{"href":"https:\/\/roveyayinevi.com.tr\/index.php\/wp-json\/wp\/v2\/types\/product"}],"wp:attachment":[{"href":"https:\/\/roveyayinevi.com.tr\/index.php\/wp-json\/wp\/v2\/media?parent=725167"}],"wp:term":[{"taxonomy":"product_brand","embeddable":true,"href":"https:\/\/roveyayinevi.com.tr\/index.php\/wp-json\/wp\/v2\/product_brand?post=725167"},{"taxonomy":"product_cat","embeddable":true,"href":"https:\/\/roveyayinevi.com.tr\/index.php\/wp-json\/wp\/v2\/product_cat?post=725167"},{"taxonomy":"product_tag","embeddable":true,"href":"https:\/\/roveyayinevi.com.tr\/index.php\/wp-json\/wp\/v2\/product_tag?post=725167"}],"curies":[{"name":"wp","href":"https:\/\/api.w.org\/{rel}","templated":true}]}}