{"id":725166,"date":"2025-08-27T19:45:43","date_gmt":"2025-08-27T16:45:43","guid":{"rendered":"https:\/\/roveyayinevi.com.tr\/index.php\/urun\/ciplak-ve-yalniz\/"},"modified":"2026-04-03T02:40:11","modified_gmt":"2026-04-02T23:40:11","slug":"ciplak-ve-yalniz","status":"publish","type":"product","link":"https:\/\/roveyayinevi.com.tr\/index.php\/urun\/ciplak-ve-yalniz\/","title":{"rendered":"\u00c7\u0131plak ve Yaln\u0131z"},"content":{"rendered":"<p>Amcam \u00f6l\u00fcnce ilk bana haber verdiler. \u0130nanmad\u0131m. Olmaz \u00f6yle \u015fey, dedim. Oldu valla, dediler, amcan \u00f6ld\u00fc. Ya tabii ki \u00f6lm\u00fc\u015ft\u00fcr, ayr\u0131 konu, ama ilk bana haber verdi\u011finize inanm\u0131yorum, dedim, inan, dediler, ilk sana haber verdik. Sustum ve benimle konu\u015fan nefesin arkas\u0131ndaki bo\u015flu\u011fu dinledim. Yalan olsa bir h\u0131\u015f\u0131rt\u0131s\u0131, bir k\u0131p\u0131rt\u0131s\u0131, bir \u015feysi mutlaka duyulurdu. Do\u011fru s\u00f6yl\u00fcyorlard\u0131. Cidden amcam \u00f6lm\u00fc\u015ft\u00fc ve ilk bana haber veriyorlard\u0131. \u00c7ok duyguland\u0131m. Hayat\u0131mda ilk kez bir konuda ilk akla gelen isim oluyordum.Ankara\u2019da ya\u015fayan Mesut bir g\u00fcn bir telefonla amcas\u0131n\u0131n \u00f6ld\u00fc\u011f\u00fc haberini al\u0131r; cenazeyi kald\u0131rmak ve kendisine kalan miras\u0131 devralmak i\u00e7in en k\u0131sa s\u00fcrede \u00dcnye\u2019ye gitmek zorundad\u0131r. Y\u0131llar sonra d\u00f6nd\u00fc\u011f\u00fc baba oca\u011f\u0131nda kendini karma\u015f\u0131k ili\u015fkiler a\u011f\u0131n\u0131n ortas\u0131nda bulan Mesut, bilmedi\u011fi k\u00f6kenlerini \u00f6\u011frenmeye ve koyu karanl\u0131k bir ge\u00e7mi\u015fle hesapla\u015fmaya zorlanacakt\u0131r.    Arka planda 60 Darbesi\u2019nin anlat\u0131ld\u0131\u011f\u0131 \u00c7\u0131plak ve Yaln\u0131z, Orhan Kemal Roman Arma\u011fan\u0131\u2019n\u0131n yan\u0131 s\u0131ra 2013 D\u00fcnya Kitap \u00d6d\u00fclleri&#8217;nde Y\u0131l\u0131n Telif Kitab\u0131 \u00d6d\u00fcl\u00fc\u2019ne de\u011fer g\u00f6r\u00fcld\u00fc. Tarihin ac\u0131mas\u0131z ilerleyi\u015fine kar\u015f\u0131n ge\u00e7mi\u015fin dehlizlerinde dolanmay\u0131 g\u00f6ze alan \u00c7\u0131plak ve Yaln\u0131z\u2019da, Hamdi Ko\u00e7 okurlar\u0131 bu topraklar\u0131n en kat\u0131 ger\u00e7ekleriyle y\u00fczle\u015fmeye \u00e7a\u011f\u0131r\u0131yor<\/p>\n","protected":false},"excerpt":{"rendered":"<p>Amcam \u00f6l\u00fcnce ilk bana haber verdiler. \u0130nanmad\u0131m. Olmaz \u00f6yle \u015fey, dedim. Oldu valla, dediler, amcan \u00f6ld\u00fc. Ya tabii ki \u00f6lm\u00fc\u015ft\u00fcr, ayr\u0131 konu, ama ilk bana haber<span class=\"excerpt-hellip\"> [\u2026]<\/span><\/p>\n","protected":false},"featured_media":0,"template":"","meta":{"_monsterinsights_skip_tracking":false,"_monsterinsights_sitenote_active":false,"_monsterinsights_sitenote_note":"","_monsterinsights_sitenote_category":0},"product_brand":[],"product_cat":[12291,12711],"product_tag":[],"class_list":{"0":"post-725166","1":"product","2":"type-product","3":"status-publish","5":"product_cat-edebiyat","6":"product_cat-roman-oyku","7":"pa_cilt-ciltsiz","8":"pa_tur-kitap","9":"pa_yayinevi-can-yayinlari","10":"pa_yazar-hamdi-koc","12":"first","13":"instock","14":"sale","15":"shipping-taxable","16":"purchasable","17":"product-type-simple"},"_links":{"self":[{"href":"https:\/\/roveyayinevi.com.tr\/index.php\/wp-json\/wp\/v2\/product\/725166","targetHints":{"allow":["GET"]}}],"collection":[{"href":"https:\/\/roveyayinevi.com.tr\/index.php\/wp-json\/wp\/v2\/product"}],"about":[{"href":"https:\/\/roveyayinevi.com.tr\/index.php\/wp-json\/wp\/v2\/types\/product"}],"wp:attachment":[{"href":"https:\/\/roveyayinevi.com.tr\/index.php\/wp-json\/wp\/v2\/media?parent=725166"}],"wp:term":[{"taxonomy":"product_brand","embeddable":true,"href":"https:\/\/roveyayinevi.com.tr\/index.php\/wp-json\/wp\/v2\/product_brand?post=725166"},{"taxonomy":"product_cat","embeddable":true,"href":"https:\/\/roveyayinevi.com.tr\/index.php\/wp-json\/wp\/v2\/product_cat?post=725166"},{"taxonomy":"product_tag","embeddable":true,"href":"https:\/\/roveyayinevi.com.tr\/index.php\/wp-json\/wp\/v2\/product_tag?post=725166"}],"curies":[{"name":"wp","href":"https:\/\/api.w.org\/{rel}","templated":true}]}}