{"id":725165,"date":"2025-08-27T19:45:42","date_gmt":"2025-08-27T16:45:42","guid":{"rendered":"https:\/\/roveyayinevi.com.tr\/index.php\/urun\/melekler-erkek-olur\/"},"modified":"2026-04-16T02:32:53","modified_gmt":"2026-04-15T23:32:53","slug":"melekler-erkek-olur","status":"publish","type":"product","link":"https:\/\/roveyayinevi.com.tr\/index.php\/urun\/melekler-erkek-olur\/","title":{"rendered":"Melekler Erkek Olur"},"content":{"rendered":"<p>Gizli bir \u015fey yap\u0131yordum ve korkuyordum, kar\u0131mdan, \u00e7ocuklar\u0131mdan, patronumdan, arkada\u015flar\u0131mdan, i\u015f arkada\u015flar\u0131mdan, k\u0131saca bana sahip olan, hayat\u0131m\u0131 zorla\u015ft\u0131rma, hatta karartma potansiyeline sahip herkesten, tek tek ve toplu olarak hepsinden.Ba\u015far\u0131l\u0131 bir i\u015finsan\u0131, \u00e7ekici bir erkek olan Murat\u2019\u0131n g\u00f6rece dengeli bir hayat\u0131, huzurlu bir evlili\u011fi vard\u0131r. Gelgelelim \u015firkette yeni i\u015fe ba\u015flayan Selma\u2019yla tan\u0131\u015fmas\u0131 hayat\u0131nda bir d\u00f6n\u00fcm noktas\u0131 olacakt\u0131r.  T\u00fcm dengesi alt\u00fcst olan Murat o g\u00fcne kadar sahip oldu\u011fu her \u015feyi sorgulamaya ba\u015flar.Hamdi Ko\u00e7&#8217;un 2002 tarihli roman\u0131 yay\u0131mland\u0131\u011f\u0131nda b\u00fcy\u00fck yank\u0131 uyand\u0131rm\u0131\u015f, d\u00f6nemin en \u00e7ok okunan kitaplar\u0131ndan biri olmu\u015ftu. Y\u0131prat\u0131c\u0131 i\u015f hayat\u0131n\u0131, metropol ya\u015fant\u0131s\u0131n\u0131, cinselli\u011fi, evlilik kurumunu ve erkekli\u011fin \u00e7\u0131kmazlar\u0131n\u0131 yal\u0131n bir dille irdeleyen Melekler Erkek Olur, s\u00fcr\u00fckleyici, sak\u0131nmas\u0131z ve k\u0131\u015fk\u0131rt\u0131c\u0131 bir roman<\/p>\n","protected":false},"excerpt":{"rendered":"<p>Gizli bir \u015fey yap\u0131yordum ve korkuyordum, kar\u0131mdan, \u00e7ocuklar\u0131mdan, patronumdan, arkada\u015flar\u0131mdan, i\u015f arkada\u015flar\u0131mdan, k\u0131saca bana sahip olan, hayat\u0131m\u0131 zorla\u015ft\u0131rma, hatta karartma potansiyeline sahip herkesten, tek tek ve<span class=\"excerpt-hellip\"> [\u2026]<\/span><\/p>\n","protected":false},"featured_media":0,"template":"","meta":{"_monsterinsights_skip_tracking":false,"_monsterinsights_sitenote_active":false,"_monsterinsights_sitenote_note":"","_monsterinsights_sitenote_category":0},"product_brand":[],"product_cat":[12291,12711],"product_tag":[],"class_list":{"0":"post-725165","1":"product","2":"type-product","3":"status-publish","5":"product_cat-edebiyat","6":"product_cat-roman-oyku","7":"pa_cilt-ciltsiz","8":"pa_tur-kitap","9":"pa_yayinevi-can-yayinlari","10":"pa_yazar-hamdi-koc","12":"first","13":"instock","14":"sale","15":"shipping-taxable","16":"purchasable","17":"product-type-simple"},"_links":{"self":[{"href":"https:\/\/roveyayinevi.com.tr\/index.php\/wp-json\/wp\/v2\/product\/725165","targetHints":{"allow":["GET"]}}],"collection":[{"href":"https:\/\/roveyayinevi.com.tr\/index.php\/wp-json\/wp\/v2\/product"}],"about":[{"href":"https:\/\/roveyayinevi.com.tr\/index.php\/wp-json\/wp\/v2\/types\/product"}],"wp:attachment":[{"href":"https:\/\/roveyayinevi.com.tr\/index.php\/wp-json\/wp\/v2\/media?parent=725165"}],"wp:term":[{"taxonomy":"product_brand","embeddable":true,"href":"https:\/\/roveyayinevi.com.tr\/index.php\/wp-json\/wp\/v2\/product_brand?post=725165"},{"taxonomy":"product_cat","embeddable":true,"href":"https:\/\/roveyayinevi.com.tr\/index.php\/wp-json\/wp\/v2\/product_cat?post=725165"},{"taxonomy":"product_tag","embeddable":true,"href":"https:\/\/roveyayinevi.com.tr\/index.php\/wp-json\/wp\/v2\/product_tag?post=725165"}],"curies":[{"name":"wp","href":"https:\/\/api.w.org\/{rel}","templated":true}]}}