{"id":725163,"date":"2025-08-27T19:45:40","date_gmt":"2025-08-27T16:45:40","guid":{"rendered":"https:\/\/roveyayinevi.com.tr\/index.php\/urun\/laiklesme-surecinde-camiler-gec-osmanlidan-erken-cumhuriyete\/"},"modified":"2026-04-12T02:39:23","modified_gmt":"2026-04-11T23:39:23","slug":"laiklesme-surecinde-camiler-gec-osmanlidan-erken-cumhuriyete","status":"publish","type":"product","link":"https:\/\/roveyayinevi.com.tr\/index.php\/urun\/laiklesme-surecinde-camiler-gec-osmanlidan-erken-cumhuriyete\/","title":{"rendered":"Laikle\u015fme S\u00fcrecinde Camiler &#8211; Ge\u00e7 Osmanl\u0131&#8217;dan Erken Cumhuriyet&#8217;e"},"content":{"rendered":"<p>\u201c[\u2026] Camiler, san\u0131ld\u0131\u011f\u0131n\u0131n aksine salt formatlanan mabetler de\u011fildir. Din ve devletin yan yana y\u00fcr\u00fcyerek yeni rejim in\u015fa ettikleri anda kurucu bir rol \u00fcstlenerek, kimi zaman halk\u0131n yan\u0131 ba\u015f\u0131nda yer alan din g\u00f6revlileri ve onlar\u0131n vaazlar\u0131 ve hutbeleri arac\u0131l\u0131\u011f\u0131yla, kimi zaman din\u00ee alan\u0131 d\u00fczenleyen bir reforma g\u00f6sterilen \u0130sl\u00e2mc\u0131 muhalefetin \u2018korkulan\u2019 yeri olmakla, kimi zaman verdi\u011fi din\u00ee e\u011fitimin hem kurumsal ayr\u0131\u015fma hem de farkl\u0131la\u015fmaya engel\/destek olmas\u0131yla ve nihayetinde g\u00fcndelik hayat\u0131 be\u015f vakit ele ge\u00e7iren do\u011falar\u0131yla laikle\u015fme s\u00fcrecinin akt\u00f6rlerindendir. [\u2026] Yeni rejim, camileri kendi ba\u011flam\u0131n\u0131n i\u00e7inde yeniden \u00fcretirken camiler de yeni rejimin laikle\u015fme s\u00fcrecine karakteristi\u011fini verir.\u201d Sadece bir ibadethane olman\u0131n \u00e7ok \u00f6tesinde bir anlam ta\u015f\u0131yan camiler ve camiler etraf\u0131nda kurulan siyasi s\u00f6ylem ve bu do\u011frultudaki eylemler, Cumhuriyet\u2019in ilk y\u0131llar\u0131ndan g\u00fcn\u00fcm\u00fcze dek tart\u0131\u015fma konusu olmu\u015ftur. Deniz Parlak bu kitapta, Osmanl\u0131 devletinin son d\u00f6nemlerinden erken Cumhuriyet\u2019e camilerin hem toplum hem de iktidar nezdinde oynad\u0131\u011f\u0131 rol\u00fc inceliyor. Kuran\u2019\u0131n ve ezan\u0131n T\u00fcrk\u00e7ele\u015ftirilmesi, camilerde e\u011fitimin yerini modern e\u011fitimin almas\u0131, camilerin mek\u00e2nsal varl\u0131klar\u0131na dair tart\u0131\u015fmalar ve Diyanet \u0130\u015fleri Ba\u015fkanl\u0131\u011f\u0131 gibi konu ba\u015fl\u0131klar\u0131yla \u201cbulan\u0131k\u201d T\u00fcrkiye laikle\u015fmesini anlamay\u0131 hedefliyor. Cumhuriyet\u2019in ilk y\u0131llar\u0131ndan beri siyasal kutuplar aras\u0131nda tart\u0131\u015fma konusu olmu\u015f camilerle ilgili iddialar\u0131 d\u00f6nemin yay\u0131nlar\u0131 ve ar\u015fivler marifetiyle ara\u015ft\u0131r\u0131yor, iddialara yan\u0131t ar\u0131yor.<\/p>\n","protected":false},"excerpt":{"rendered":"<p>\u201c[\u2026] Camiler, san\u0131ld\u0131\u011f\u0131n\u0131n aksine salt formatlanan mabetler de\u011fildir. Din ve devletin yan yana y\u00fcr\u00fcyerek yeni rejim in\u015fa ettikleri anda kurucu bir rol \u00fcstlenerek, kimi zaman halk\u0131n<span class=\"excerpt-hellip\"> [\u2026]<\/span><\/p>\n","protected":false},"featured_media":0,"template":"","meta":{"_monsterinsights_skip_tracking":false,"_monsterinsights_sitenote_active":false,"_monsterinsights_sitenote_note":"","_monsterinsights_sitenote_category":0},"product_brand":[],"product_cat":[16058,12337],"product_tag":[],"class_list":{"0":"post-725163","1":"product","2":"type-product","3":"status-publish","5":"product_cat-kurumlar-orgutler","6":"product_cat-politika-siyaset","7":"pa_cilt-ciltsiz","8":"pa_tur-kitap","9":"pa_yayinevi-iletisim-yayinlari","10":"pa_yazar-deniz-parlak","12":"first","13":"instock","14":"sale","15":"shipping-taxable","16":"purchasable","17":"product-type-simple"},"_links":{"self":[{"href":"https:\/\/roveyayinevi.com.tr\/index.php\/wp-json\/wp\/v2\/product\/725163","targetHints":{"allow":["GET"]}}],"collection":[{"href":"https:\/\/roveyayinevi.com.tr\/index.php\/wp-json\/wp\/v2\/product"}],"about":[{"href":"https:\/\/roveyayinevi.com.tr\/index.php\/wp-json\/wp\/v2\/types\/product"}],"wp:attachment":[{"href":"https:\/\/roveyayinevi.com.tr\/index.php\/wp-json\/wp\/v2\/media?parent=725163"}],"wp:term":[{"taxonomy":"product_brand","embeddable":true,"href":"https:\/\/roveyayinevi.com.tr\/index.php\/wp-json\/wp\/v2\/product_brand?post=725163"},{"taxonomy":"product_cat","embeddable":true,"href":"https:\/\/roveyayinevi.com.tr\/index.php\/wp-json\/wp\/v2\/product_cat?post=725163"},{"taxonomy":"product_tag","embeddable":true,"href":"https:\/\/roveyayinevi.com.tr\/index.php\/wp-json\/wp\/v2\/product_tag?post=725163"}],"curies":[{"name":"wp","href":"https:\/\/api.w.org\/{rel}","templated":true}]}}