{"id":725162,"date":"2025-08-27T19:45:40","date_gmt":"2025-08-27T16:45:40","guid":{"rendered":"https:\/\/roveyayinevi.com.tr\/index.php\/urun\/dersim-alexanderplatz\/"},"modified":"2026-04-08T02:41:21","modified_gmt":"2026-04-07T23:41:21","slug":"dersim-alexanderplatz","status":"publish","type":"product","link":"https:\/\/roveyayinevi.com.tr\/index.php\/urun\/dersim-alexanderplatz\/","title":{"rendered":"Dersim Alexanderplatz"},"content":{"rendered":"<p>\u201cSarho\u015fluk ve mest hali ile pi\u015fmanl\u0131k aras\u0131nda bir kahraman\u2026 kibirden uzak g\u00fczel, e\u011flenceli bir eser\u2026\u201d Lena Bopp, Frankfurter Allgemeine Zeitung Berlin\u2019de ge\u00e7im derdi olmadan rahat ya\u015fayan, zevkine radyoculuk yapan, k\u00e2h gece hayat\u0131na k\u00e2h entelekt\u00fcel ortamlara tak\u0131lan, hazz\u0131 belki bulan ama mutlulu\u011fu, g\u00f6n\u00fcl rahatl\u0131\u011f\u0131n\u0131 bulamayan bir gen\u00e7 adam\u2026 Anlam eksik\u2026 A\u015fk eksik\u2026 O anlam\u0131 ve ba\u015fka baz\u0131 me\u00e7h\u00fbllerin ipu\u00e7lar\u0131n\u0131, k\u00fc\u00e7\u00fcc\u00fckken kaybetti\u011fi anne babas\u0131n\u0131n memleketinde, Dersim\u2019de bulabilir mi acaba? A\u015fk\u0131, Hamburg\u2019da tan\u0131\u015ft\u0131\u011f\u0131, akl\u0131n\u0131 ba\u015f\u0131ndan alan o Dersimli gen\u00e7 kad\u0131nda bulabilir mi? Hayat kadar alayc\u0131, hayat kadar kederli ve hayat kadar \u00fcmitli bir roman. Tavlada tek bir hareket oyunun t\u00fcm gidi\u015fat\u0131n\u0131 de\u011fi\u015ftirmeye yeterdi. Kesin g\u00f6r\u00fclen bir ma\u011flubiyet anl\u0131k bir hamleyle galibiyete d\u00f6n\u00fc\u015febilirdi \u2013 Altan\u2019\u0131n kendi hayat\u0131 i\u00e7in diledi\u011fi \u015fey i\u015fte tam da buydu.\u201d \u201cAlmanya ve T\u00fcrkiye hallerini kayna\u015ft\u0131r\u0131rken, \u2018g\u00f6\u00e7men k\u00f6kenli Alman\u2019 kal\u0131b\u0131n\u0131 anlams\u0131zla\u015ft\u0131ran bir roman.\u201d Annabel Wahba, Die Zeit<\/p>\n","protected":false},"excerpt":{"rendered":"<p>\u201cSarho\u015fluk ve mest hali ile pi\u015fmanl\u0131k aras\u0131nda bir kahraman\u2026 kibirden uzak g\u00fczel, e\u011flenceli bir eser\u2026\u201d Lena Bopp, Frankfurter Allgemeine Zeitung Berlin\u2019de ge\u00e7im derdi olmadan rahat ya\u015fayan,<span class=\"excerpt-hellip\"> [\u2026]<\/span><\/p>\n","protected":false},"featured_media":0,"template":"","meta":{"_monsterinsights_skip_tracking":false,"_monsterinsights_sitenote_active":false,"_monsterinsights_sitenote_note":"","_monsterinsights_sitenote_category":0},"product_brand":[],"product_cat":[12291,12711],"product_tag":[],"class_list":{"0":"post-725162","1":"product","2":"type-product","3":"status-publish","5":"product_cat-edebiyat","6":"product_cat-roman-oyku","7":"pa_cilt-ciltsiz","8":"pa_tur-kitap","9":"pa_yayinevi-iletisim-yayinlari","10":"pa_yazar-imran-ayata","12":"first","13":"instock","14":"sale","15":"shipping-taxable","16":"purchasable","17":"product-type-simple"},"_links":{"self":[{"href":"https:\/\/roveyayinevi.com.tr\/index.php\/wp-json\/wp\/v2\/product\/725162","targetHints":{"allow":["GET"]}}],"collection":[{"href":"https:\/\/roveyayinevi.com.tr\/index.php\/wp-json\/wp\/v2\/product"}],"about":[{"href":"https:\/\/roveyayinevi.com.tr\/index.php\/wp-json\/wp\/v2\/types\/product"}],"wp:attachment":[{"href":"https:\/\/roveyayinevi.com.tr\/index.php\/wp-json\/wp\/v2\/media?parent=725162"}],"wp:term":[{"taxonomy":"product_brand","embeddable":true,"href":"https:\/\/roveyayinevi.com.tr\/index.php\/wp-json\/wp\/v2\/product_brand?post=725162"},{"taxonomy":"product_cat","embeddable":true,"href":"https:\/\/roveyayinevi.com.tr\/index.php\/wp-json\/wp\/v2\/product_cat?post=725162"},{"taxonomy":"product_tag","embeddable":true,"href":"https:\/\/roveyayinevi.com.tr\/index.php\/wp-json\/wp\/v2\/product_tag?post=725162"}],"curies":[{"name":"wp","href":"https:\/\/api.w.org\/{rel}","templated":true}]}}