{"id":725160,"date":"2025-08-27T19:45:38","date_gmt":"2025-08-27T16:45:38","guid":{"rendered":"https:\/\/roveyayinevi.com.tr\/index.php\/urun\/kesekli-tarla\/"},"modified":"2026-01-22T02:56:47","modified_gmt":"2026-01-21T23:56:47","slug":"kesekli-tarla","status":"publish","type":"product","link":"https:\/\/roveyayinevi.com.tr\/index.php\/urun\/kesekli-tarla\/","title":{"rendered":"Kesekli Tarla"},"content":{"rendered":"<p>Derinlerde bir yerde koca bir kaya vard\u0131 da, abilerim ablalar\u0131m \u015funa bir el at\u0131verelim demek i\u00e7in \u00e7\u0131k\u0131yordum d\u0131\u015far\u0131. Tesellisi, telafisi imk\u00e2ns\u0131z bir aray\u0131\u015ft\u0131 bu. Ne yapsam ne etsem bir milim bile yerinden oynatamadan o kayay\u0131, akl\u0131m\u0131 oynatma noktas\u0131na gelmi\u015ftim sonunda. Ana-k\u0131z kendimizi kapatt\u0131\u011f\u0131m\u0131z bu evde bir canl\u0131 cenaze, bir a\u011f\u0131r yaral\u0131 olarak ya\u015famay\u0131 maharet sayman\u0131n sa\u00e7mal\u0131\u011f\u0131na bir son vermek gerekiyordu art\u0131k. Nohut oda bakla sofa evlerde birbirlerine tahamm\u00fcl etmek zorunda kalan ana-babalar ve evlatlar. Ku\u015fak farklar\u0131. Hayalleriyle ya\u015famlar\u0131n\u0131n aras\u0131ndan derin yar\u0131klar ge\u00e7en talihsizler. Sevdikleri adamlar\u0131 iki sabun bi lif y\u0131kay\u0131veren huysuz ve tatl\u0131 kad\u0131nlar. Bir yazg\u0131 gibi ya\u015fad\u0131klar\u0131 yaln\u0131zl\u0131klar\u0131ndan \u00e7\u0131k\u0131\u015f yollar\u0131 arayan garipler. Ba\u015fkalar\u0131n\u0131n hayat\u0131n\u0131 ya\u015fayan kalbi k\u0131r\u0131klar&#8230; Figen \u015eakac\u0131, Kesekli Tarla \u2019da, k\u00f6ks\u00fczl\u00fc\u011f\u00fc, aidiyetsizli\u011fi, ileti\u015fimsizli\u011fi, h\u0131zla ak\u0131p giden zaman\u0131, nefreti ve a\u015fk\u0131 ayn\u0131 potada eriten marazi ili\u015fkileri, kendi \u00fccralar\u0131nda bir par\u00e7a mutluluk arayan insanlar\u0131n \u00f6yk\u00fclerini mizahla \u00f6r\u00fcl\u00fc h\u00fcnerli kaleminden anlat\u0131yor. \u201cTarla m\u0131 kesekli yoksa biz mi y\u00fcr\u00fcmeyi bilemedik?<\/p>\n","protected":false},"excerpt":{"rendered":"<p>Derinlerde bir yerde koca bir kaya vard\u0131 da, abilerim ablalar\u0131m \u015funa bir el at\u0131verelim demek i\u00e7in \u00e7\u0131k\u0131yordum d\u0131\u015far\u0131. Tesellisi, telafisi imk\u00e2ns\u0131z bir aray\u0131\u015ft\u0131 bu. Ne yapsam<span class=\"excerpt-hellip\"> [\u2026]<\/span><\/p>\n","protected":false},"featured_media":0,"template":"","meta":{"_monsterinsights_skip_tracking":false,"_monsterinsights_sitenote_active":false,"_monsterinsights_sitenote_note":"","_monsterinsights_sitenote_category":0},"product_brand":[],"product_cat":[12291,12711],"product_tag":[],"class_list":{"0":"post-725160","1":"product","2":"type-product","3":"status-publish","5":"product_cat-edebiyat","6":"product_cat-roman-oyku","7":"pa_cilt-ciltsiz","8":"pa_tur-kitap","9":"pa_yayinevi-iletisim-yayinlari","10":"pa_yazar-figen-sakaci","12":"first","13":"instock","14":"sale","15":"shipping-taxable","16":"purchasable","17":"product-type-simple"},"_links":{"self":[{"href":"https:\/\/roveyayinevi.com.tr\/index.php\/wp-json\/wp\/v2\/product\/725160","targetHints":{"allow":["GET"]}}],"collection":[{"href":"https:\/\/roveyayinevi.com.tr\/index.php\/wp-json\/wp\/v2\/product"}],"about":[{"href":"https:\/\/roveyayinevi.com.tr\/index.php\/wp-json\/wp\/v2\/types\/product"}],"wp:attachment":[{"href":"https:\/\/roveyayinevi.com.tr\/index.php\/wp-json\/wp\/v2\/media?parent=725160"}],"wp:term":[{"taxonomy":"product_brand","embeddable":true,"href":"https:\/\/roveyayinevi.com.tr\/index.php\/wp-json\/wp\/v2\/product_brand?post=725160"},{"taxonomy":"product_cat","embeddable":true,"href":"https:\/\/roveyayinevi.com.tr\/index.php\/wp-json\/wp\/v2\/product_cat?post=725160"},{"taxonomy":"product_tag","embeddable":true,"href":"https:\/\/roveyayinevi.com.tr\/index.php\/wp-json\/wp\/v2\/product_tag?post=725160"}],"curies":[{"name":"wp","href":"https:\/\/api.w.org\/{rel}","templated":true}]}}