{"id":725159,"date":"2025-08-27T19:45:37","date_gmt":"2025-08-27T16:45:37","guid":{"rendered":"https:\/\/roveyayinevi.com.tr\/index.php\/urun\/yalnizligin-anotomisi\/"},"modified":"2026-04-16T02:32:53","modified_gmt":"2026-04-15T23:32:53","slug":"yalnizligin-anotomisi","status":"publish","type":"product","link":"https:\/\/roveyayinevi.com.tr\/index.php\/urun\/yalnizligin-anotomisi\/","title":{"rendered":"Yaln\u0131zl\u0131\u011f\u0131n Anotomisi"},"content":{"rendered":"<p>Bu d\u00fcnyadaki t\u00fcm ac\u0131lar bir t\u00fcr ayr\u0131l\u0131k ile ba\u015flad\u0131. Bizim bu hayata ve bu d\u00fcnyaya geli\u015fimiz bile bir ayr\u0131l\u0131\u015f.Kaynak\u2019tan ayr\u0131l\u0131yoruz, \u00f6z\u00fcm\u00fczden ayr\u0131l\u0131yoruz, sonra annemizden, sonra kendimizden, sonra korktu\u011fumuz\u015feylerden, sonra sevdi\u011fimiz \u015feylerden ayr\u0131l\u0131yoruz.Ayr\u0131l\u0131k ile d\u00fcnyaya geliyoruz ki yolumuzu bulup tekrar ba\u011f kurmaya ba\u015flayal\u0131m. Ne zaman ac\u0131ylakar\u015f\u0131la\u015fsak kendimizi bir yol ayr\u0131m\u0131nda buluyoruz. Neyi se\u00e7ece\u011fiz? Kendimizi kapamay\u0131 ve b\u00f6ylelikle dahada fazla ayr\u0131\u015fmay\u0131 m\u0131 yoksa kendimizi a\u00e7\u0131p kendimizle ve \u00e7evremizdeki d\u00fcnyay\u0131 olu\u015fturan her \u015feyle biraraya gelmeyi mi?Her an bir a\u00e7\u0131lma ya da kapanma se\u00e7imidir. Her an bir ayr\u0131\u015fma ya da ba\u011f kurma se\u00e7imidir. A\u00e7\u0131lmay\u0131se\u00e7mi\u015f insanlar\u0131 bulun. Ba\u011f kurmay\u0131 se\u00e7mi\u015f insanlar\u0131 bulun. Ve onlar\u0131n bu d\u00fcnyada sizinle el eley\u00fcr\u00fcmesine izin verin. Ba\u011f kuracak kadar cesur olun. Sevecek kadar cesur olun.G\u00fczelli\u011fimiz, amac\u0131m\u0131z ve g\u00fcc\u00fcm\u00fcz zorluk ate\u015finin tav\u0131nda d\u00f6v\u00fclerek a\u00e7\u0131\u011fa \u00e7\u0131k\u0131yor\u2026 Ta ki biztamamen a\u00e7\u0131lana kadar\u2026\u0130\u015fte o andan itibaren ruhumuz her d\u00fc\u015f\u00fcncemizden, her s\u00f6z\u00fcm\u00fczden, her eylemimizden su gibif\u0131\u015fk\u0131r\u0131yor. Ac\u0131m\u0131z\u0131n ate\u015fini s\u00f6nd\u00fcr\u00fcyor. Lanetlerimizi l\u00fctuflar\u0131m\u0131z haline getiriyor. Ve \u00f6zg\u00fcrle\u015fiyoruz<\/p>\n","protected":false},"excerpt":{"rendered":"<p>Bu d\u00fcnyadaki t\u00fcm ac\u0131lar bir t\u00fcr ayr\u0131l\u0131k ile ba\u015flad\u0131. Bizim bu hayata ve bu d\u00fcnyaya geli\u015fimiz bile bir ayr\u0131l\u0131\u015f.Kaynak\u2019tan ayr\u0131l\u0131yoruz, \u00f6z\u00fcm\u00fczden ayr\u0131l\u0131yoruz, sonra annemizden, sonra kendimizden,<span class=\"excerpt-hellip\"> [\u2026]<\/span><\/p>\n","protected":false},"featured_media":0,"template":"","meta":{"_monsterinsights_skip_tracking":false,"_monsterinsights_sitenote_active":false,"_monsterinsights_sitenote_note":"","_monsterinsights_sitenote_category":0},"product_brand":[],"product_cat":[12364,12376],"product_tag":[],"class_list":{"0":"post-725159","1":"product","2":"type-product","3":"status-publish","5":"product_cat-genel-konular","6":"product_cat-kisisel-gelisim","7":"pa_cilt-ciltsiz","8":"pa_tur-kitap","9":"pa_yayinevi-kuraldisi-yayinevi","10":"pa_yazar-teal-swan","12":"first","13":"instock","14":"sale","15":"shipping-taxable","16":"purchasable","17":"product-type-simple"},"_links":{"self":[{"href":"https:\/\/roveyayinevi.com.tr\/index.php\/wp-json\/wp\/v2\/product\/725159","targetHints":{"allow":["GET"]}}],"collection":[{"href":"https:\/\/roveyayinevi.com.tr\/index.php\/wp-json\/wp\/v2\/product"}],"about":[{"href":"https:\/\/roveyayinevi.com.tr\/index.php\/wp-json\/wp\/v2\/types\/product"}],"wp:attachment":[{"href":"https:\/\/roveyayinevi.com.tr\/index.php\/wp-json\/wp\/v2\/media?parent=725159"}],"wp:term":[{"taxonomy":"product_brand","embeddable":true,"href":"https:\/\/roveyayinevi.com.tr\/index.php\/wp-json\/wp\/v2\/product_brand?post=725159"},{"taxonomy":"product_cat","embeddable":true,"href":"https:\/\/roveyayinevi.com.tr\/index.php\/wp-json\/wp\/v2\/product_cat?post=725159"},{"taxonomy":"product_tag","embeddable":true,"href":"https:\/\/roveyayinevi.com.tr\/index.php\/wp-json\/wp\/v2\/product_tag?post=725159"}],"curies":[{"name":"wp","href":"https:\/\/api.w.org\/{rel}","templated":true}]}}