{"id":725156,"date":"2025-08-27T19:45:35","date_gmt":"2025-08-27T16:45:35","guid":{"rendered":"https:\/\/roveyayinevi.com.tr\/index.php\/urun\/kuran-i-kerimde-isitsel-ve-gorsel-zeka\/"},"modified":"2026-04-16T02:32:52","modified_gmt":"2026-04-15T23:32:52","slug":"kuran-i-kerimde-isitsel-ve-gorsel-zeka","status":"publish","type":"product","link":"https:\/\/roveyayinevi.com.tr\/index.php\/urun\/kuran-i-kerimde-isitsel-ve-gorsel-zeka\/","title":{"rendered":"Kur&#8217;an-\u0131 Kerimde \u0130\u015fitsel ve G\u00f6rsel Zeka"},"content":{"rendered":"<p>\u0130\u015fitsel\/G\u00f6rsel zek\u00e2 \u201ckelimelerle g\u00f6rmek\u201d demektir. Anlaml\u0131 ses frekanslar\u0131n\u0131n insan beyninde g\u00f6rsel resimlere, kavramlara d\u00f6n\u00fc\u015fmesidir.\u0130\u015fitsel\/g\u00f6rsel zek\u00e2 kavram\u0131 ele al\u0131nd\u0131\u011f\u0131nda simgesel anlat\u0131mlar\u0131n, sembolizmin en yo\u011fun i\u015flendi\u011fi eserler binlerce y\u0131ll\u0131k kutsal metinler olarak kar\u015f\u0131m\u0131za \u00e7\u0131kmaktad\u0131r. Bilimsel ara\u015ft\u0131rmalara g\u00f6re d\u00fcnyada en \u00e7ok okunan ve derin i\u00e7eri\u011finden dolay\u0131 \u00fczerinde en \u00e7ok ara\u015ft\u0131rma yap\u0131lan kutsal kitap ise Kur\u2019an-\u0131 Kerim\u2019dir.Kur\u2019an-\u0131 Kerim vahiylerinin i\u00e7 ya da d\u0131\u015f ses frekanslar\u0131yla insano\u011fluna duyurulmu\u015f oldu\u011funu biliyoruz. O h\u00e2lde i\u015fitsel g\u00f6rsel zek\u00e2yla ilgili baz\u0131 sorular\u0131m\u0131z\u0131n cevab\u0131n\u0131 Kur\u2019an-\u0131 Kerim\u2019de bulabilmeliyiz. \u00d6rne\u011fin; ses etkisiyle olu\u015fan vahiy kelimeleri, anlaml\u0131 varl\u0131\u011f\u0131n\u0131 g\u00f6rsel kavramlarla beynimizde nas\u0131l tan\u0131mlatmaktad\u0131r? \u0130\u015fitsel ve g\u00f6rsel kavramlar\u0131n bilincimizde olu\u015fturdu\u011fu ortak simgeler, hangi belirgin mant\u0131\u011f\u0131 insano\u011fluna i\u015faret etmektedir? Bu mant\u0131ksal hedefin binlerce y\u0131ld\u0131r s\u00fcrekli olarak insano\u011flunun beyninde\/bilincinde g\u00f6sterdi\u011fi g\u00f6rsel resimler neye benzemektedir?D\u00fcnyada ilk defa ortaya \u00e7\u0131kar\u0131lan bu ke\u015fifle ger\u00e7ek maksad\u0131 anlayabilmek ve i\u015fitsel ve g\u00f6rsel zek\u00e2 sonu\u00e7lar\u0131yla \u201cilahi vahyi bilincimizde g\u00f6rmek\u201d m\u00fcmk\u00fcn olacak. Kutsal kitab\u0131m\u0131z\u0131n anlatt\u0131\u011f\u0131 t\u00fcm \u00f6yk\u00fclerin, olaylar\u0131n, anlat\u0131mlar\u0131n g\u00f6rsel kavramlar\u0131n\u0131n \u00e7izimlerini g\u00fc\u00e7l\u00fc mant\u0131ksal ba\u011flar\u0131yla \u00f6rg\u00fclenmi\u015f olarak \u201cg\u00f6receksiniz.\u201dJules Renard, Yazmak \u00dczerine Notla<\/p>\n","protected":false},"excerpt":{"rendered":"<p>\u0130\u015fitsel\/G\u00f6rsel zek\u00e2 \u201ckelimelerle g\u00f6rmek\u201d demektir. Anlaml\u0131 ses frekanslar\u0131n\u0131n insan beyninde g\u00f6rsel resimlere, kavramlara d\u00f6n\u00fc\u015fmesidir.\u0130\u015fitsel\/g\u00f6rsel zek\u00e2 kavram\u0131 ele al\u0131nd\u0131\u011f\u0131nda simgesel anlat\u0131mlar\u0131n, sembolizmin en yo\u011fun i\u015flendi\u011fi eserler binlerce<span class=\"excerpt-hellip\"> [\u2026]<\/span><\/p>\n","protected":false},"featured_media":0,"template":"","meta":{"_monsterinsights_skip_tracking":false,"_monsterinsights_sitenote_active":false,"_monsterinsights_sitenote_note":"","_monsterinsights_sitenote_category":0},"product_brand":[],"product_cat":[12718,12719,17284],"product_tag":[],"class_list":{"0":"post-725156","1":"product","2":"type-product","3":"status-publish","5":"product_cat-din","6":"product_cat-islam","7":"product_cat-kuran-ve-kuran-uzerine","8":"pa_cilt-ciltsiz","9":"pa_tur-kitap","10":"pa_yayinevi-la-kitap-yayinlari","11":"pa_yazar-ismail-metin","13":"first","14":"instock","15":"sale","16":"shipping-taxable","17":"purchasable","18":"product-type-simple"},"_links":{"self":[{"href":"https:\/\/roveyayinevi.com.tr\/index.php\/wp-json\/wp\/v2\/product\/725156","targetHints":{"allow":["GET"]}}],"collection":[{"href":"https:\/\/roveyayinevi.com.tr\/index.php\/wp-json\/wp\/v2\/product"}],"about":[{"href":"https:\/\/roveyayinevi.com.tr\/index.php\/wp-json\/wp\/v2\/types\/product"}],"wp:attachment":[{"href":"https:\/\/roveyayinevi.com.tr\/index.php\/wp-json\/wp\/v2\/media?parent=725156"}],"wp:term":[{"taxonomy":"product_brand","embeddable":true,"href":"https:\/\/roveyayinevi.com.tr\/index.php\/wp-json\/wp\/v2\/product_brand?post=725156"},{"taxonomy":"product_cat","embeddable":true,"href":"https:\/\/roveyayinevi.com.tr\/index.php\/wp-json\/wp\/v2\/product_cat?post=725156"},{"taxonomy":"product_tag","embeddable":true,"href":"https:\/\/roveyayinevi.com.tr\/index.php\/wp-json\/wp\/v2\/product_tag?post=725156"}],"curies":[{"name":"wp","href":"https:\/\/api.w.org\/{rel}","templated":true}]}}