{"id":725155,"date":"2025-08-27T19:45:34","date_gmt":"2025-08-27T16:45:34","guid":{"rendered":"https:\/\/roveyayinevi.com.tr\/index.php\/urun\/gulizarname\/"},"modified":"2026-04-16T02:32:52","modified_gmt":"2026-04-15T23:32:52","slug":"gulizarname","status":"publish","type":"product","link":"https:\/\/roveyayinevi.com.tr\/index.php\/urun\/gulizarname\/","title":{"rendered":"G\u00fclizarname"},"content":{"rendered":"<p>Geldiler da\u011flardan ve ovalardan kocam\u0131\u015flar. S\u00f6ylediler s\u00f6zlerini, g\u00f6kten a\u015fk\u0131n insan\u0131n \u00fcst\u00fcne nas\u0131l d\u00fc\u015ft\u00fc\u011f\u00fcne dair. \u015eimdi, G\u00fcliz\u00e2r&#8217;\u0131n g\u00f6z\u00fc ayd\u0131n, g\u00f6nl\u00fc ferah. Hakan \u0130lhan Kurt, &#8220;G\u00fcliz\u00e2rn\u00e2me&#8221; isimli eseriyle bizleri selaml\u0131yor.\u0130nsan, a\u015fkla yorumlarken k\u00e2inat\u0131; \u015fair, bu eserinde a\u015fk\u0131 k\u00e2inat\u0131n b\u00fct\u00fcn de\u011ferleriyle harmanl\u0131yor, i\u00e7 i\u00e7e ge\u00e7iriyor ve \u00f6n\u00fcm\u00fcze seriyor. Hakan \u0130lhan Kurt; G\u00fcliz\u00e2r&#8217;a en g\u00fczel sesleni\u015fini yap\u0131yor asl\u0131nda, &#8216;en g\u00fczel \u015fiirimi sana yazacakt\u0131m&#8217; diyerek. Biz de onu okurken; G\u00fcliz\u00e2r&#8217;\u0131 bazen bir \u00e7\u0131\u011fl\u0131kta, bazen bir bu\u011fday tanesinde g\u00f6rd\u00fck. K\u00e2h Tanr\u0131&#8217;ya \u015f\u00fckrettik k\u00e2h G\u00fcliz\u00e2r&#8217;a yalvard\u0131k. Korktuk y\u00fcz \u00e7evirmesinden, g\u00fcn\u00fcn ayd\u0131nl\u0131\u011f\u0131n\u0131 yitirmesinden. Sizler de bu de\u011ferli eseri okurken m\u0131sralar aras\u0131nda kaybolacak ve kelimelerin a\u015fka nas\u0131l boyun e\u011fdi\u011fine \u015fahit olacaks\u0131n\u0131z.M\u0131sralarla konu\u015facak ve a\u015fk\u0131n felsefesine de\u011fineceksiniz. G\u00fcliz\u00e2r bazen g\u00f6\u011fs\u00fcn\u00fczde g\u00f6rkemli bir isyan patlatacak, bazen ise b\u00fct\u00fcn safl\u0131\u011f\u0131yla diz \u00e7\u00f6kt\u00fcrecek. G\u00fczelli\u011fi, b\u00fct\u00fcnl\u00fc\u011f\u00fcnde G\u00fcliz\u00e2r&#8217;\u0131n. Sevmeye sebep bulamad\u0131\u011f\u0131m\u0131z \u015fu zaman\u0131n \u00e7irkinli\u011finde bizlere sevgiyi i\u015fliyor. Hakan \u0130lhan Kurt, bu eseriyle sevgiyi anlat\u0131rken de kulland\u0131\u011f\u0131 s\u00f6zc\u00fckleri \u00f6zenle se\u00e7erek \u00f6n\u00fcm\u00fcze ta\u015f\u0131yor. K\u00f6kl\u00fc bir edebiyat\u0131n \u00fcr\u00fcn\u00fc olan bu eser, i\u00e7erdi\u011fi zenginlik bak\u0131m\u0131ndan da s\u00f6zl\u00fcklerimize \u0131\u015f\u0131k tutuyor. Dedik ya; konu\u015ftu kocam\u0131\u015flar, \u015fimdi konu\u015fma vakti G\u00fcliz\u00e2r&#8217;\u0131n.<\/p>\n","protected":false},"excerpt":{"rendered":"<p>Geldiler da\u011flardan ve ovalardan kocam\u0131\u015flar. S\u00f6ylediler s\u00f6zlerini, g\u00f6kten a\u015fk\u0131n insan\u0131n \u00fcst\u00fcne nas\u0131l d\u00fc\u015ft\u00fc\u011f\u00fcne dair. \u015eimdi, G\u00fcliz\u00e2r&#8217;\u0131n g\u00f6z\u00fc ayd\u0131n, g\u00f6nl\u00fc ferah. Hakan \u0130lhan Kurt, &#8220;G\u00fcliz\u00e2rn\u00e2me&#8221; isimli eseriyle<span class=\"excerpt-hellip\"> [\u2026]<\/span><\/p>\n","protected":false},"featured_media":0,"template":"","meta":{"_monsterinsights_skip_tracking":false,"_monsterinsights_sitenote_active":false,"_monsterinsights_sitenote_note":"","_monsterinsights_sitenote_category":0},"product_brand":[],"product_cat":[12291,12509],"product_tag":[],"class_list":{"0":"post-725155","1":"product","2":"type-product","3":"status-publish","5":"product_cat-edebiyat","6":"product_cat-siir","7":"pa_cilt-ciltsiz","8":"pa_tur-kitap","9":"pa_yayinevi-otuken-nesriyat","10":"pa_yazar-hakan-ilhan-kurt","12":"first","13":"instock","14":"sale","15":"shipping-taxable","16":"purchasable","17":"product-type-simple"},"_links":{"self":[{"href":"https:\/\/roveyayinevi.com.tr\/index.php\/wp-json\/wp\/v2\/product\/725155","targetHints":{"allow":["GET"]}}],"collection":[{"href":"https:\/\/roveyayinevi.com.tr\/index.php\/wp-json\/wp\/v2\/product"}],"about":[{"href":"https:\/\/roveyayinevi.com.tr\/index.php\/wp-json\/wp\/v2\/types\/product"}],"wp:attachment":[{"href":"https:\/\/roveyayinevi.com.tr\/index.php\/wp-json\/wp\/v2\/media?parent=725155"}],"wp:term":[{"taxonomy":"product_brand","embeddable":true,"href":"https:\/\/roveyayinevi.com.tr\/index.php\/wp-json\/wp\/v2\/product_brand?post=725155"},{"taxonomy":"product_cat","embeddable":true,"href":"https:\/\/roveyayinevi.com.tr\/index.php\/wp-json\/wp\/v2\/product_cat?post=725155"},{"taxonomy":"product_tag","embeddable":true,"href":"https:\/\/roveyayinevi.com.tr\/index.php\/wp-json\/wp\/v2\/product_tag?post=725155"}],"curies":[{"name":"wp","href":"https:\/\/api.w.org\/{rel}","templated":true}]}}