{"id":725154,"date":"2025-08-27T19:45:34","date_gmt":"2025-08-27T16:45:34","guid":{"rendered":"https:\/\/roveyayinevi.com.tr\/index.php\/urun\/park-etme-abi-mal-gelecek-tegmen-nabiragin-dunya-raporlari\/"},"modified":"2026-04-16T02:32:52","modified_gmt":"2026-04-15T23:32:52","slug":"park-etme-abi-mal-gelecek-tegmen-nabiragin-dunya-raporlari","status":"publish","type":"product","link":"https:\/\/roveyayinevi.com.tr\/index.php\/urun\/park-etme-abi-mal-gelecek-tegmen-nabiragin-dunya-raporlari\/","title":{"rendered":"Park Etme Abi Mal Gelecek! &#8211; Te\u011fmen Nabirag\u2019\u0131n D\u00fcnya Raporlar\u0131"},"content":{"rendered":"<p>Y\u0131llard\u0131r t\u00fcrkiye\u2019de ya\u015fayan bir uzayl\u0131n\u0131n gizli notlar\u0131 bu kitapta!Sizce ger\u00e7ekten uzayl\u0131lar var m\u0131? Varsa bizi ziyaret ediyorlar m\u0131? Ediyorlarsa niye hi\u00e7 bize de buyurmuyorlar?Peki, diyelim ki uzayl\u0131lar ger\u00e7ekten var ve bizi ziyaret ediyorlar. G\u00f6z\u00fcn\u00fcz\u00fcn \u00f6n\u00fcne neler geliyor?Haval\u0131 uzay gemileri, \u0131\u015f\u0131n tabancalar\u0131, oradan oraya \u0131\u015f\u0131nlanan pelerinli adamlar falan filan&#8230;Fark\u0131nda m\u0131s\u0131n\u0131z, bunlar\u0131n hepsi bize filmlerin \u00f6\u011fretti\u011fi \u015feyler. Oysa ger\u00e7ekte durum \u00e7ok daha farkl\u0131 olamaz m\u0131? Al\u0131n size \u00e7ok gizli bir bilgi: Uzayl\u0131lar ger\u00e7ekten varlar ve uzun bir s\u00fcredir aram\u0131zdalar, yani T\u00fcrkiye&#8217;deler!Bu kitapta okuyacaklar\u0131n\u0131z, bir s\u00fcredir yetkililer taraf\u0131ndan izlenen ve \u015fifresi yeni \u00e7\u00f6z\u00fclebilmi\u015f birtak\u0131m gizli raporlar&#8230; Y\u0131llard\u0131r bizimle ya\u015fayan bir uzayl\u0131n\u0131n g\u00f6z\u00fcnden nas\u0131l g\u00f6r\u00fcn\u00fcyoruz merak ediyor musunuz?O zaman buyurun, sizi kitab\u0131n sayfalar\u0131na alal\u0131m&#8230;<\/p>\n","protected":false},"excerpt":{"rendered":"<p>Y\u0131llard\u0131r t\u00fcrkiye\u2019de ya\u015fayan bir uzayl\u0131n\u0131n gizli notlar\u0131 bu kitapta!Sizce ger\u00e7ekten uzayl\u0131lar var m\u0131? Varsa bizi ziyaret ediyorlar m\u0131? Ediyorlarsa niye hi\u00e7 bize de buyurmuyorlar?Peki, diyelim ki<span class=\"excerpt-hellip\"> [\u2026]<\/span><\/p>\n","protected":false},"featured_media":0,"template":"","meta":{"_monsterinsights_skip_tracking":false,"_monsterinsights_sitenote_active":false,"_monsterinsights_sitenote_note":"","_monsterinsights_sitenote_category":0},"product_brand":[],"product_cat":[12291,14825],"product_tag":[],"class_list":{"0":"post-725154","1":"product","2":"type-product","3":"status-publish","5":"product_cat-edebiyat","6":"product_cat-mizah","7":"pa_cilt-ciltsiz","8":"pa_tur-kitap","9":"pa_yayinevi-genc-hayat","10":"pa_yazar-fatih-congevel","12":"first","13":"instock","14":"sale","15":"shipping-taxable","16":"purchasable","17":"product-type-simple"},"_links":{"self":[{"href":"https:\/\/roveyayinevi.com.tr\/index.php\/wp-json\/wp\/v2\/product\/725154","targetHints":{"allow":["GET"]}}],"collection":[{"href":"https:\/\/roveyayinevi.com.tr\/index.php\/wp-json\/wp\/v2\/product"}],"about":[{"href":"https:\/\/roveyayinevi.com.tr\/index.php\/wp-json\/wp\/v2\/types\/product"}],"wp:attachment":[{"href":"https:\/\/roveyayinevi.com.tr\/index.php\/wp-json\/wp\/v2\/media?parent=725154"}],"wp:term":[{"taxonomy":"product_brand","embeddable":true,"href":"https:\/\/roveyayinevi.com.tr\/index.php\/wp-json\/wp\/v2\/product_brand?post=725154"},{"taxonomy":"product_cat","embeddable":true,"href":"https:\/\/roveyayinevi.com.tr\/index.php\/wp-json\/wp\/v2\/product_cat?post=725154"},{"taxonomy":"product_tag","embeddable":true,"href":"https:\/\/roveyayinevi.com.tr\/index.php\/wp-json\/wp\/v2\/product_tag?post=725154"}],"curies":[{"name":"wp","href":"https:\/\/api.w.org\/{rel}","templated":true}]}}