{"id":725152,"date":"2025-08-27T19:45:32","date_gmt":"2025-08-27T16:45:32","guid":{"rendered":"https:\/\/roveyayinevi.com.tr\/index.php\/urun\/gunese-yastik-firlatan-genc\/"},"modified":"2026-04-16T02:32:52","modified_gmt":"2026-04-15T23:32:52","slug":"gunese-yastik-firlatan-genc","status":"publish","type":"product","link":"https:\/\/roveyayinevi.com.tr\/index.php\/urun\/gunese-yastik-firlatan-genc\/","title":{"rendered":"G\u00fcne\u015fe Yast\u0131k F\u0131rlatan Gen\u00e7"},"content":{"rendered":"<p>Bug\u00fcnle gelece\u011fi bulu\u015fturan s\u00fcr\u00fckleyici bir kitap:Atarl\u0131 bir gencin hik\u00e2yesiHayal edin&#8230; Bir g\u00fcn, bir mek\u00e2nda otururken kendinizin 25 sene sonraki h\u00e2liyle kar\u015f\u0131la\u015f\u0131yorsunuz. G\u00f6zlerinize, kulaklar\u0131n\u0131za inanam\u0131yorsunuz.\u201cAman Allah\u2019\u0131m ben ve 25 sene sonraki h\u00e2lim nas\u0131l bir arada olabilir?\u201d diyorsunuz.Zaman makinesinin i\u00e7indeymi\u015f gibi \u015fimdiyle gelece\u011fi bir sahne i\u00e7inde ya\u015famaya ba\u015fl\u0131yorsunuz.\u0130nan\u0131lmaz ama 25 sene sonraki h\u00e2linizle kar\u015f\u0131 kar\u015f\u0131yas\u0131n\u0131z. Siz gen\u00e7li\u011fin en zirvesindeyken, g\u00fcne\u015fe yast\u0131k f\u0131rlatabilecek kadar deli dolu bir hayat ya\u015farken acaba 25 sene sonraki h\u00e2liniz size neler s\u00f6yleyebilir?\u0130ster g\u00fcne\u015fe yast\u0131k f\u0131rlat\u0131n, ister u\u00e7uk ka\u00e7\u0131k hayallerinizin pe\u015finden ko\u015fun ama kendinizle kar\u015f\u0131la\u015ft\u0131\u011f\u0131n\u0131zda kendinizin deneyimlerine muhakkak kulak verin.Bir solukta okuyabilece\u011finiz, kendinizle kar\u015f\u0131la\u015fman\u0131n bir\u00e7ok sahnesini ya\u015fayabilece\u011finiz s\u00fcr\u00fckleyici bu roman\u0131 okumaya haz\u0131r m\u0131s\u0131n\u0131z?<\/p>\n","protected":false},"excerpt":{"rendered":"<p>Bug\u00fcnle gelece\u011fi bulu\u015fturan s\u00fcr\u00fckleyici bir kitap:Atarl\u0131 bir gencin hik\u00e2yesiHayal edin&#8230; Bir g\u00fcn, bir mek\u00e2nda otururken kendinizin 25 sene sonraki h\u00e2liyle kar\u015f\u0131la\u015f\u0131yorsunuz. G\u00f6zlerinize, kulaklar\u0131n\u0131za inanam\u0131yorsunuz.\u201cAman Allah\u2019\u0131m ben<span class=\"excerpt-hellip\"> [\u2026]<\/span><\/p>\n","protected":false},"featured_media":0,"template":"","meta":{"_monsterinsights_skip_tracking":false,"_monsterinsights_sitenote_active":false,"_monsterinsights_sitenote_note":"","_monsterinsights_sitenote_category":0},"product_brand":[],"product_cat":[12291,12711],"product_tag":[],"class_list":{"0":"post-725152","1":"product","2":"type-product","3":"status-publish","5":"product_cat-edebiyat","6":"product_cat-roman-oyku","7":"pa_cilt-ciltsiz","8":"pa_tur-kitap","9":"pa_yayinevi-genc-hayat","10":"pa_yazar-handan-yalvac-arici","12":"first","13":"instock","14":"sale","15":"shipping-taxable","16":"purchasable","17":"product-type-simple"},"_links":{"self":[{"href":"https:\/\/roveyayinevi.com.tr\/index.php\/wp-json\/wp\/v2\/product\/725152","targetHints":{"allow":["GET"]}}],"collection":[{"href":"https:\/\/roveyayinevi.com.tr\/index.php\/wp-json\/wp\/v2\/product"}],"about":[{"href":"https:\/\/roveyayinevi.com.tr\/index.php\/wp-json\/wp\/v2\/types\/product"}],"wp:attachment":[{"href":"https:\/\/roveyayinevi.com.tr\/index.php\/wp-json\/wp\/v2\/media?parent=725152"}],"wp:term":[{"taxonomy":"product_brand","embeddable":true,"href":"https:\/\/roveyayinevi.com.tr\/index.php\/wp-json\/wp\/v2\/product_brand?post=725152"},{"taxonomy":"product_cat","embeddable":true,"href":"https:\/\/roveyayinevi.com.tr\/index.php\/wp-json\/wp\/v2\/product_cat?post=725152"},{"taxonomy":"product_tag","embeddable":true,"href":"https:\/\/roveyayinevi.com.tr\/index.php\/wp-json\/wp\/v2\/product_tag?post=725152"}],"curies":[{"name":"wp","href":"https:\/\/api.w.org\/{rel}","templated":true}]}}