{"id":725151,"date":"2025-08-27T19:45:31","date_gmt":"2025-08-27T16:45:31","guid":{"rendered":"https:\/\/roveyayinevi.com.tr\/index.php\/urun\/birinci-dunya-savasinda-ingiliz-propagandasi\/"},"modified":"2026-04-16T02:32:52","modified_gmt":"2026-04-15T23:32:52","slug":"birinci-dunya-savasinda-ingiliz-propagandasi","status":"publish","type":"product","link":"https:\/\/roveyayinevi.com.tr\/index.php\/urun\/birinci-dunya-savasinda-ingiliz-propagandasi\/","title":{"rendered":"Birinci D\u00fcnya Sava\u015f\u0131&#8217;nda \u0130ngiliz Propagandas\u0131"},"content":{"rendered":"<p>Propaganda ya da psikolojik sava\u015f, insanlar\u0131n sava\u015fa kar\u015f\u0131 tutumlar\u0131na karar vermelerini sa\u011flayan \u015fartlar \u00fczerine bir sahte \u00e7evre yaratmaya ba\u011fl\u0131d\u0131r. Bu nedenledir ki, sava\u015f propagandas\u0131 yapanlar i\u00e7in d\u00fc\u015fmana bir su\u00e7 y\u00fcklemek ve kendilerini i\u00e7in y\u00fcksek ahl\u00e2k\u00ee de\u011ferlerle bezenmi\u015f bir zemin haz\u0131rlamak esast\u0131r.Birinci D\u00fcnya Sava\u015f\u0131 boyunca sava\u015ftaki taraf devletler -\u00f6zellikle \u0130ngiltere ve Almanya- di\u011fer devletlere kar\u015f\u0131; sava\u015fa giri\u015flerindeki hakl\u0131l\u0131klar\u0131n\u0131 ve sava\u015f\u0131n ba\u015flamas\u0131na neden olanlara taraf olmad\u0131klar\u0131n\u0131 anlatma gere\u011fini duymu\u015flard\u0131r. Bu ama\u00e7la propaganda a\u011flar\u0131n\u0131 kurmu\u015f ve bunu bir kamu hizmeti olarak yorumlam\u0131\u015flard\u0131r. \u00c7ok etkin bir \u015fekilde yap\u0131lmaya ba\u015flanan propaganda faaliyetleri taraflar\u0131n din\u00ee, siyas\u00ee, asker\u00ee ve k\u00fclt\u00fcrel hedeflerine y\u00f6neltilerek, sava\u015fan taraf devletlerin sivil ve asker kitlelerini etkilemeyi ve y\u00f6nlendirmeyi hedef alm\u0131\u015f; yan\u0131ltma, taraftar kazanma ve planlanm\u0131\u015f istekleri kabul ettirme amac\u0131yla ac\u0131mas\u0131z bir \u015fekilde devam ettirilmi\u015ftir.Bu kitap, Birinci D\u00fcnya Sava\u015f\u0131\u2019nda \u0130ngilizlerin kendilerine y\u00fcksek ahlak\u00ee de\u011ferlerle s\u00fcsl\u00fc bir misyon y\u00fcklemek ve uluslararas\u0131 kamuoyunu ikna etmek i\u00e7in uygulam\u0131\u015f olduklar\u0131 propaganda faaliyetlerini ar\u015fiv belgelerinden istifade ederek a\u00e7\u0131klamaktad\u0131r.<\/p>\n","protected":false},"excerpt":{"rendered":"<p>Propaganda ya da psikolojik sava\u015f, insanlar\u0131n sava\u015fa kar\u015f\u0131 tutumlar\u0131na karar vermelerini sa\u011flayan \u015fartlar \u00fczerine bir sahte \u00e7evre yaratmaya ba\u011fl\u0131d\u0131r. Bu nedenledir ki, sava\u015f propagandas\u0131 yapanlar i\u00e7in<span class=\"excerpt-hellip\"> [\u2026]<\/span><\/p>\n","protected":false},"featured_media":0,"template":"","meta":{"_monsterinsights_skip_tracking":false,"_monsterinsights_sitenote_active":false,"_monsterinsights_sitenote_note":"","_monsterinsights_sitenote_category":0},"product_brand":[],"product_cat":[12370,12304],"product_tag":[],"class_list":{"0":"post-725151","1":"product","2":"type-product","3":"status-publish","5":"product_cat-arastirma-inceleme","6":"product_cat-tarih","7":"pa_cilt-ciltsiz","8":"pa_tur-kitap","9":"pa_yayinevi-otuken-nesriyat","10":"pa_yazar-servet-avsar","12":"first","13":"instock","14":"sale","15":"shipping-taxable","16":"purchasable","17":"product-type-simple"},"_links":{"self":[{"href":"https:\/\/roveyayinevi.com.tr\/index.php\/wp-json\/wp\/v2\/product\/725151","targetHints":{"allow":["GET"]}}],"collection":[{"href":"https:\/\/roveyayinevi.com.tr\/index.php\/wp-json\/wp\/v2\/product"}],"about":[{"href":"https:\/\/roveyayinevi.com.tr\/index.php\/wp-json\/wp\/v2\/types\/product"}],"wp:attachment":[{"href":"https:\/\/roveyayinevi.com.tr\/index.php\/wp-json\/wp\/v2\/media?parent=725151"}],"wp:term":[{"taxonomy":"product_brand","embeddable":true,"href":"https:\/\/roveyayinevi.com.tr\/index.php\/wp-json\/wp\/v2\/product_brand?post=725151"},{"taxonomy":"product_cat","embeddable":true,"href":"https:\/\/roveyayinevi.com.tr\/index.php\/wp-json\/wp\/v2\/product_cat?post=725151"},{"taxonomy":"product_tag","embeddable":true,"href":"https:\/\/roveyayinevi.com.tr\/index.php\/wp-json\/wp\/v2\/product_tag?post=725151"}],"curies":[{"name":"wp","href":"https:\/\/api.w.org\/{rel}","templated":true}]}}