{"id":725149,"date":"2025-08-27T19:45:30","date_gmt":"2025-08-27T16:45:30","guid":{"rendered":"https:\/\/roveyayinevi.com.tr\/index.php\/urun\/ii-mahmudun-sanat-cevresi\/"},"modified":"2026-04-16T02:32:52","modified_gmt":"2026-04-15T23:32:52","slug":"ii-mahmudun-sanat-cevresi","status":"publish","type":"product","link":"https:\/\/roveyayinevi.com.tr\/index.php\/urun\/ii-mahmudun-sanat-cevresi\/","title":{"rendered":"II. Mahmud&#8217;un Sanat \u00c7evresi"},"content":{"rendered":"<p>Osmanl\u0131 tarihinin en \u00e7ok tart\u0131\u015f\u0131lan devirlerinden biridir, II. Mahmud Devri. Kendisi de bir hattat olan Talip Mert, II. Mahmud\u2019un siyas\u00ee \u00e7evresinin bir hayli kar\u0131\u015f\u0131k olmas\u0131na ra\u011fmen, sanat \u00e7evresinin ne kadar \u015fa\u015faal\u0131 oldu\u011funu bu \u00e7al\u0131\u015fmayla g\u00f6z \u00f6n\u00fcne sermektedir. Bu kadar kar\u0131\u015f\u0131k bir ortamda bu sanatk\u00e2rlar\u0131n nas\u0131l yeti\u015fti\u011fi, ne \u015fekilde yeti\u015fti\u011fi gibi akla gelebilecek baz\u0131 suallere de cevap olabilecek \u00f6zel \u015fartlar\u0131 ortaya koyma gayretinde olan bu \u00e7al\u0131\u015fmada, o devrin sanatk\u00e2rlar\u0131ndan hattat ve bestak\u00e2rlar tan\u0131t\u0131l\u0131p, ink\u0131laplar\u0131n Bat\u0131l\u0131lar\u0131n bitip t\u00fckenmeyen entrikalar\u0131na ra\u011fmen yap\u0131ld\u0131\u011f\u0131 anlat\u0131lmaktad\u0131r. Devletin siyaseten hayli badire atlatt\u0131\u011f\u0131 ve \u00e7ok s\u0131k\u0131nt\u0131 oldu\u011fu bu zaman diliminde, \u00e7al\u0131\u015fmaya konu olan bu sanatk\u00e2rlar\u0131n varl\u0131\u011f\u0131 k\u00fclt\u00fcr tarihimiz i\u00e7in hakikaten bir teselli kayna\u011f\u0131d\u0131r. Hattat olarak bir Mustafa R\u00e2k\u0131m, bestek\u00e2r olarak bir Hamm\u00e2m\u00ee-z\u00e2de \u0130smail Dede tek ba\u015flar\u0131na bu devri tezyin edecek \u00e7ap ve kudrette b\u00fcy\u00fck sanatk\u00e2rlard\u0131r. Her ikisi de sahalar\u0131nda ger\u00e7ek birer efsanedir. Fakat bu devir sadece bu isimlerden ibaret olmay\u0131p, onlar kadar k\u0131ymetli eserler vermi\u015f daha bir\u00e7ok h\u00fcner sahibi insan\u0131 bar\u0131nd\u0131rm\u0131\u015ft\u0131r. II. Mahmud, II. Osman\u2019dan (Gen\u00e7 Osman) beri g\u00fcndemde olan ve yaln\u0131z ordunun \u0131slah\u0131n\u0131 esas alan anlay\u0131\u015f\u0131n k\u00e2fi gelmeyece\u011fini, devlette k\u00f6kl\u00fc \u0131slahatlar yap\u0131l\u0131p mevcut m\u00fcesseseleri modernize etmedik\u00e7e devletin bekas\u0131n\u0131n m\u00fcmk\u00fcn olamayaca\u011f\u0131n\u0131 kavram\u0131\u015f bir h\u00fck\u00fcmdard\u0131. Ne yaz\u0131k ki II. Mahmud\u2019a ink\u0131laplar\u0131n neticesini g\u00f6rmek nasip olmad\u0131 ama bug\u00fcne bir hazine b\u0131rakan isimlerin yeti\u015fmesine destek olan, sanat\u0131 ya\u015fatan bir h\u00fck\u00fcmdar olarak da tarihe ad\u0131n\u0131 yazd\u0131rd\u0131. E\u011fer II. Mahmud h\u00fcnk\u00e2r, hakan, sultan de\u011fil de Mahmud Efendi, Mahmud Bey, Mahmud A\u011fa da olsayd\u0131 iyi bir hatttat, g\u00fc\u00e7l\u00fc bir bestek\u00e2r ve \u015fair olarak sanat tarihinde yine yerini alacakt\u0131.<\/p>\n","protected":false},"excerpt":{"rendered":"<p>Osmanl\u0131 tarihinin en \u00e7ok tart\u0131\u015f\u0131lan devirlerinden biridir, II. Mahmud Devri. Kendisi de bir hattat olan Talip Mert, II. Mahmud\u2019un siyas\u00ee \u00e7evresinin bir hayli kar\u0131\u015f\u0131k olmas\u0131na ra\u011fmen,<span class=\"excerpt-hellip\"> [\u2026]<\/span><\/p>\n","protected":false},"featured_media":0,"template":"","meta":{"_monsterinsights_skip_tracking":false,"_monsterinsights_sitenote_active":false,"_monsterinsights_sitenote_note":"","_monsterinsights_sitenote_category":0},"product_brand":[],"product_cat":[12370,12304],"product_tag":[],"class_list":{"0":"post-725149","1":"product","2":"type-product","3":"status-publish","5":"product_cat-arastirma-inceleme","6":"product_cat-tarih","7":"pa_cilt-ciltsiz","8":"pa_tur-kitap","9":"pa_yayinevi-otuken-nesriyat","10":"pa_yazar-talip-mert","12":"first","13":"instock","14":"sale","15":"shipping-taxable","16":"purchasable","17":"product-type-simple"},"_links":{"self":[{"href":"https:\/\/roveyayinevi.com.tr\/index.php\/wp-json\/wp\/v2\/product\/725149","targetHints":{"allow":["GET"]}}],"collection":[{"href":"https:\/\/roveyayinevi.com.tr\/index.php\/wp-json\/wp\/v2\/product"}],"about":[{"href":"https:\/\/roveyayinevi.com.tr\/index.php\/wp-json\/wp\/v2\/types\/product"}],"wp:attachment":[{"href":"https:\/\/roveyayinevi.com.tr\/index.php\/wp-json\/wp\/v2\/media?parent=725149"}],"wp:term":[{"taxonomy":"product_brand","embeddable":true,"href":"https:\/\/roveyayinevi.com.tr\/index.php\/wp-json\/wp\/v2\/product_brand?post=725149"},{"taxonomy":"product_cat","embeddable":true,"href":"https:\/\/roveyayinevi.com.tr\/index.php\/wp-json\/wp\/v2\/product_cat?post=725149"},{"taxonomy":"product_tag","embeddable":true,"href":"https:\/\/roveyayinevi.com.tr\/index.php\/wp-json\/wp\/v2\/product_tag?post=725149"}],"curies":[{"name":"wp","href":"https:\/\/api.w.org\/{rel}","templated":true}]}}