{"id":725133,"date":"2025-08-27T19:45:17","date_gmt":"2025-08-27T16:45:17","guid":{"rendered":"https:\/\/roveyayinevi.com.tr\/index.php\/urun\/dilek-meclisi\/"},"modified":"2026-04-16T02:32:52","modified_gmt":"2026-04-15T23:32:52","slug":"dilek-meclisi","status":"publish","type":"product","link":"https:\/\/roveyayinevi.com.tr\/index.php\/urun\/dilek-meclisi\/","title":{"rendered":"Dilek Meclisi"},"content":{"rendered":"<p>1872 y\u0131l\u0131n\u0131n bir yaz g\u00fcn\u00fc kimsesiz iki \u00e7ocuk ile pe\u015findeki \u00fc\u00e7 adam aras\u0131nda amans\u0131z bir kovalamaca ya\u015fanmaktad\u0131r. Bu \u00e7ocuklar Naz ile Bahts\u0131z\u2019dan ba\u015fkas\u0131 de\u011fil. Soluk solu\u011fa bir tepede durup mola verirken Naz bir su birikintisinde peri\u015fan halde bir u\u011furb\u00f6ce\u011fi bulur. Onu d\u00fc\u015ft\u00fc\u011f\u00fc su birikintisinden kurtar\u0131r ve ondan bir dilek diler. Yasakl\u0131 kent U\u011furna\u2019dan gizlice \u00e7\u0131k\u0131p buralara gelen U\u011furb\u00f6ce\u011fi Seki, Naz\u2019\u0131n dile\u011fini nas\u0131l yerine getirecek? Naz ile Bahts\u0131z pe\u015findeki adamlardan kurtulabilecek mi? En \u00f6nemlisi Naz ile Bahts\u0131z hayallerine kavu\u015fabilecekler mi?D\u0130LEK MECL\u0130S\u0130\u2019ni okurken imk\u00e2ns\u0131z gibi g\u00f6r\u00fcnen olaylar\u0131n a\u015f\u0131labilece\u011fini, \u00e7aresizken dost bir elin uzand\u0131\u011f\u0131na tan\u0131k olacaks\u0131n\u0131z.<\/p>\n","protected":false},"excerpt":{"rendered":"<p>1872 y\u0131l\u0131n\u0131n bir yaz g\u00fcn\u00fc kimsesiz iki \u00e7ocuk ile pe\u015findeki \u00fc\u00e7 adam aras\u0131nda amans\u0131z bir kovalamaca ya\u015fanmaktad\u0131r. Bu \u00e7ocuklar Naz ile Bahts\u0131z\u2019dan ba\u015fkas\u0131 de\u011fil. Soluk solu\u011fa<span class=\"excerpt-hellip\"> [\u2026]<\/span><\/p>\n","protected":false},"featured_media":0,"template":"","meta":{"_monsterinsights_skip_tracking":false,"_monsterinsights_sitenote_active":false,"_monsterinsights_sitenote_note":"","_monsterinsights_sitenote_category":0},"product_brand":[],"product_cat":[12274,12631],"product_tag":[],"class_list":{"0":"post-725133","1":"product","2":"type-product","3":"status-publish","5":"product_cat-cocuk-ve-genclik-kitaplari","6":"product_cat-diger-cocuk-ve-genclik-kitaplari","7":"pa_cilt-ciltsiz","8":"pa_tur-kitap","9":"pa_yayinevi-iki-eylul-yayinevi","10":"pa_yazar-selahattin-saygi","12":"first","13":"instock","14":"sale","15":"shipping-taxable","16":"purchasable","17":"product-type-simple"},"_links":{"self":[{"href":"https:\/\/roveyayinevi.com.tr\/index.php\/wp-json\/wp\/v2\/product\/725133","targetHints":{"allow":["GET"]}}],"collection":[{"href":"https:\/\/roveyayinevi.com.tr\/index.php\/wp-json\/wp\/v2\/product"}],"about":[{"href":"https:\/\/roveyayinevi.com.tr\/index.php\/wp-json\/wp\/v2\/types\/product"}],"wp:attachment":[{"href":"https:\/\/roveyayinevi.com.tr\/index.php\/wp-json\/wp\/v2\/media?parent=725133"}],"wp:term":[{"taxonomy":"product_brand","embeddable":true,"href":"https:\/\/roveyayinevi.com.tr\/index.php\/wp-json\/wp\/v2\/product_brand?post=725133"},{"taxonomy":"product_cat","embeddable":true,"href":"https:\/\/roveyayinevi.com.tr\/index.php\/wp-json\/wp\/v2\/product_cat?post=725133"},{"taxonomy":"product_tag","embeddable":true,"href":"https:\/\/roveyayinevi.com.tr\/index.php\/wp-json\/wp\/v2\/product_tag?post=725133"}],"curies":[{"name":"wp","href":"https:\/\/api.w.org\/{rel}","templated":true}]}}