{"id":725131,"date":"2025-08-27T19:45:16","date_gmt":"2025-08-27T16:45:16","guid":{"rendered":"https:\/\/roveyayinevi.com.tr\/index.php\/urun\/eksi-uc-ve-gurultucu-lusi\/"},"modified":"2026-04-16T02:32:52","modified_gmt":"2026-04-15T23:32:52","slug":"eksi-uc-ve-gurultucu-lusi","status":"publish","type":"product","link":"https:\/\/roveyayinevi.com.tr\/index.php\/urun\/eksi-uc-ve-gurultucu-lusi\/","title":{"rendered":"Eksi \u00dc\u00e7 Ve G\u00fcr\u00fclt\u00fcc\u00fc Lusi"},"content":{"rendered":"<p>Eksi \u00dc\u00e7 yeni evcil hayvan\u0131 Lusi&#8217;yi \u00e7ok sever. Bu tatl\u0131 k\u0131z onun hayat\u0131na ne\u015fed katm\u0131\u015ft\u0131r. \u00dcstelik Lusi &#8216;nin \u015fahane kabiliyeti vard\u0131r. Lusi duydu\u011fu her sesi taklit edebilir. Volkan\u0131n patlama sesi, f\u0131rt\u0131nan\u0131n korkun\u00e7 g\u00fcr\u00fclt\u00fcs\u00fc ya da ilkel bir ku\u015f olan arkeopteriksin  \u00e7\u0131\u011fl\u0131\u011f\u0131&#8230; Akl\u0131n\u0131za ne gelirse art\u0131k ! Ancak Lusi&#8217;nin bu yetene\u011finden evdekiler hi\u00e7 ho\u015flanmaz ve b\u00f6yle devam ederse Lusi&#8217;ye art\u0131k bakamayacaklar\u0131n\u0131 s\u00f6ylerler.  \u00c7aresiz kalan Eksi \u00dc\u00e7, Lusiyi evcil hayvan okuluna yazd\u0131r\u0131r. Lusi, bu okulda &#8221; otur&#8221; , &#8220;dur&#8221; gibi baz\u0131 komutlar\u0131 \u00f6\u011frenir. Ama \u00e7\u0131kard\u0131\u011f\u0131 g\u00fcr\u00fclt\u00fcyle okuldaki di\u011fer hayvanlar\u0131 da delirtir. Lusi&#8217;den ayr\u0131lmak istemeyen Eksi \u00dc\u00e7&#8217;\u00fcn art\u0131k bu soruna bir \u00e7\u00f6z\u00fcm bulmas\u0131 gerekir.<\/p>\n","protected":false},"excerpt":{"rendered":"<p>Eksi \u00dc\u00e7 yeni evcil hayvan\u0131 Lusi&#8217;yi \u00e7ok sever. Bu tatl\u0131 k\u0131z onun hayat\u0131na ne\u015fed katm\u0131\u015ft\u0131r. \u00dcstelik Lusi &#8216;nin \u015fahane kabiliyeti vard\u0131r. Lusi duydu\u011fu her sesi taklit<span class=\"excerpt-hellip\"> [\u2026]<\/span><\/p>\n","protected":false},"featured_media":0,"template":"","meta":{"_monsterinsights_skip_tracking":false,"_monsterinsights_sitenote_active":false,"_monsterinsights_sitenote_note":"","_monsterinsights_sitenote_category":0},"product_brand":[],"product_cat":[12275,12274],"product_tag":[],"class_list":{"0":"post-725131","1":"product","2":"type-product","3":"status-publish","5":"product_cat-6-12-yas-kitaplari","6":"product_cat-cocuk-ve-genclik-kitaplari","7":"pa_cilt-ciltsiz","8":"pa_tur-kitap","9":"pa_yayinevi-dinozor-cocuk","10":"pa_yazar-ute-krause","12":"first","13":"instock","14":"sale","15":"shipping-taxable","16":"purchasable","17":"product-type-simple"},"_links":{"self":[{"href":"https:\/\/roveyayinevi.com.tr\/index.php\/wp-json\/wp\/v2\/product\/725131","targetHints":{"allow":["GET"]}}],"collection":[{"href":"https:\/\/roveyayinevi.com.tr\/index.php\/wp-json\/wp\/v2\/product"}],"about":[{"href":"https:\/\/roveyayinevi.com.tr\/index.php\/wp-json\/wp\/v2\/types\/product"}],"wp:attachment":[{"href":"https:\/\/roveyayinevi.com.tr\/index.php\/wp-json\/wp\/v2\/media?parent=725131"}],"wp:term":[{"taxonomy":"product_brand","embeddable":true,"href":"https:\/\/roveyayinevi.com.tr\/index.php\/wp-json\/wp\/v2\/product_brand?post=725131"},{"taxonomy":"product_cat","embeddable":true,"href":"https:\/\/roveyayinevi.com.tr\/index.php\/wp-json\/wp\/v2\/product_cat?post=725131"},{"taxonomy":"product_tag","embeddable":true,"href":"https:\/\/roveyayinevi.com.tr\/index.php\/wp-json\/wp\/v2\/product_tag?post=725131"}],"curies":[{"name":"wp","href":"https:\/\/api.w.org\/{rel}","templated":true}]}}