{"id":725130,"date":"2025-08-27T19:45:15","date_gmt":"2025-08-27T16:45:15","guid":{"rendered":"https:\/\/roveyayinevi.com.tr\/index.php\/urun\/akbaba-dobrillanin-inanilmaz-yolculugu\/"},"modified":"2026-04-16T02:32:52","modified_gmt":"2026-04-15T23:32:52","slug":"akbaba-dobrillanin-inanilmaz-yolculugu","status":"publish","type":"product","link":"https:\/\/roveyayinevi.com.tr\/index.php\/urun\/akbaba-dobrillanin-inanilmaz-yolculugu\/","title":{"rendered":"Akbaba Dobrilla&#8217;n\u0131n \u0130nan\u0131lmaz Yolculu\u011fu"},"content":{"rendered":"<p>Uvac Vadisi\u2019nde g\u00f6zlerini a\u00e7m\u0131\u015f ve nesli t\u00fckenme tehlikesiyle kar\u015f\u0131 kar\u015f\u0131ya olan bir k\u0131z\u0131l akbaba Dobrilla&#8230;S\u0131cak \u00fclkelere g\u00f6\u00e7 ederken ba\u015f\u0131ndan ge\u00e7en ilgin\u00e7 olaylar&#8230;Arkada\u015fl\u0131\u011f\u0131n, dostlu\u011fun ve sevginin ne demek oldu\u011funu yolda \u00f6\u011frenmeye \u00e7al\u0131\u015fan Akbaba Dobrilla, di\u011fer akbabalar gibi g\u00f6\u00e7 etmek istiyordu. Fakat bu g\u00f6\u00e7 yolculu\u011fu hi\u00e7 kolay olmayacakt\u0131, ba\u015fka hayvanlarla kar\u015f\u0131la\u015facak, insanlar\u0131 tan\u0131yacakt\u0131. Dobrilla yolda ger\u00e7ek dostlu\u011fu \u00f6\u011frenecek ve korkular\u0131yla y\u00fczle\u015fecekti.Akbaba Dobrilla\u2019n\u0131n \u0130nan\u0131lmaz Yolculu\u011fu, g\u00fc\u00e7l\u00fcklerle m\u00fccadele eden, ger\u00e7ek dostlu\u011fun ne demek oldu\u011funu \u00f6\u011frenen bir akbaban\u0131n ger\u00e7ek hik\u00e2yesi\u2026<\/p>\n","protected":false},"excerpt":{"rendered":"<p>Uvac Vadisi\u2019nde g\u00f6zlerini a\u00e7m\u0131\u015f ve nesli t\u00fckenme tehlikesiyle kar\u015f\u0131 kar\u015f\u0131ya olan bir k\u0131z\u0131l akbaba Dobrilla&#8230;S\u0131cak \u00fclkelere g\u00f6\u00e7 ederken ba\u015f\u0131ndan ge\u00e7en ilgin\u00e7 olaylar&#8230;Arkada\u015fl\u0131\u011f\u0131n, dostlu\u011fun ve sevginin ne<span class=\"excerpt-hellip\"> [\u2026]<\/span><\/p>\n","protected":false},"featured_media":0,"template":"","meta":{"_monsterinsights_skip_tracking":false,"_monsterinsights_sitenote_active":false,"_monsterinsights_sitenote_note":"","_monsterinsights_sitenote_category":0},"product_brand":[],"product_cat":[12274,12284],"product_tag":[],"class_list":{"0":"post-725130","1":"product","2":"type-product","3":"status-publish","5":"product_cat-cocuk-ve-genclik-kitaplari","6":"product_cat-hikayeler","7":"pa_cilt-ciltsiz","8":"pa_tur-kitap","9":"pa_yayinevi-timas-cocuk","10":"pa_yazar-mustafa-orakci","12":"first","13":"instock","14":"sale","15":"shipping-taxable","16":"purchasable","17":"product-type-simple"},"_links":{"self":[{"href":"https:\/\/roveyayinevi.com.tr\/index.php\/wp-json\/wp\/v2\/product\/725130","targetHints":{"allow":["GET"]}}],"collection":[{"href":"https:\/\/roveyayinevi.com.tr\/index.php\/wp-json\/wp\/v2\/product"}],"about":[{"href":"https:\/\/roveyayinevi.com.tr\/index.php\/wp-json\/wp\/v2\/types\/product"}],"wp:attachment":[{"href":"https:\/\/roveyayinevi.com.tr\/index.php\/wp-json\/wp\/v2\/media?parent=725130"}],"wp:term":[{"taxonomy":"product_brand","embeddable":true,"href":"https:\/\/roveyayinevi.com.tr\/index.php\/wp-json\/wp\/v2\/product_brand?post=725130"},{"taxonomy":"product_cat","embeddable":true,"href":"https:\/\/roveyayinevi.com.tr\/index.php\/wp-json\/wp\/v2\/product_cat?post=725130"},{"taxonomy":"product_tag","embeddable":true,"href":"https:\/\/roveyayinevi.com.tr\/index.php\/wp-json\/wp\/v2\/product_tag?post=725130"}],"curies":[{"name":"wp","href":"https:\/\/api.w.org\/{rel}","templated":true}]}}