{"id":725129,"date":"2025-08-27T19:45:14","date_gmt":"2025-08-27T16:45:14","guid":{"rendered":"https:\/\/roveyayinevi.com.tr\/index.php\/urun\/ari-cocuk-vampir-kurtcuklarin-plani-ciltli\/"},"modified":"2026-04-16T02:32:52","modified_gmt":"2026-04-15T23:32:52","slug":"ari-cocuk-vampir-kurtcuklarin-plani-ciltli","status":"publish","type":"product","link":"https:\/\/roveyayinevi.com.tr\/index.php\/urun\/ari-cocuk-vampir-kurtcuklarin-plani-ciltli\/","title":{"rendered":"Ar\u0131 \u00c7ocuk &#8211; Vampir Kurt\u00e7uklar\u0131n Plan\u0131 (Ciltli)"},"content":{"rendered":"<p>Yar\u0131 Ar\u0131. Yar\u0131 \u0130nsan.Melvin Meadly&#8230; Ar\u0131 \u00e7ocuk.Ar\u0131lar\u0131n ba\u015f\u0131 dertte! Gezegenin her yan\u0131nda kan emici vampir kurt\u00e7uklar kovanlar\u0131 istila edip b\u00fct\u00fcn kolonileri yok ediyorlar. Mel \u00e7ok sevdi\u011fi ar\u0131lar\u0131n\u0131 korumak i\u00e7in sava\u015fmal\u0131 ama endi\u015felendi\u011fi tek \u015fey bu de\u011fil \u00e7\u00fcnk\u00fc ar\u0131 yeti\u015ftiricileri gizemli bir \u015fekilde ortadan kaybolmaya ba\u015fl\u0131yor&#8230; Melvin ar\u0131 yeti\u015ftiricilerini bulup ar\u0131lar\u0131n\u0131 kurtarabilecek mi?<\/p>\n","protected":false},"excerpt":{"rendered":"<p>Yar\u0131 Ar\u0131. Yar\u0131 \u0130nsan.Melvin Meadly&#8230; Ar\u0131 \u00e7ocuk.Ar\u0131lar\u0131n ba\u015f\u0131 dertte! Gezegenin her yan\u0131nda kan emici vampir kurt\u00e7uklar kovanlar\u0131 istila edip b\u00fct\u00fcn kolonileri yok ediyorlar. Mel \u00e7ok sevdi\u011fi<span class=\"excerpt-hellip\"> [\u2026]<\/span><\/p>\n","protected":false},"featured_media":0,"template":"","meta":{"_monsterinsights_skip_tracking":false,"_monsterinsights_sitenote_active":false,"_monsterinsights_sitenote_note":"","_monsterinsights_sitenote_category":0},"product_brand":[],"product_cat":[12274,12284],"product_tag":[],"class_list":{"0":"post-725129","1":"product","2":"type-product","3":"status-publish","5":"product_cat-cocuk-ve-genclik-kitaplari","6":"product_cat-hikayeler","7":"pa_cilt-ciltli","8":"pa_tur-kitap","9":"pa_yayinevi-timas-cocuk","10":"pa_yazar-tony-de-saulles","12":"first","13":"instock","14":"sale","15":"shipping-taxable","16":"purchasable","17":"product-type-simple"},"_links":{"self":[{"href":"https:\/\/roveyayinevi.com.tr\/index.php\/wp-json\/wp\/v2\/product\/725129","targetHints":{"allow":["GET"]}}],"collection":[{"href":"https:\/\/roveyayinevi.com.tr\/index.php\/wp-json\/wp\/v2\/product"}],"about":[{"href":"https:\/\/roveyayinevi.com.tr\/index.php\/wp-json\/wp\/v2\/types\/product"}],"wp:attachment":[{"href":"https:\/\/roveyayinevi.com.tr\/index.php\/wp-json\/wp\/v2\/media?parent=725129"}],"wp:term":[{"taxonomy":"product_brand","embeddable":true,"href":"https:\/\/roveyayinevi.com.tr\/index.php\/wp-json\/wp\/v2\/product_brand?post=725129"},{"taxonomy":"product_cat","embeddable":true,"href":"https:\/\/roveyayinevi.com.tr\/index.php\/wp-json\/wp\/v2\/product_cat?post=725129"},{"taxonomy":"product_tag","embeddable":true,"href":"https:\/\/roveyayinevi.com.tr\/index.php\/wp-json\/wp\/v2\/product_tag?post=725129"}],"curies":[{"name":"wp","href":"https:\/\/api.w.org\/{rel}","templated":true}]}}