{"id":725127,"date":"2025-08-27T19:45:12","date_gmt":"2025-08-27T16:45:12","guid":{"rendered":"https:\/\/roveyayinevi.com.tr\/index.php\/urun\/agaca-tirmanan-keci\/"},"modified":"2026-04-16T02:32:52","modified_gmt":"2026-04-15T23:32:52","slug":"agaca-tirmanan-keci","status":"publish","type":"product","link":"https:\/\/roveyayinevi.com.tr\/index.php\/urun\/agaca-tirmanan-keci\/","title":{"rendered":"A\u011faca T\u0131rmanan Ke\u00e7i"},"content":{"rendered":"<p>\u0130nat\u00e7\u0131 ke\u00e7iler, \u00e7imenleri yemek i\u00e7in yar\u0131\u015f halinde. Peki en g\u00fczel \u00e7imenleri hangi ke\u00e7i yiyecek? En \u00e7ok s\u00fct veren mi, en y\u00fcksek sesle meleyen mi, yoksa en y\u00fckse\u011fe z\u0131playan m\u0131?Ke\u00e7i Ke\u00e7eli, en g\u00fczel \u00e7imenleri hak etmek i\u00e7in kiraz a\u011fac\u0131n\u0131n tepesine t\u0131rman\u0131nca a\u011fa\u00e7ta mahsur kal\u0131yor. Onu kurtarmak i\u00e7inse K\u00fcpeli&#8217;nin bir plan\u0131 var. &#8220;A\u011faca T\u0131rmanan Ke\u00e7i&#8221; ke\u00e7ilerin a\u00e7g\u00f6zl\u00fcl\u00fck y\u00fcz\u00fcnden d\u00fc\u015ft\u00fckleri durumlar\u0131 ve bulduklar\u0131 \u00e7\u00f6z\u00fcm yollar\u0131n\u0131 komik bir dille anlat\u0131yor. <\/p>\n","protected":false},"excerpt":{"rendered":"<p>\u0130nat\u00e7\u0131 ke\u00e7iler, \u00e7imenleri yemek i\u00e7in yar\u0131\u015f halinde. Peki en g\u00fczel \u00e7imenleri hangi ke\u00e7i yiyecek? En \u00e7ok s\u00fct veren mi, en y\u00fcksek sesle meleyen mi, yoksa en<span class=\"excerpt-hellip\"> [\u2026]<\/span><\/p>\n","protected":false},"featured_media":0,"template":"","meta":{"_monsterinsights_skip_tracking":false,"_monsterinsights_sitenote_active":false,"_monsterinsights_sitenote_note":"","_monsterinsights_sitenote_category":0},"product_brand":[],"product_cat":[12913,12274],"product_tag":[],"class_list":{"0":"post-725127","1":"product","2":"type-product","3":"status-publish","5":"product_cat-3-6-yas-kitaplari","6":"product_cat-cocuk-ve-genclik-kitaplari","7":"pa_cilt-ciltsiz","8":"pa_tur-kitap","9":"pa_yayinevi-timas-cocuk","10":"pa_yazar-manica-musil","12":"first","13":"instock","14":"sale","15":"shipping-taxable","16":"purchasable","17":"product-type-simple"},"_links":{"self":[{"href":"https:\/\/roveyayinevi.com.tr\/index.php\/wp-json\/wp\/v2\/product\/725127","targetHints":{"allow":["GET"]}}],"collection":[{"href":"https:\/\/roveyayinevi.com.tr\/index.php\/wp-json\/wp\/v2\/product"}],"about":[{"href":"https:\/\/roveyayinevi.com.tr\/index.php\/wp-json\/wp\/v2\/types\/product"}],"wp:attachment":[{"href":"https:\/\/roveyayinevi.com.tr\/index.php\/wp-json\/wp\/v2\/media?parent=725127"}],"wp:term":[{"taxonomy":"product_brand","embeddable":true,"href":"https:\/\/roveyayinevi.com.tr\/index.php\/wp-json\/wp\/v2\/product_brand?post=725127"},{"taxonomy":"product_cat","embeddable":true,"href":"https:\/\/roveyayinevi.com.tr\/index.php\/wp-json\/wp\/v2\/product_cat?post=725127"},{"taxonomy":"product_tag","embeddable":true,"href":"https:\/\/roveyayinevi.com.tr\/index.php\/wp-json\/wp\/v2\/product_tag?post=725127"}],"curies":[{"name":"wp","href":"https:\/\/api.w.org\/{rel}","templated":true}]}}