{"id":725126,"date":"2025-08-27T19:45:11","date_gmt":"2025-08-27T16:45:11","guid":{"rendered":"https:\/\/roveyayinevi.com.tr\/index.php\/urun\/zaman-tursusu-gelecegi-kurtarma-plani\/"},"modified":"2026-04-16T02:32:52","modified_gmt":"2026-04-15T23:32:52","slug":"zaman-tursusu-gelecegi-kurtarma-plani","status":"publish","type":"product","link":"https:\/\/roveyayinevi.com.tr\/index.php\/urun\/zaman-tursusu-gelecegi-kurtarma-plani\/","title":{"rendered":"Zaman Tur\u015fusu &#8211; Gelece\u011fi Kurtarma Plan\u0131"},"content":{"rendered":"<p>Her \u015fey K\u0131smet\u2019in lezzetli tur\u015fulara kavu\u015fmak i\u00e7in bir tur\u015fu makinesi yapmas\u0131yla ba\u015flam\u0131\u015ft\u0131. Onun tur\u015fu sevdas\u0131 ve a\u011fabeyi Ha\u015fmet\u2019in yani benim \u00fcst\u00fcn isim bulma yetene\u011fim sayesinde son g\u00fcncellemelerle Zaman Tur\u015fusu yine yola \u00e7\u0131k\u0131yor. Nereye mi? Bu sefer gelece\u011fe! Hem de 2384 y\u0131l\u0131na! 17D filmlerden \u015feffaf k\u0131yafetlere, u\u00e7an kutu g\u00f6r\u00fcn\u00fcml\u00fc robotlardan kaps\u00fclden evlere\u2026 Konumuza d\u00f6nelim\u2026 M\u00fckemmel m\u00fchendis K\u0131smet, tur\u015fu makinesini yaparken san\u0131r\u0131m bir par\u00e7ay\u0131 eksik takt\u0131, belki de fazla\u2026 B\u00f6ylece bizim tur\u015fu makinesi, oldu mu size bir zaman makinesi! Sonra ne mi oldu? O u\u00e7an araba nereden geldi? Merak ediyorsan\u0131z elinizdeki kitab\u0131n sayfalar\u0131n\u0131 a\u00e7\u0131n ve bizimle zaman\u0131n tur\u015fusunu \u00e7\u0131karmaya haz\u0131r olun!<\/p>\n","protected":false},"excerpt":{"rendered":"<p>Her \u015fey K\u0131smet\u2019in lezzetli tur\u015fulara kavu\u015fmak i\u00e7in bir tur\u015fu makinesi yapmas\u0131yla ba\u015flam\u0131\u015ft\u0131. Onun tur\u015fu sevdas\u0131 ve a\u011fabeyi Ha\u015fmet\u2019in yani benim \u00fcst\u00fcn isim bulma yetene\u011fim sayesinde son<span class=\"excerpt-hellip\"> [\u2026]<\/span><\/p>\n","protected":false},"featured_media":0,"template":"","meta":{"_monsterinsights_skip_tracking":false,"_monsterinsights_sitenote_active":false,"_monsterinsights_sitenote_note":"","_monsterinsights_sitenote_category":0},"product_brand":[],"product_cat":[12275,12274],"product_tag":[],"class_list":{"0":"post-725126","1":"product","2":"type-product","3":"status-publish","5":"product_cat-6-12-yas-kitaplari","6":"product_cat-cocuk-ve-genclik-kitaplari","7":"pa_cilt-ciltli","8":"pa_tur-kitap","9":"pa_yayinevi-timas-cocuk","10":"pa_yazar-haktan-kaan-icel","12":"first","13":"instock","14":"sale","15":"shipping-taxable","16":"purchasable","17":"product-type-simple"},"_links":{"self":[{"href":"https:\/\/roveyayinevi.com.tr\/index.php\/wp-json\/wp\/v2\/product\/725126","targetHints":{"allow":["GET"]}}],"collection":[{"href":"https:\/\/roveyayinevi.com.tr\/index.php\/wp-json\/wp\/v2\/product"}],"about":[{"href":"https:\/\/roveyayinevi.com.tr\/index.php\/wp-json\/wp\/v2\/types\/product"}],"wp:attachment":[{"href":"https:\/\/roveyayinevi.com.tr\/index.php\/wp-json\/wp\/v2\/media?parent=725126"}],"wp:term":[{"taxonomy":"product_brand","embeddable":true,"href":"https:\/\/roveyayinevi.com.tr\/index.php\/wp-json\/wp\/v2\/product_brand?post=725126"},{"taxonomy":"product_cat","embeddable":true,"href":"https:\/\/roveyayinevi.com.tr\/index.php\/wp-json\/wp\/v2\/product_cat?post=725126"},{"taxonomy":"product_tag","embeddable":true,"href":"https:\/\/roveyayinevi.com.tr\/index.php\/wp-json\/wp\/v2\/product_tag?post=725126"}],"curies":[{"name":"wp","href":"https:\/\/api.w.org\/{rel}","templated":true}]}}