{"id":725124,"date":"2025-08-27T19:45:10","date_gmt":"2025-08-27T16:45:10","guid":{"rendered":"https:\/\/roveyayinevi.com.tr\/index.php\/urun\/peki-ama-neden-seti-3-kitap-takim\/"},"modified":"2026-04-16T02:32:52","modified_gmt":"2026-04-15T23:32:52","slug":"peki-ama-neden-seti-3-kitap-takim","status":"publish","type":"product","link":"https:\/\/roveyayinevi.com.tr\/index.php\/urun\/peki-ama-neden-seti-3-kitap-takim\/","title":{"rendered":"Peki Ama Neden? Seti &#8211; 3 Kitap Tak\u0131m"},"content":{"rendered":"<p>Peki Ama Neden?-\u0130nsan V\u00fccuduKediler neden kumlar\u0131 sever?Dinozorlar neden yok oldu?Zebralar neden \u00e7izgilidir?Sen yeter ki merak et!Peki Ama Neden? serisi dev bir bilgi kasesi. \u0130ster avu\u00e7 avu\u00e7 h\u00fcplet, ister e\u011flenceli bir oyuna \u00e7evirmek i\u00e7in arkada\u015flar\u0131na da ikram et.E\u011fer haz\u0131rsan, ak\u0131lalmaz bilgilerle dolu hayvanlar alemi yolculu\u011fumuz ba\u015flas\u0131n.Peki Ama Neden?-HayvanlarNeden kan\u0131m\u0131z k\u0131rm\u0131z\u0131?Neden hap\u015f\u0131r\u0131rken g\u00f6zlerimizi kapar\u0131z?Neden ayaklar\u0131m\u0131z kokar?Sen yeter ki merak et!Peki Ama Neden? serisi dev bir bilgi kasesi. \u0130ster avu\u00e7 avu\u00e7 h\u00fcplet, ister e\u011flenceli bir oyuna \u00e7evirmek i\u00e7in arkada\u015flar\u0131na da ikram et.Ne dersin, v\u00fccudun hakk\u0131nda inan\u0131lmaz \u015feyler duymaya haz\u0131r m\u0131s\u0131n?Peki Ama Neden?-Bilim ve TeknikBilgisayarlara neden vir\u00fcs bula\u015f\u0131r?Posta pullar\u0131n\u0131n kenarlar\u0131 neden t\u0131rt\u0131kl\u0131d\u0131r?U\u00e7aklar arkalar\u0131nda neden duman izi b\u0131rak\u0131r?Sen yeter ki merak et!Peki Ama Neden? serisi dev bir bilgi kasesi. \u0130ster avu\u00e7 avu\u00e7 h\u00fcplet, ister e\u011flenceli bir oyuna \u00e7evirmek i\u00e7in arkada\u015flar\u0131na da ikram et.Haydi o zaman, bilimin sihir kokan d\u00fcnyas\u0131na giri\u015f vakti.<\/p>\n","protected":false},"excerpt":{"rendered":"<p>Peki Ama Neden?-\u0130nsan V\u00fccuduKediler neden kumlar\u0131 sever?Dinozorlar neden yok oldu?Zebralar neden \u00e7izgilidir?Sen yeter ki merak et!Peki Ama Neden? serisi dev bir bilgi kasesi. \u0130ster avu\u00e7 avu\u00e7<span class=\"excerpt-hellip\"> [\u2026]<\/span><\/p>\n","protected":false},"featured_media":0,"template":"","meta":{"_monsterinsights_skip_tracking":false,"_monsterinsights_sitenote_active":false,"_monsterinsights_sitenote_note":"","_monsterinsights_sitenote_category":0},"product_brand":[],"product_cat":[13829,12274],"product_tag":[],"class_list":{"0":"post-725124","1":"product","2":"type-product","3":"status-publish","5":"product_cat-bilimsel-kitaplar","6":"product_cat-cocuk-ve-genclik-kitaplari","7":"pa_cilt-ciltsiz","8":"pa_tur-kitap","9":"pa_yayinevi-domingo-yayinevi","10":"pa_yazar-giuliana-rotondi","12":"first","13":"instock","14":"sale","15":"shipping-taxable","16":"purchasable","17":"product-type-simple"},"_links":{"self":[{"href":"https:\/\/roveyayinevi.com.tr\/index.php\/wp-json\/wp\/v2\/product\/725124","targetHints":{"allow":["GET"]}}],"collection":[{"href":"https:\/\/roveyayinevi.com.tr\/index.php\/wp-json\/wp\/v2\/product"}],"about":[{"href":"https:\/\/roveyayinevi.com.tr\/index.php\/wp-json\/wp\/v2\/types\/product"}],"wp:attachment":[{"href":"https:\/\/roveyayinevi.com.tr\/index.php\/wp-json\/wp\/v2\/media?parent=725124"}],"wp:term":[{"taxonomy":"product_brand","embeddable":true,"href":"https:\/\/roveyayinevi.com.tr\/index.php\/wp-json\/wp\/v2\/product_brand?post=725124"},{"taxonomy":"product_cat","embeddable":true,"href":"https:\/\/roveyayinevi.com.tr\/index.php\/wp-json\/wp\/v2\/product_cat?post=725124"},{"taxonomy":"product_tag","embeddable":true,"href":"https:\/\/roveyayinevi.com.tr\/index.php\/wp-json\/wp\/v2\/product_tag?post=725124"}],"curies":[{"name":"wp","href":"https:\/\/api.w.org\/{rel}","templated":true}]}}