{"id":725123,"date":"2025-08-27T19:45:09","date_gmt":"2025-08-27T16:45:09","guid":{"rendered":"https:\/\/roveyayinevi.com.tr\/index.php\/urun\/bence\/"},"modified":"2026-04-16T02:32:52","modified_gmt":"2026-04-15T23:32:52","slug":"bence","status":"publish","type":"product","link":"https:\/\/roveyayinevi.com.tr\/index.php\/urun\/bence\/","title":{"rendered":"Bence"},"content":{"rendered":"<p>Bir piyano d\u00fc\u015f\u00fcn\u00fcn\u2026 Bu piyanoyu \u00e7alan bir kad\u0131n var, o sizin anneniz ve de baban\u0131z\u0131n dokundu\u011fu tu\u015flar. Piyanodan \u00e7\u0131kan ses sizsiniz. Piyanodan \u00e7\u0131kan ses piyanonun \u00e7ok \u00fczerinde bir \u015feydir, piyanodan fazla bir \u015feydir\u2026 Ancak bu ses piyanodan \u00e7ok az bir \u015feydir de\u2026 Unutmay\u0131n ki piyanonun bas\u0131lmam\u0131\u015f tu\u015flar\u0131 vard\u0131r. \u0130nsanlar i\u00e7in \u015fans hep vard\u0131r, bu tu\u015flarda gezinecek birileri hep gelebilir.Ger\u00e7e\u011fin so\u011fu\u011funa dayanamayacak bir insan\u0131, \u00e7\u0131r\u0131l\u00e7\u0131plak soymaktan sak\u0131nan\u2026Sunacak daha geli\u015fmi\u015f bir se\u00e7ene\u011fi olmad\u0131\u011f\u0131 zaman, insanlar\u0131n sahip olduklar\u0131na dokunmayan\u2026Her bir bireyin, insan biyolojisinin ola\u011fan yasalar\u0131n\u0131n ve yazg\u0131s\u0131n\u0131n \u00f6tesinde dokunulmaz ve incitilmez oldu\u011fu inanc\u0131n\u0131 ta\u015f\u0131yan\u2026Piyanonun tu\u015flar\u0131nda gezen parmaklar\u0131n, piyanodan \u00e7\u0131kan seslerin ve piyanonun \u00f6nemini fark eden insanlardan olu\u015fan bir toplum olmam\u0131z\u0131 istiyorum.<\/p>\n","protected":false},"excerpt":{"rendered":"<p>Bir piyano d\u00fc\u015f\u00fcn\u00fcn\u2026 Bu piyanoyu \u00e7alan bir kad\u0131n var, o sizin anneniz ve de baban\u0131z\u0131n dokundu\u011fu tu\u015flar. Piyanodan \u00e7\u0131kan ses sizsiniz. Piyanodan \u00e7\u0131kan ses piyanonun \u00e7ok<span class=\"excerpt-hellip\"> [\u2026]<\/span><\/p>\n","protected":false},"featured_media":0,"template":"","meta":{"_monsterinsights_skip_tracking":false,"_monsterinsights_sitenote_active":false,"_monsterinsights_sitenote_note":"","_monsterinsights_sitenote_category":0},"product_brand":[],"product_cat":[35288,13365],"product_tag":[],"class_list":{"0":"post-725123","1":"product","2":"type-product","3":"status-publish","5":"product_cat-cinsellik-saglik","6":"product_cat-saglik","7":"pa_cilt-ciltsiz","8":"pa_tur-kitap","9":"pa_yayinevi-pusula-yayinevi-ankara","10":"pa_yazar-unsal-soylemezoglu","12":"first","13":"instock","14":"sale","15":"shipping-taxable","16":"purchasable","17":"product-type-simple"},"_links":{"self":[{"href":"https:\/\/roveyayinevi.com.tr\/index.php\/wp-json\/wp\/v2\/product\/725123","targetHints":{"allow":["GET"]}}],"collection":[{"href":"https:\/\/roveyayinevi.com.tr\/index.php\/wp-json\/wp\/v2\/product"}],"about":[{"href":"https:\/\/roveyayinevi.com.tr\/index.php\/wp-json\/wp\/v2\/types\/product"}],"wp:attachment":[{"href":"https:\/\/roveyayinevi.com.tr\/index.php\/wp-json\/wp\/v2\/media?parent=725123"}],"wp:term":[{"taxonomy":"product_brand","embeddable":true,"href":"https:\/\/roveyayinevi.com.tr\/index.php\/wp-json\/wp\/v2\/product_brand?post=725123"},{"taxonomy":"product_cat","embeddable":true,"href":"https:\/\/roveyayinevi.com.tr\/index.php\/wp-json\/wp\/v2\/product_cat?post=725123"},{"taxonomy":"product_tag","embeddable":true,"href":"https:\/\/roveyayinevi.com.tr\/index.php\/wp-json\/wp\/v2\/product_tag?post=725123"}],"curies":[{"name":"wp","href":"https:\/\/api.w.org\/{rel}","templated":true}]}}