{"id":725122,"date":"2025-08-27T19:45:08","date_gmt":"2025-08-27T16:45:08","guid":{"rendered":"https:\/\/roveyayinevi.com.tr\/index.php\/urun\/kadinin-cinsel-yasami\/"},"modified":"2026-04-16T02:32:52","modified_gmt":"2026-04-15T23:32:52","slug":"kadinin-cinsel-yasami","status":"publish","type":"product","link":"https:\/\/roveyayinevi.com.tr\/index.php\/urun\/kadinin-cinsel-yasami\/","title":{"rendered":"Kad\u0131n\u0131n Cinsel Ya\u015fam\u0131"},"content":{"rendered":"<p>KADIN C\u0130NSELL\u0130\u011e\u0130N\u0130N SIRLARINI KE\u015eFED\u0130N\u2026Cinselli\u011fi kirli, k\u00f6t\u00fc, ay\u0131p, yasak, g\u00fcnah olarak g\u00f6ren yakla\u015f\u0131mla olu\u015fturulan tutumlar ve engellemeler nedeniyle cinsel potansiyellerini kayg\u0131, utan\u00e7 ve su\u00e7luluk gibi olumsuz duygularla bast\u0131rm\u0131\u015f olan kad\u0131nlar i\u00e7in cinsellik s\u0131rlarla doludur. \u201cKad\u0131n\u0131n Cinsel Ya\u015fam\u0131\u201d bu s\u0131rlar\u0131 a\u00e7\u0131\u011fa \u00e7\u0131kararak kad\u0131nlar\u0131n t\u00fcm \u00f6nyarg\u0131lar ve yanl\u0131\u015f bilgilerden ar\u0131nm\u0131\u015f bir \u015fekilde cinselli\u011fi \u00f6zg\u00fcrce haz al\u0131p vererek ya\u015famalar\u0131na yard\u0131mc\u0131 olacakt\u0131r ve C\u0130SED Cinsellik, Cinsel Terapi ve Cinsel Tedaviler E\u011fitimleri\u2019nde (www.cised.org.tr\/cinsel-terapi-egitimi) ders kitab\u0131 olacak niteliktedir. Cinsel Sa\u011fl\u0131k Enstit\u00fcs\u00fc Derne\u011fi (C\u0130SED)KADINLARIN SEKS B\u0130L\u0130M\u0130: \u201cJ\u0130NESEKSOLOJ\u0130\u201dBir y\u00f6n\u00fcyle \u00fcrolojideki \u201candroloji\u201d kavram\u0131n\u0131n jinekolojideki kar\u015f\u0131l\u0131\u011f\u0131 olan \u201cJineSeksoloji\u201d, \u00e7ok yak\u0131n bir gelecekte yeni bir yan dal uzmanl\u0131k alan\u0131 olarak jinekolojideki yerini alacakt\u0131r. JineSeksoloji \u201ckad\u0131n cinselli\u011fi, kad\u0131n cinsel i\u015flev bozukluklar\u0131 ve genital estetik\u201d ile ilgilenecektir. \u201cKad\u0131nlar\u0131n seks bilimi\u201d olarak tan\u0131mlad\u0131\u011f\u0131m JineSeksoloji, kad\u0131n ve erkek cinsel fonksiyonlar\u0131n\u0131n benzerlikleri ve birbirlerini tamamlayan \u00f6zellikler ta\u015f\u0131malar\u0131 nedeniyle \u201ca\u015fk\u0131n seks cinsel tedavi yakla\u015f\u0131m\u0131\u201dn\u0131 ve \u201cmultidisipliner bir bak\u0131\u015f a\u00e7\u0131s\u0131\u201dn\u0131 esas alarak \u201ckad\u0131n olmadan erkek, erkek olmadan kad\u0131n cinselli\u011fi olmaz\u201d prensibini kullan\u0131r. Ger\u00e7ekte jinekoloji ve JineSeksoloji ayn\u0131 anatomofizyolojik alanda i\u015flev g\u00f6rmektedir ama JineSeksoloji; cinsel terapi, cinsel dan\u0131\u015fmanl\u0131k, evlilik ve ili\u015fki terapisi, psikoloji ve psikiyatriye daha yak\u0131n bir konumda olacakt\u0131r. Psikoterapist &amp; Yazar Cem KE\u00c7EKADIN C\u0130NSELL\u0130\u011e\u0130N\u0130N \u015e\u0130FRELER\u0130\u2026\u201cKad\u0131n\u0131n Cinsel Ya\u015fam\u0131\u201d her kad\u0131n\u0131n hayat\u0131n\u0131n her evresinde cinselli\u011fi do\u011fan\u0131n sundu\u011fu bir arma\u011fan olarak deneyimleyece\u011fi sa\u011fl\u0131kl\u0131, mutlu ve doyurucu bir cinsel ya\u015fam\u0131n \u015fifrelerini veriyor. Do\u011fru bilinen yanl\u0131\u015flarla karanl\u0131\u011fa hapsedilmi\u015f olan kad\u0131n cinselli\u011finin \u0131\u015f\u0131lt\u0131yla parlayarak g\u00f6z kama\u015ft\u0131rmas\u0131n\u0131 sa\u011flayacak bilimsel bilgiler sunuyor. Uluslararas\u0131 Entegratif Kognitif Psikoterapi Enstit\u00fcs\u00fc (IICPI)<\/p>\n","protected":false},"excerpt":{"rendered":"<p>KADIN C\u0130NSELL\u0130\u011e\u0130N\u0130N SIRLARINI KE\u015eFED\u0130N\u2026Cinselli\u011fi kirli, k\u00f6t\u00fc, ay\u0131p, yasak, g\u00fcnah olarak g\u00f6ren yakla\u015f\u0131mla olu\u015fturulan tutumlar ve engellemeler nedeniyle cinsel potansiyellerini kayg\u0131, utan\u00e7 ve su\u00e7luluk gibi olumsuz duygularla<span class=\"excerpt-hellip\"> [\u2026]<\/span><\/p>\n","protected":false},"featured_media":0,"template":"","meta":{"_monsterinsights_skip_tracking":false,"_monsterinsights_sitenote_active":false,"_monsterinsights_sitenote_note":"","_monsterinsights_sitenote_category":0},"product_brand":[],"product_cat":[35288,13365],"product_tag":[],"class_list":{"0":"post-725122","1":"product","2":"type-product","3":"status-publish","5":"product_cat-cinsellik-saglik","6":"product_cat-saglik","7":"pa_cilt-ciltsiz","8":"pa_tur-kitap","9":"pa_yayinevi-pusula-yayinevi-ankara","10":"pa_yazar-a-cem-kece","12":"first","13":"instock","14":"sale","15":"shipping-taxable","16":"purchasable","17":"product-type-simple"},"_links":{"self":[{"href":"https:\/\/roveyayinevi.com.tr\/index.php\/wp-json\/wp\/v2\/product\/725122","targetHints":{"allow":["GET"]}}],"collection":[{"href":"https:\/\/roveyayinevi.com.tr\/index.php\/wp-json\/wp\/v2\/product"}],"about":[{"href":"https:\/\/roveyayinevi.com.tr\/index.php\/wp-json\/wp\/v2\/types\/product"}],"wp:attachment":[{"href":"https:\/\/roveyayinevi.com.tr\/index.php\/wp-json\/wp\/v2\/media?parent=725122"}],"wp:term":[{"taxonomy":"product_brand","embeddable":true,"href":"https:\/\/roveyayinevi.com.tr\/index.php\/wp-json\/wp\/v2\/product_brand?post=725122"},{"taxonomy":"product_cat","embeddable":true,"href":"https:\/\/roveyayinevi.com.tr\/index.php\/wp-json\/wp\/v2\/product_cat?post=725122"},{"taxonomy":"product_tag","embeddable":true,"href":"https:\/\/roveyayinevi.com.tr\/index.php\/wp-json\/wp\/v2\/product_tag?post=725122"}],"curies":[{"name":"wp","href":"https:\/\/api.w.org\/{rel}","templated":true}]}}