{"id":725120,"date":"2025-08-27T19:45:07","date_gmt":"2025-08-27T16:45:07","guid":{"rendered":"https:\/\/roveyayinevi.com.tr\/index.php\/urun\/borsa-risalesi-hava-oyunlari\/"},"modified":"2026-04-16T02:32:52","modified_gmt":"2026-04-15T23:32:52","slug":"borsa-risalesi-hava-oyunlari","status":"publish","type":"product","link":"https:\/\/roveyayinevi.com.tr\/index.php\/urun\/borsa-risalesi-hava-oyunlari\/","title":{"rendered":"Borsa Risalesi: Hava Oyunlar\u0131"},"content":{"rendered":"<p>Tu\u0308rkiye\u2019nin \u00f6nemli bir borsa ge\u00e7mi\u015finin oldu\u011fu ve \u0130stanbul Menkul K\u0131ymetler Borsas\u0131\u2019n\u0131n tarihinin 19. yu\u0308zy\u0131la kadar gitti\u011fi y\u00f6nu\u0308ndeki ifadeler adeta bir tekerleme olarak s\u00f6ylenegelmekle birlikte, bu hususta referans g\u00f6sterilen kaynaklar bir elin parmaklar\u0131n\u0131 ge\u00e7memektedir. \u00dclkemizin 19. yu\u0308zy\u0131ldaki finansal ko\u015fullar\u0131na ili\u015fkin Tu\u0308rk\u00e7ede mevcut birincil kaynaklar olduk\u00e7a yetersizdir. Bu tespitle s\u00f6ze ba\u015flayan Celali Y\u0131lmaz\u2019\u0131n Osmanl\u0131cadan gu\u0308nu\u0308mu\u0308z Tu\u0308rk\u00e7esine uyarlad\u0131\u011f\u0131 s\u0131rad\u0131\u015f\u0131 bir metin Hava Oyunlar\u0131. Nam-\u0131 di\u011fer; Konsolidenin Hava Oyunlar\u0131yla Sair Muamelat Hakk\u0131nda Mu\u0308stakrazat-\u0131 Maliyyeye Dair Risale. Dersaadet Tahvilat Borsas\u0131\u2019n\u0131n ilk komiseri (ilk borsa ba\u015fkan\u0131) olan Abidin Pa\u015fa\u2019n\u0131n kendisi ku\u0308\u00e7u\u0308k, \u00f6nemi bu\u0308yu\u0308k \u00e7al\u0131\u015fmas\u0131, Tu\u0308rk finans piyasalar\u0131n\u0131n tarihsel olarak \u00e7\u00f6zu\u0308lememi\u015f olan iki temel problemine de\u011finmekte: finansal piyasalarda gu\u0308ven (eksikli\u011fi) ve kamu bor\u00e7lanmalar\u0131 (fazlal\u0131\u011f\u0131) sorunlar\u0131. Abidin Pa\u015fa\u2019n\u0131n 1874\u2019te yazd\u0131\u011f\u0131 Hava Oyunlar\u0131\u2019nda, Osmanl\u0131 borsa pratiklerine dair tu\u0308m sorular\u0131n cevaplar\u0131n\u0131 ve borsan\u0131n \u00e7ok canl\u0131 bir tasvirini bulacaks\u0131n\u0131z.\ufffcTan\u0131t\u0131m Metni<\/p>\n","protected":false},"excerpt":{"rendered":"<p>Tu\u0308rkiye\u2019nin \u00f6nemli bir borsa ge\u00e7mi\u015finin oldu\u011fu ve \u0130stanbul Menkul K\u0131ymetler Borsas\u0131\u2019n\u0131n tarihinin 19. yu\u0308zy\u0131la kadar gitti\u011fi y\u00f6nu\u0308ndeki ifadeler adeta bir tekerleme olarak s\u00f6ylenegelmekle birlikte, bu hususta<span class=\"excerpt-hellip\"> [\u2026]<\/span><\/p>\n","protected":false},"featured_media":0,"template":"","meta":{"_monsterinsights_skip_tracking":false,"_monsterinsights_sitenote_active":false,"_monsterinsights_sitenote_note":"","_monsterinsights_sitenote_category":0},"product_brand":[],"product_cat":[17249,13043],"product_tag":[],"class_list":{"0":"post-725120","1":"product","2":"type-product","3":"status-publish","5":"product_cat-borsa-finans","6":"product_cat-ekonomi","7":"pa_cilt-ciltsiz","8":"pa_tur-kitap","9":"pa_yayinevi-vakifbank-kultur-yayinlari","10":"pa_yazar-abidin-pasa","12":"first","13":"instock","14":"sale","15":"shipping-taxable","16":"purchasable","17":"product-type-simple"},"_links":{"self":[{"href":"https:\/\/roveyayinevi.com.tr\/index.php\/wp-json\/wp\/v2\/product\/725120","targetHints":{"allow":["GET"]}}],"collection":[{"href":"https:\/\/roveyayinevi.com.tr\/index.php\/wp-json\/wp\/v2\/product"}],"about":[{"href":"https:\/\/roveyayinevi.com.tr\/index.php\/wp-json\/wp\/v2\/types\/product"}],"wp:attachment":[{"href":"https:\/\/roveyayinevi.com.tr\/index.php\/wp-json\/wp\/v2\/media?parent=725120"}],"wp:term":[{"taxonomy":"product_brand","embeddable":true,"href":"https:\/\/roveyayinevi.com.tr\/index.php\/wp-json\/wp\/v2\/product_brand?post=725120"},{"taxonomy":"product_cat","embeddable":true,"href":"https:\/\/roveyayinevi.com.tr\/index.php\/wp-json\/wp\/v2\/product_cat?post=725120"},{"taxonomy":"product_tag","embeddable":true,"href":"https:\/\/roveyayinevi.com.tr\/index.php\/wp-json\/wp\/v2\/product_tag?post=725120"}],"curies":[{"name":"wp","href":"https:\/\/api.w.org\/{rel}","templated":true}]}}