{"id":725118,"date":"2025-08-27T19:45:05","date_gmt":"2025-08-27T16:45:05","guid":{"rendered":"https:\/\/roveyayinevi.com.tr\/index.php\/urun\/enoch-arden\/"},"modified":"2026-04-16T02:32:52","modified_gmt":"2026-04-15T23:32:52","slug":"enoch-arden","status":"publish","type":"product","link":"https:\/\/roveyayinevi.com.tr\/index.php\/urun\/enoch-arden\/","title":{"rendered":"Enoch Arden"},"content":{"rendered":"<p>Alfred Lord Tennyson nihayet Tu\u0308rk\u00e7ede! 19. yu\u0308zy\u0131l \u0130ngiliz \u015fiirinin en \u00f6nemli isimlerinden biri olan Sir Alfred Tennyson, nam-\u0131 di\u011fer Lord Tennyson, Victoria \u00c7a\u011f\u0131n\u0131n Britanya edebiyat\u0131n\u0131n k\u00f6\u015feta\u015flar\u0131ndan biri olan Enoch Arden (1864) adl\u0131 eseriyle, yakla\u015f\u0131k yu\u0308z elli y\u0131l sonra Tu\u0308rkiye\u2019deki okurlar\u0131n\u0131 selaml\u0131yor. \u2018Kraliyet \u015eairi\u2019 unvan\u0131na sahip olan Tennyson\u2019\u0131n bu anlat\u0131-\u015fiiri yay\u0131mland\u0131ktan on y\u0131llar sonra bile etkisini su\u0308rdu\u0308rmu\u0308\u015f; onlarca dile \u00e7evrilip defalarca sinema, opera ve tiyatroya aktar\u0131lm\u0131\u015f ku\u0308lt bir eserdir. Bir liman kasabas\u0131nda ya\u015fayan u\u0308\u00e7 \u00e7ocu\u011fun sahildeki oyunuyla ba\u015flar \u015fiir: Philip Ray, Enoch Arden ve Annie Lee. O\u011flanlar\u0131n ikisi de Annie\u2019ye \u00e2\u015f\u0131kt\u0131r. Bu\u0308yu\u0308du\u0308klerinde Annie, Enoch\u2019la evlenir. Yedi y\u0131ll\u0131k evlilikten ve u\u0308\u00e7 \u00e7ocuk sahibi olduktan sonra, Enoch bir deniz yolculu\u011funa \u00e7\u0131kar. Fakat gemisi kazaya u\u011frar ve Enoch on y\u0131l boyunca \u0131ss\u0131z bir adada \u201cRobinson Crusoe hayat\u0131\u201d su\u0308rer. Peki, Enoch d\u00f6nebilecek midir? D\u00f6nerse nelerle kar\u015f\u0131la\u015facakt\u0131r? St\u00e9phane Mallarm\u00e9\u2019in sons\u00f6zu\u0308yle birlikte, bu\u0308tu\u0308n bu sorular\u0131n cevaplar\u0131 kitab\u0131n i\u00e7inde.\ufffcTan\u0131t\u0131m Metni<\/p>\n","protected":false},"excerpt":{"rendered":"<p>Alfred Lord Tennyson nihayet Tu\u0308rk\u00e7ede! 19. yu\u0308zy\u0131l \u0130ngiliz \u015fiirinin en \u00f6nemli isimlerinden biri olan Sir Alfred Tennyson, nam-\u0131 di\u011fer Lord Tennyson, Victoria \u00c7a\u011f\u0131n\u0131n Britanya edebiyat\u0131n\u0131n k\u00f6\u015feta\u015flar\u0131ndan<span class=\"excerpt-hellip\"> [\u2026]<\/span><\/p>\n","protected":false},"featured_media":0,"template":"","meta":{"_monsterinsights_skip_tracking":false,"_monsterinsights_sitenote_active":false,"_monsterinsights_sitenote_note":"","_monsterinsights_sitenote_category":0},"product_brand":[],"product_cat":[14009,12291],"product_tag":[],"class_list":{"0":"post-725118","1":"product","2":"type-product","3":"status-publish","5":"product_cat-biyografi-otobiyografi-edebiyat","6":"product_cat-edebiyat","7":"pa_cilt-ciltsiz","8":"pa_tur-kitap","9":"pa_yayinevi-vakifbank-kultur-yayinlari","10":"pa_yazar-alfred-lord-tennyson","12":"first","13":"instock","14":"sale","15":"shipping-taxable","16":"purchasable","17":"product-type-simple"},"_links":{"self":[{"href":"https:\/\/roveyayinevi.com.tr\/index.php\/wp-json\/wp\/v2\/product\/725118","targetHints":{"allow":["GET"]}}],"collection":[{"href":"https:\/\/roveyayinevi.com.tr\/index.php\/wp-json\/wp\/v2\/product"}],"about":[{"href":"https:\/\/roveyayinevi.com.tr\/index.php\/wp-json\/wp\/v2\/types\/product"}],"wp:attachment":[{"href":"https:\/\/roveyayinevi.com.tr\/index.php\/wp-json\/wp\/v2\/media?parent=725118"}],"wp:term":[{"taxonomy":"product_brand","embeddable":true,"href":"https:\/\/roveyayinevi.com.tr\/index.php\/wp-json\/wp\/v2\/product_brand?post=725118"},{"taxonomy":"product_cat","embeddable":true,"href":"https:\/\/roveyayinevi.com.tr\/index.php\/wp-json\/wp\/v2\/product_cat?post=725118"},{"taxonomy":"product_tag","embeddable":true,"href":"https:\/\/roveyayinevi.com.tr\/index.php\/wp-json\/wp\/v2\/product_tag?post=725118"}],"curies":[{"name":"wp","href":"https:\/\/api.w.org\/{rel}","templated":true}]}}