{"id":725117,"date":"2025-08-27T19:45:04","date_gmt":"2025-08-27T16:45:04","guid":{"rendered":"https:\/\/roveyayinevi.com.tr\/index.php\/urun\/calisanin-fizyolojisi\/"},"modified":"2026-04-16T02:32:52","modified_gmt":"2026-04-15T23:32:52","slug":"calisanin-fizyolojisi","status":"publish","type":"product","link":"https:\/\/roveyayinevi.com.tr\/index.php\/urun\/calisanin-fizyolojisi\/","title":{"rendered":"\u00c7al\u0131\u015fan\u0131n Fizyolojisi"},"content":{"rendered":"<p>Nas\u0131l ki Honor\u00e9 de Balzac\u2019\u0131n Zarif Bir Ya\u015fam \u00dczerine adl\u0131 \u00e7al\u0131\u015fmas\u0131 modernitenin \u00f6nemli unsurlar\u0131ndan biri olan moday\u0131 mizahi bir dille ele al\u0131yorsa, \u00c7al\u0131\u015fan\u0131n Fizyolojisi de modern \u015fehir ya\u015fam\u0131na dair ayn\u0131 derecede \u00f6nemli bir konuyu inceliyor: bu\u0308rokrasi ve onun \u00e7arklar\u0131n\u0131n i\u015fleyi\u015fi. Franz Kafka\u2019n\u0131n ofis bu\u0308rokrasisinin k\u00e2bus metafizi\u011fini anlatmas\u0131ndan \u00e7ok \u00f6nce, Herman Melville\u2019in K\u00e2tip Bartleby\u2019sinin yay\u0131mlanmas\u0131ndan evvel, Balzac, edebi dehas\u0131 ve kurgu ustal\u0131\u011f\u0131yla bizi Paris\u2019te bir ofis hayat\u0131na g\u00f6tu\u0308ru\u0308yor. 1841\u2019de yay\u0131mlanan ve yakla\u015f\u0131k 180 y\u0131l sonra ilk defa Mu\u0308nif Sair taraf\u0131ndan Tu\u0308rk\u00e7eye \u00e7evrilen bu ku\u0308\u00e7u\u0308k kitapta, Balzac\u2019\u0131n di\u011fer tu\u0308m eserlerinde g\u00f6ru\u0308p tan\u0131y\u0131p a\u015fina oldu\u011fumuz suretler ve hik\u00e2yeler bir kez daha -ama bu sefer beyaz yakal\u0131lar olarakbulu\u015fuyor ve ortaya \u00e7ok renkli bir tablo \u00e7\u0131k\u0131yor. Toz yu\u0308klu\u0308, stres dolu ve bo\u011fucu ofis ortam\u0131na dair e\u011flenceli bir dille kaleme al\u0131nan \u00c7al\u0131\u015fan\u0131n Fizyolojisi, Sanayi Devriminin i\u015f hayat\u0131nda yaratt\u0131\u011f\u0131 k\u00f6klu\u0308 de\u011fi\u015fikli\u011fe dair asla eskimeyen bir ilk bak\u0131\u015f.\ufffcTan\u0131t\u0131m Metni<\/p>\n","protected":false},"excerpt":{"rendered":"<p>Nas\u0131l ki Honor\u00e9 de Balzac\u2019\u0131n Zarif Bir Ya\u015fam \u00dczerine adl\u0131 \u00e7al\u0131\u015fmas\u0131 modernitenin \u00f6nemli unsurlar\u0131ndan biri olan moday\u0131 mizahi bir dille ele al\u0131yorsa, \u00c7al\u0131\u015fan\u0131n Fizyolojisi de modern<span class=\"excerpt-hellip\"> [\u2026]<\/span><\/p>\n","protected":false},"featured_media":0,"template":"","meta":{"_monsterinsights_skip_tracking":false,"_monsterinsights_sitenote_active":false,"_monsterinsights_sitenote_note":"","_monsterinsights_sitenote_category":0},"product_brand":[],"product_cat":[13072,12291],"product_tag":[],"class_list":{"0":"post-725117","1":"product","2":"type-product","3":"status-publish","5":"product_cat-arastirma-inceleme-referans","6":"product_cat-edebiyat","7":"pa_cilt-ciltsiz","8":"pa_tur-kitap","9":"pa_yayinevi-vakifbank-kultur-yayinlari","10":"pa_yazar-honore-de-balzac","12":"first","13":"instock","14":"sale","15":"shipping-taxable","16":"purchasable","17":"product-type-simple"},"_links":{"self":[{"href":"https:\/\/roveyayinevi.com.tr\/index.php\/wp-json\/wp\/v2\/product\/725117","targetHints":{"allow":["GET"]}}],"collection":[{"href":"https:\/\/roveyayinevi.com.tr\/index.php\/wp-json\/wp\/v2\/product"}],"about":[{"href":"https:\/\/roveyayinevi.com.tr\/index.php\/wp-json\/wp\/v2\/types\/product"}],"wp:attachment":[{"href":"https:\/\/roveyayinevi.com.tr\/index.php\/wp-json\/wp\/v2\/media?parent=725117"}],"wp:term":[{"taxonomy":"product_brand","embeddable":true,"href":"https:\/\/roveyayinevi.com.tr\/index.php\/wp-json\/wp\/v2\/product_brand?post=725117"},{"taxonomy":"product_cat","embeddable":true,"href":"https:\/\/roveyayinevi.com.tr\/index.php\/wp-json\/wp\/v2\/product_cat?post=725117"},{"taxonomy":"product_tag","embeddable":true,"href":"https:\/\/roveyayinevi.com.tr\/index.php\/wp-json\/wp\/v2\/product_tag?post=725117"}],"curies":[{"name":"wp","href":"https:\/\/api.w.org\/{rel}","templated":true}]}}