{"id":725115,"date":"2025-08-27T19:45:03","date_gmt":"2025-08-27T16:45:03","guid":{"rendered":"https:\/\/roveyayinevi.com.tr\/index.php\/urun\/ibn-haldunun-mukaddimesinde-maiset-yollari\/"},"modified":"2026-04-16T02:32:52","modified_gmt":"2026-04-15T23:32:52","slug":"ibn-haldunun-mukaddimesinde-maiset-yollari","status":"publish","type":"product","link":"https:\/\/roveyayinevi.com.tr\/index.php\/urun\/ibn-haldunun-mukaddimesinde-maiset-yollari\/","title":{"rendered":"\u0130bn Haldun&#8217;un Mukaddime&#8217;sinde Mai\u015fet Yollar\u0131"},"content":{"rendered":"<p>Ozan Sa\u011fs\u00f6z bu \u00e7al\u0131\u015fmas\u0131nda \u0130slam d\u00fc\u015f\u00fcnce tarihinin \u00f6nemli isimlerinden biri olan \u0130bn Haldun&#8217;u ve onun klasik eseri Mukaddime&#8217;yi iktisadi d\u00fc\u015f\u00fcnce tarihi perspektifinden de\u011ferlendiriyor. \u0130bn Haldun\u2019un i\u00e7inde bulundu\u011fu tarihyaz\u0131m\u0131 gelene\u011fi hakk\u0131nda bilgi verdikten sonra, onun bu gelenekle ili\u015fkisinin ana hatlar\u0131n\u0131 belirlemeye \u00e7al\u0131\u015f\u0131yor. Sa\u011fs\u00f6z, \u0130bn Haldun\u2019un tarih \u00e7al\u0131\u015fmalar\u0131 i\u00e7in meydana getirdi\u011fi umran biliminin metodolojik \u00e7er\u00e7evesini \u00e7iziyor ve Mukaddime&#8217;de tasvir edilen toplumsal hayat\u0131n iktisadi g\u00f6r\u00fcn\u00fcmlerini analitik bir d\u00fczlemde inceliyor. Mukaddime&#8217;de i\u015f b\u00f6l\u00fcm\u00fc, ge\u00e7im yollar\u0131 ve insan ihtiya\u00e7lar\u0131 gibi temel kavramlar\u0131, \u0130bn Haldun \u00f6ncesi ve sonras\u0131 d\u00fc\u015f\u00fcnce tarihi s\u00fcreklili\u011finde de\u011ferlendiriyor.\ufffcTan\u0131t\u0131m Metni<\/p>\n","protected":false},"excerpt":{"rendered":"<p>Ozan Sa\u011fs\u00f6z bu \u00e7al\u0131\u015fmas\u0131nda \u0130slam d\u00fc\u015f\u00fcnce tarihinin \u00f6nemli isimlerinden biri olan \u0130bn Haldun&#8217;u ve onun klasik eseri Mukaddime&#8217;yi iktisadi d\u00fc\u015f\u00fcnce tarihi perspektifinden de\u011ferlendiriyor. \u0130bn Haldun\u2019un i\u00e7inde<span class=\"excerpt-hellip\"> [\u2026]<\/span><\/p>\n","protected":false},"featured_media":0,"template":"","meta":{"_monsterinsights_skip_tracking":false,"_monsterinsights_sitenote_active":false,"_monsterinsights_sitenote_note":"","_monsterinsights_sitenote_category":0},"product_brand":[],"product_cat":[14787,13488],"product_tag":[],"class_list":{"0":"post-725115","1":"product","2":"type-product","3":"status-publish","5":"product_cat-diger-toplum-ve-insan","6":"product_cat-toplum-ve-insan","7":"pa_cilt-ciltsiz","8":"pa_tur-kitap","9":"pa_yayinevi-vakifbank-kultur-yayinlari","10":"pa_yazar-ozan-sagsoz","12":"first","13":"instock","14":"sale","15":"shipping-taxable","16":"purchasable","17":"product-type-simple"},"_links":{"self":[{"href":"https:\/\/roveyayinevi.com.tr\/index.php\/wp-json\/wp\/v2\/product\/725115","targetHints":{"allow":["GET"]}}],"collection":[{"href":"https:\/\/roveyayinevi.com.tr\/index.php\/wp-json\/wp\/v2\/product"}],"about":[{"href":"https:\/\/roveyayinevi.com.tr\/index.php\/wp-json\/wp\/v2\/types\/product"}],"wp:attachment":[{"href":"https:\/\/roveyayinevi.com.tr\/index.php\/wp-json\/wp\/v2\/media?parent=725115"}],"wp:term":[{"taxonomy":"product_brand","embeddable":true,"href":"https:\/\/roveyayinevi.com.tr\/index.php\/wp-json\/wp\/v2\/product_brand?post=725115"},{"taxonomy":"product_cat","embeddable":true,"href":"https:\/\/roveyayinevi.com.tr\/index.php\/wp-json\/wp\/v2\/product_cat?post=725115"},{"taxonomy":"product_tag","embeddable":true,"href":"https:\/\/roveyayinevi.com.tr\/index.php\/wp-json\/wp\/v2\/product_tag?post=725115"}],"curies":[{"name":"wp","href":"https:\/\/api.w.org\/{rel}","templated":true}]}}