{"id":725113,"date":"2025-08-27T19:45:01","date_gmt":"2025-08-27T16:45:01","guid":{"rendered":"https:\/\/roveyayinevi.com.tr\/index.php\/urun\/cengiz-aytmatovun-birinci-mugalim-adli-eserinin-baglam-esdizim-siklik-sozlukleri\/"},"modified":"2026-04-16T02:32:51","modified_gmt":"2026-04-15T23:32:51","slug":"cengiz-aytmatovun-birinci-mugalim-adli-eserinin-baglam-esdizim-siklik-sozlukleri","status":"publish","type":"product","link":"https:\/\/roveyayinevi.com.tr\/index.php\/urun\/cengiz-aytmatovun-birinci-mugalim-adli-eserinin-baglam-esdizim-siklik-sozlukleri\/","title":{"rendered":"Cengiz Aytmatov&#8217;un Birin\u00e7i Mugalim Adl\u0131 Eserinin Ba\u011flam &#8211; E\u015fdizim &#8211; S\u0131kl\u0131k S\u00f6zl\u00fckleri"},"content":{"rendered":"<p>1.S\u00f6zl\u00fck Nedir ?2.S\u00f6zl\u00fckbilim, Ba\u011flam Kavram\u0131 ve Ba\u011flamsal S\u00f6zl\u00fckler3.Ba\u011flamsal S\u00f6zl\u00fcklerin Amac\u01314.Ba\u011flaml\u0131 S\u00f6zl\u00fck \u00c7al\u0131\u015fmalar\u01315.Birin\u00e7i Mugalim6.S\u00f6zl\u00fck Kullan\u0131m K\u0131lavuzu7.Eserdeki S\u00f6zc\u00fck T\u00fcrleri8.Eserdeki S\u00f6zc\u00fcklerin Kullan\u0131ld\u0131klar\u0131 Anlam S\u0131ralamas\u01319.Eserdeki S\u00f6zc\u00fck T\u00fcrlerinin S\u00f6zc\u00fck  Bazl\u0131 Kullan\u0131m Adetleri10.Eserdeki S\u00f6zc\u00fcklerin E\u015fdizim \u00d6rnekleri11.S\u0131kl\u0131k S\u00f6zl\u00fc\u011f\u00fc12.Tek Anlaml\u0131 S\u00f6zc\u00fckler13.\u00c7ok Anlaml\u0131 S\u00f6zc\u00fckler14.S\u00f6zl\u00fck<\/p>\n","protected":false},"excerpt":{"rendered":"<p>1.S\u00f6zl\u00fck Nedir ?2.S\u00f6zl\u00fckbilim, Ba\u011flam Kavram\u0131 ve Ba\u011flamsal S\u00f6zl\u00fckler3.Ba\u011flamsal S\u00f6zl\u00fcklerin Amac\u01314.Ba\u011flaml\u0131 S\u00f6zl\u00fck \u00c7al\u0131\u015fmalar\u01315.Birin\u00e7i Mugalim6.S\u00f6zl\u00fck Kullan\u0131m K\u0131lavuzu7.Eserdeki S\u00f6zc\u00fck T\u00fcrleri8.Eserdeki S\u00f6zc\u00fcklerin Kullan\u0131ld\u0131klar\u0131 Anlam S\u0131ralamas\u01319.Eserdeki S\u00f6zc\u00fck T\u00fcrlerinin S\u00f6zc\u00fck Bazl\u0131 Kullan\u0131m<span class=\"excerpt-hellip\"> [\u2026]<\/span><\/p>\n","protected":false},"featured_media":0,"template":"","meta":{"_monsterinsights_skip_tracking":false,"_monsterinsights_sitenote_active":false,"_monsterinsights_sitenote_note":"","_monsterinsights_sitenote_category":0},"product_brand":[],"product_cat":[20225,12291],"product_tag":[],"class_list":{"0":"post-725113","1":"product","2":"type-product","3":"status-publish","5":"product_cat-dil-bilim","6":"product_cat-edebiyat","7":"pa_cilt-ciltsiz","8":"pa_tur-kitap","9":"pa_yayinevi-gazi-kitabevi","10":"pa_yazar-cuneyt-akin","12":"first","13":"instock","14":"sale","15":"shipping-taxable","16":"purchasable","17":"product-type-simple"},"_links":{"self":[{"href":"https:\/\/roveyayinevi.com.tr\/index.php\/wp-json\/wp\/v2\/product\/725113","targetHints":{"allow":["GET"]}}],"collection":[{"href":"https:\/\/roveyayinevi.com.tr\/index.php\/wp-json\/wp\/v2\/product"}],"about":[{"href":"https:\/\/roveyayinevi.com.tr\/index.php\/wp-json\/wp\/v2\/types\/product"}],"wp:attachment":[{"href":"https:\/\/roveyayinevi.com.tr\/index.php\/wp-json\/wp\/v2\/media?parent=725113"}],"wp:term":[{"taxonomy":"product_brand","embeddable":true,"href":"https:\/\/roveyayinevi.com.tr\/index.php\/wp-json\/wp\/v2\/product_brand?post=725113"},{"taxonomy":"product_cat","embeddable":true,"href":"https:\/\/roveyayinevi.com.tr\/index.php\/wp-json\/wp\/v2\/product_cat?post=725113"},{"taxonomy":"product_tag","embeddable":true,"href":"https:\/\/roveyayinevi.com.tr\/index.php\/wp-json\/wp\/v2\/product_tag?post=725113"}],"curies":[{"name":"wp","href":"https:\/\/api.w.org\/{rel}","templated":true}]}}