{"id":725110,"date":"2025-08-27T19:44:59","date_gmt":"2025-08-27T16:44:59","guid":{"rendered":"https:\/\/roveyayinevi.com.tr\/index.php\/urun\/alternatif-turizm\/"},"modified":"2026-04-16T02:32:51","modified_gmt":"2026-04-15T23:32:51","slug":"alternatif-turizm","status":"publish","type":"product","link":"https:\/\/roveyayinevi.com.tr\/index.php\/urun\/alternatif-turizm\/","title":{"rendered":"Alternatif Turizm"},"content":{"rendered":"<p>\u0130\u00e7indekiler 1.B\u00d6L\u00dcM HELAL TUR\u0130ZM2.B\u00d6L\u00dcM TOPLANTI TUR\u0130ZM\u01303.B\u00d6L\u00dcM YAT TUR\u0130ZM\u01304.B\u00d6L\u00dcM \u00dc\u00c7\u00dcNC\u00dc YA\u015e TUR\u0130ZM\u01305.B\u00d6L\u00dcM SA\u011eLIK TUR\u0130ZM\u01306.B\u00d6L\u00dcM \u0130NAN\u00c7 TUR\u0130ZM\u01307.B\u00d6L\u00dcM SORUMLU TUR\u0130ZM8.B\u00d6L\u00dcM ETK\u0130NL\u0130K TUR\u0130ZM\u01309.B\u00d6L\u00dcM EFSANE TUR\u0130ZM\u013010.B\u00d6L\u00dcM F\u0130LM TUR\u0130ZM\u013011.B\u00d6L\u00dcM YAVA\u015e TUR\u0130ZM12.B\u00d6L\u00dcM TEFEKK\u00dcR TUR\u0130ZM\u013013.B\u00d6L\u00dcM K\u00dcLT\u00dcR TUR\u0130ZM\u0130,14.B\u00d6L\u00dcM KRUVAZ\u0130YER TUR\u0130ZM\u013015.B\u00d6L\u00dcM KIRSAL TUR\u0130ZM16.B\u00d6L\u00dcM D\u0130ASPORA TUR\u0130ZM\u013017.B\u00d6L\u00dcM SPOR TUR\u0130ZM\u013018.B\u00d6L\u00dcM EKOTUR\u0130ZM<\/p>\n","protected":false},"excerpt":{"rendered":"<p>\u0130\u00e7indekiler 1.B\u00d6L\u00dcM HELAL TUR\u0130ZM2.B\u00d6L\u00dcM TOPLANTI TUR\u0130ZM\u01303.B\u00d6L\u00dcM YAT TUR\u0130ZM\u01304.B\u00d6L\u00dcM \u00dc\u00c7\u00dcNC\u00dc YA\u015e TUR\u0130ZM\u01305.B\u00d6L\u00dcM SA\u011eLIK TUR\u0130ZM\u01306.B\u00d6L\u00dcM \u0130NAN\u00c7 TUR\u0130ZM\u01307.B\u00d6L\u00dcM SORUMLU TUR\u0130ZM8.B\u00d6L\u00dcM ETK\u0130NL\u0130K TUR\u0130ZM\u01309.B\u00d6L\u00dcM EFSANE TUR\u0130ZM\u013010.B\u00d6L\u00dcM F\u0130LM TUR\u0130ZM\u013011.B\u00d6L\u00dcM YAVA\u015e TUR\u0130ZM12.B\u00d6L\u00dcM TEFEKK\u00dcR<span class=\"excerpt-hellip\"> [\u2026]<\/span><\/p>\n","protected":false},"featured_media":0,"template":"","meta":{"_monsterinsights_skip_tracking":false,"_monsterinsights_sitenote_active":false,"_monsterinsights_sitenote_note":"","_monsterinsights_sitenote_category":0},"product_brand":[],"product_cat":[12573,12566],"product_tag":[],"class_list":{"0":"post-725110","1":"product","2":"type-product","3":"status-publish","5":"product_cat-akademik-kitaplar","6":"product_cat-egitim","7":"pa_cilt-ciltsiz","8":"pa_tur-kitap","9":"pa_yayinevi-gazi-kitabevi","10":"pa_yazar-atinc-olcay","12":"first","13":"instock","14":"sale","15":"shipping-taxable","16":"purchasable","17":"product-type-simple"},"_links":{"self":[{"href":"https:\/\/roveyayinevi.com.tr\/index.php\/wp-json\/wp\/v2\/product\/725110","targetHints":{"allow":["GET"]}}],"collection":[{"href":"https:\/\/roveyayinevi.com.tr\/index.php\/wp-json\/wp\/v2\/product"}],"about":[{"href":"https:\/\/roveyayinevi.com.tr\/index.php\/wp-json\/wp\/v2\/types\/product"}],"wp:attachment":[{"href":"https:\/\/roveyayinevi.com.tr\/index.php\/wp-json\/wp\/v2\/media?parent=725110"}],"wp:term":[{"taxonomy":"product_brand","embeddable":true,"href":"https:\/\/roveyayinevi.com.tr\/index.php\/wp-json\/wp\/v2\/product_brand?post=725110"},{"taxonomy":"product_cat","embeddable":true,"href":"https:\/\/roveyayinevi.com.tr\/index.php\/wp-json\/wp\/v2\/product_cat?post=725110"},{"taxonomy":"product_tag","embeddable":true,"href":"https:\/\/roveyayinevi.com.tr\/index.php\/wp-json\/wp\/v2\/product_tag?post=725110"}],"curies":[{"name":"wp","href":"https:\/\/api.w.org\/{rel}","templated":true}]}}