{"id":725107,"date":"2025-08-27T19:44:57","date_gmt":"2025-08-27T16:44:57","guid":{"rendered":"https:\/\/roveyayinevi.com.tr\/index.php\/urun\/kurulusmekteb-i-sultaniden-galatasaray-spor-kulubune-turkiyede-futbolun-erken-cagi-1904-1907\/"},"modified":"2026-04-16T02:32:51","modified_gmt":"2026-04-15T23:32:51","slug":"kurulusmekteb-i-sultaniden-galatasaray-spor-kulubune-turkiyede-futbolun-erken-cagi-1904-1907","status":"publish","type":"product","link":"https:\/\/roveyayinevi.com.tr\/index.php\/urun\/kurulusmekteb-i-sultaniden-galatasaray-spor-kulubune-turkiyede-futbolun-erken-cagi-1904-1907\/","title":{"rendered":"Kurulu\u015f:Mekteb-i Sultani\u2019den Galatasaray Spor Kul\u00fcb\u00fc\u2019ne T\u00fcrkiye\u2019de Futbolun Erken \u00c7a\u011f\u0131 (1904-1907)"},"content":{"rendered":"<p>Osmanl\u0131 Tu\u0308rkiye\u2019sine futbol nas\u0131l geldi? Ali Sami Yen ilk hangi ma\u00e7\u0131 izledi de futbolla tan\u0131\u015ft\u0131? Hangi top? Oyunun kurallar\u0131 ne? Mekteb-i Sultani\u2019de futbolun oynand\u0131\u011f\u0131 ilk gu\u0308n\u2026 Bru\u0308tal futbol! Yaral\u0131lar var\u2026 Okulun camlar\u0131 k\u0131r\u0131l\u0131nca\u2026 Bir kulu\u0308p do\u011fuyor. Kurucular kim? \u0130stanbul Futbol Ligi\u2019nin kurulu\u015fu\u2026 \u0130lk forman\u0131n sipari\u015fi, ilk ma\u00e7\u0131n ayr\u0131nt\u0131s\u0131, ilk ismin hik\u00e2yesi ve ilk logonun ortaya \u00e7\u0131k\u0131\u015f\u0131\u2026 Galatasaray\u2019\u0131n ilk futbolcular\u0131 kimlerdi? Tak\u0131ma dair ilk foto\u011fraf karesi\u2026 Kurulu\u015f, spor tarihine, ama \u00f6zellikle de Galatasaray\u2019\u0131n tarihine \u00f6mru\u0308nu\u0308 adayan ara\u015ft\u0131rmac\u0131-yazar Melih \u015eabano\u011flu\u2019nun y\u0131llarca su\u0308ren \u00e7al\u0131\u015fmalar\u0131n\u0131n \u00e7ok titiz bir u\u0308ru\u0308nu\u0308. Tu\u0308rk\u00e7ede bir benzerinin bulunmad\u0131\u011f\u0131 bu hem \u00e7ok ciddi hem \u00e7ok e\u011flenceli kitap, yazar\u0131n Osmanl\u0131ca, Frans\u0131zca, \u0130ngilizce bas\u0131l\u0131 yay\u0131nlar\u0131n yan\u0131 s\u0131ra \u015fahsi mektuplardan, ar\u015fiv belgelerinden, d\u00f6nemin insanlar\u0131n\u0131n hat\u0131rat\u0131 ve s\u00f6zlu\u0308 tarih \u00e7al\u0131\u015fmalar\u0131ndan elde etti\u011fi bilgilerden derlenerek ortaya \u00e7\u0131kt\u0131. Ba\u015fta \u201cGalatasaray ne zaman, nas\u0131l ve kimler taraf\u0131ndan kuruldu?\u201d sorusu gelmek u\u0308zere, okurlar, Galatasaray Spor Kulu\u0308bu\u0308\u2019nu\u0308n kurulu\u015f tarihine ve Tu\u0308rkiye\u2019de futbolun erken \u00e7a\u011f\u0131na ili\u015fkin merak ettikleri tu\u0308m sorular\u0131n en do\u011fru cevab\u0131na bu kitapla ula\u015facak.\ufffcTan\u0131t\u0131m Metni<\/p>\n","protected":false},"excerpt":{"rendered":"<p>Osmanl\u0131 Tu\u0308rkiye\u2019sine futbol nas\u0131l geldi? Ali Sami Yen ilk hangi ma\u00e7\u0131 izledi de futbolla tan\u0131\u015ft\u0131? Hangi top? Oyunun kurallar\u0131 ne? Mekteb-i Sultani\u2019de futbolun oynand\u0131\u011f\u0131 ilk gu\u0308n\u2026<span class=\"excerpt-hellip\"> [\u2026]<\/span><\/p>\n","protected":false},"featured_media":0,"template":"","meta":{"_monsterinsights_skip_tracking":false,"_monsterinsights_sitenote_active":false,"_monsterinsights_sitenote_note":"","_monsterinsights_sitenote_category":0},"product_brand":[],"product_cat":[15563,15564],"product_tag":[],"class_list":{"0":"post-725107","1":"product","2":"type-product","3":"status-publish","5":"product_cat-hobi","6":"product_cat-spor","7":"pa_cilt-ciltsiz","8":"pa_tur-kitap","9":"pa_yayinevi-vakifbank-kultur-yayinlari","10":"pa_yazar-melih-sabanoglu","12":"first","13":"instock","14":"sale","15":"shipping-taxable","16":"purchasable","17":"product-type-simple"},"_links":{"self":[{"href":"https:\/\/roveyayinevi.com.tr\/index.php\/wp-json\/wp\/v2\/product\/725107","targetHints":{"allow":["GET"]}}],"collection":[{"href":"https:\/\/roveyayinevi.com.tr\/index.php\/wp-json\/wp\/v2\/product"}],"about":[{"href":"https:\/\/roveyayinevi.com.tr\/index.php\/wp-json\/wp\/v2\/types\/product"}],"wp:attachment":[{"href":"https:\/\/roveyayinevi.com.tr\/index.php\/wp-json\/wp\/v2\/media?parent=725107"}],"wp:term":[{"taxonomy":"product_brand","embeddable":true,"href":"https:\/\/roveyayinevi.com.tr\/index.php\/wp-json\/wp\/v2\/product_brand?post=725107"},{"taxonomy":"product_cat","embeddable":true,"href":"https:\/\/roveyayinevi.com.tr\/index.php\/wp-json\/wp\/v2\/product_cat?post=725107"},{"taxonomy":"product_tag","embeddable":true,"href":"https:\/\/roveyayinevi.com.tr\/index.php\/wp-json\/wp\/v2\/product_tag?post=725107"}],"curies":[{"name":"wp","href":"https:\/\/api.w.org\/{rel}","templated":true}]}}