{"id":725106,"date":"2025-08-27T19:44:56","date_gmt":"2025-08-27T16:44:56","guid":{"rendered":"https:\/\/roveyayinevi.com.tr\/index.php\/urun\/adaptif-piyasalar-hipotezi-turkiye-finansal-piyasalari-uzerine-bir-inceleme\/"},"modified":"2025-11-08T06:09:02","modified_gmt":"2025-11-08T03:09:02","slug":"adaptif-piyasalar-hipotezi-turkiye-finansal-piyasalari-uzerine-bir-inceleme","status":"publish","type":"product","link":"https:\/\/roveyayinevi.com.tr\/index.php\/urun\/adaptif-piyasalar-hipotezi-turkiye-finansal-piyasalari-uzerine-bir-inceleme\/","title":{"rendered":"Adaptif Piyasalar Hipotezi T\u00fcrkiye Finansal Piyasalar\u0131 \u00dczerine Bir \u0130nceleme"},"content":{"rendered":"<p>\u0130\u00e7indekiler  Birinci B\u00f6l\u00fcm Piyasa Etkinli\u011fi Ve Etkin Piyasalar Hipotezi1.1.Temel Kavramlar1.2.Piyasa Etkinli\u011fi1.3.Etkin Piyasalar Hipotezi Ve Geli\u015fimi 1.4.Literat\u00fcr Ara\u015ft\u0131rmas\u0131  \u0130kinci B\u00f6l\u00fcm Davran\u0131\u015fsal Finans2.1.Davran\u0131\u015fsal Finans\u0131n Tarihsel Geli\u015fimi2.2.Beklenen Fayda Ve Beklenti Teorileri2.3.Anomaliler2.4.Literat\u00fcr Ara\u015ft\u0131rmas\u0131  \u00dc\u00e7\u00fcnc\u00fc B\u00f6l\u00fcm Adaptif Piyasalar Hipotezi3.1.Adaptif Piyasalar Hipotezi \u0130le \u0130lgili Temel Bilgiler3.2.Adaptif Piyasalar Hipotezi\u2019nin Geli\u015fimi3.3.Adaptif Piyasalar Hipotezi\u2019nin \u00c7\u0131kar\u0131mlar\u01313.4.Literat\u00fcr Ara\u015ft\u0131rmas\u0131  D\u00f6rd\u00fcnc\u00fc B\u00f6l\u00fcm T\u00fcrkiye\u2019deki Finansal Piyasalarda Adaptif Piyasalar Hipotezi\u2019nin Test Edilmesi4.1.Metodoloji4.2.Veri Seti4.3.Ampirik Bulgular<\/p>\n","protected":false},"excerpt":{"rendered":"<p>\u0130\u00e7indekiler Birinci B\u00f6l\u00fcm Piyasa Etkinli\u011fi Ve Etkin Piyasalar Hipotezi1.1.Temel Kavramlar1.2.Piyasa Etkinli\u011fi1.3.Etkin Piyasalar Hipotezi Ve Geli\u015fimi 1.4.Literat\u00fcr Ara\u015ft\u0131rmas\u0131 \u0130kinci B\u00f6l\u00fcm Davran\u0131\u015fsal Finans2.1.Davran\u0131\u015fsal Finans\u0131n Tarihsel Geli\u015fimi2.2.Beklenen Fayda Ve<span class=\"excerpt-hellip\"> [\u2026]<\/span><\/p>\n","protected":false},"featured_media":0,"template":"","meta":{"_monsterinsights_skip_tracking":false,"_monsterinsights_sitenote_active":false,"_monsterinsights_sitenote_note":"","_monsterinsights_sitenote_category":0},"product_brand":[],"product_cat":[13043,14381],"product_tag":[],"class_list":{"0":"post-725106","1":"product","2":"type-product","3":"status-publish","5":"product_cat-ekonomi","6":"product_cat-isletme-muhasebe-maliye","7":"pa_cilt-ciltsiz","8":"pa_tur-kitap","9":"pa_yayinevi-gazi-kitabevi","10":"pa_yazar-oktay-ozkan","12":"first","13":"instock","14":"sale","15":"shipping-taxable","16":"purchasable","17":"product-type-simple"},"_links":{"self":[{"href":"https:\/\/roveyayinevi.com.tr\/index.php\/wp-json\/wp\/v2\/product\/725106","targetHints":{"allow":["GET"]}}],"collection":[{"href":"https:\/\/roveyayinevi.com.tr\/index.php\/wp-json\/wp\/v2\/product"}],"about":[{"href":"https:\/\/roveyayinevi.com.tr\/index.php\/wp-json\/wp\/v2\/types\/product"}],"wp:attachment":[{"href":"https:\/\/roveyayinevi.com.tr\/index.php\/wp-json\/wp\/v2\/media?parent=725106"}],"wp:term":[{"taxonomy":"product_brand","embeddable":true,"href":"https:\/\/roveyayinevi.com.tr\/index.php\/wp-json\/wp\/v2\/product_brand?post=725106"},{"taxonomy":"product_cat","embeddable":true,"href":"https:\/\/roveyayinevi.com.tr\/index.php\/wp-json\/wp\/v2\/product_cat?post=725106"},{"taxonomy":"product_tag","embeddable":true,"href":"https:\/\/roveyayinevi.com.tr\/index.php\/wp-json\/wp\/v2\/product_tag?post=725106"}],"curies":[{"name":"wp","href":"https:\/\/api.w.org\/{rel}","templated":true}]}}