{"id":725102,"date":"2025-08-27T19:44:53","date_gmt":"2025-08-27T16:44:53","guid":{"rendered":"https:\/\/roveyayinevi.com.tr\/index.php\/urun\/yoneticinin-genc-bir-yazar-olarak-portresi\/"},"modified":"2026-04-16T02:32:51","modified_gmt":"2026-04-15T23:32:51","slug":"yoneticinin-genc-bir-yazar-olarak-portresi","status":"publish","type":"product","link":"https:\/\/roveyayinevi.com.tr\/index.php\/urun\/yoneticinin-genc-bir-yazar-olarak-portresi\/","title":{"rendered":"Y\u00f6neticinin Gen\u00e7 Bir Yazar Olarak Portresi"},"content":{"rendered":"<p>Apple&#8217;\u0131n eski CEO&#8217;su Steve Jobs bir y\u00f6netici, bir vizyoner, bir teknoloji devrimcisi olarak hat\u0131rlan\u0131yorsa da, o asl\u0131nda \u00e7ok iyi bir hikaye anlat\u0131c\u0131s\u0131yd\u0131. \u00c7ok az insan bir \u015firket kurup ondan bir d\u00fcnya devi \u00e7\u0131kard\u0131ktan sonra bu yetkinlikte ve beceride ba\u015far\u0131 hikayesini anlatabilirdi. Jobs&#8217;\u0131n devrimci etkisi nedeniyle art\u0131k bir\u00e7ok y\u00f6netici, CEO ya da genel m\u00fcd\u00fcr \u00e7ok iyi birer konu\u015fmac\u0131 ya da hikaye anlat\u0131c\u0131s\u0131 olmak zorunda. B\u00fcy\u00fck patronlar iyi birer felsefeci, iyi birer edebiyat\u00e7\u0131 performans\u0131 sergilemek mecburiyetinde ve yo\u011fun ele\u015ftiriler alt\u0131ndayken dahi &#8220;g\u00fclery\u00fczl\u00fc ve bilge kapitalist&#8221; olarak g\u00f6r\u00fcnme ihtiyac\u0131 hissetmekte.Toplum g\u00f6n\u00fcll\u00fcs\u00fc olarak \u00e7al\u0131\u015fman\u0131n, b\u00fcy\u00fck maddi ba\u011f\u0131\u015flar\u0131n, aile insan\u0131 g\u00f6r\u00fcnt\u00fcs\u00fc vermenin yetmedi\u011fi yerde, \u015fimdilerde bir de TED Konu\u015fmalar\u0131 yapmak bir gereksinime d\u00f6n\u00fc\u015fm\u00fc\u015f vaziyette&#8230;Philipp Sch\u00f6nthaler i\u015fte bu ilgin\u00e7 meseleyi ele al\u0131yor ve g\u00fcn\u00fcm\u00fcz\u00fcn profesyonel ya\u015fam\u0131nda kurum ve insan ili\u015fkilerinin d\u00fczenlenmesinde hikaye anlat\u0131c\u0131l\u0131\u011f\u0131n\u0131n seyrine dair parlak bir de\u011ferlendirme sunuyor.<\/p>\n","protected":false},"excerpt":{"rendered":"<p>Apple&#8217;\u0131n eski CEO&#8217;su Steve Jobs bir y\u00f6netici, bir vizyoner, bir teknoloji devrimcisi olarak hat\u0131rlan\u0131yorsa da, o asl\u0131nda \u00e7ok iyi bir hikaye anlat\u0131c\u0131s\u0131yd\u0131. \u00c7ok az insan bir<span class=\"excerpt-hellip\"> [\u2026]<\/span><\/p>\n","protected":false},"featured_media":0,"template":"","meta":{"_monsterinsights_skip_tracking":false,"_monsterinsights_sitenote_active":false,"_monsterinsights_sitenote_note":"","_monsterinsights_sitenote_category":0},"product_brand":[],"product_cat":[13043,19008],"product_tag":[],"class_list":{"0":"post-725102","1":"product","2":"type-product","3":"status-publish","5":"product_cat-ekonomi","6":"product_cat-yonetim","7":"pa_cilt-ciltsiz","8":"pa_tur-kitap","9":"pa_yayinevi-vakifbank-kultur-yayinlari","10":"pa_yazar-philipp-schonthaler","12":"first","13":"instock","14":"sale","15":"shipping-taxable","16":"purchasable","17":"product-type-simple"},"_links":{"self":[{"href":"https:\/\/roveyayinevi.com.tr\/index.php\/wp-json\/wp\/v2\/product\/725102","targetHints":{"allow":["GET"]}}],"collection":[{"href":"https:\/\/roveyayinevi.com.tr\/index.php\/wp-json\/wp\/v2\/product"}],"about":[{"href":"https:\/\/roveyayinevi.com.tr\/index.php\/wp-json\/wp\/v2\/types\/product"}],"wp:attachment":[{"href":"https:\/\/roveyayinevi.com.tr\/index.php\/wp-json\/wp\/v2\/media?parent=725102"}],"wp:term":[{"taxonomy":"product_brand","embeddable":true,"href":"https:\/\/roveyayinevi.com.tr\/index.php\/wp-json\/wp\/v2\/product_brand?post=725102"},{"taxonomy":"product_cat","embeddable":true,"href":"https:\/\/roveyayinevi.com.tr\/index.php\/wp-json\/wp\/v2\/product_cat?post=725102"},{"taxonomy":"product_tag","embeddable":true,"href":"https:\/\/roveyayinevi.com.tr\/index.php\/wp-json\/wp\/v2\/product_tag?post=725102"}],"curies":[{"name":"wp","href":"https:\/\/api.w.org\/{rel}","templated":true}]}}