{"id":725100,"date":"2025-08-27T19:44:52","date_gmt":"2025-08-27T16:44:52","guid":{"rendered":"https:\/\/roveyayinevi.com.tr\/index.php\/urun\/icatlar-mucitler-bir-dunya-bilgi\/"},"modified":"2026-04-16T02:32:51","modified_gmt":"2026-04-15T23:32:51","slug":"icatlar-mucitler-bir-dunya-bilgi","status":"publish","type":"product","link":"https:\/\/roveyayinevi.com.tr\/index.php\/urun\/icatlar-mucitler-bir-dunya-bilgi\/","title":{"rendered":"\u0130catlar Mucitler \u2013 Bir D\u00fcnya Bilgi"},"content":{"rendered":"<p>Bundan y\u0131llar y\u0131llar \u00f6nce d\u00fcnya neye benziyordu? \u0130nsanlar uzak co\u011frafyalar\u0131 nas\u0131l ke\u015ffetti? Avrupal\u0131lar gitmeden \u00f6nce Avustralya\u2019da kimler ya\u015f\u0131yordu? \u0130nternet nas\u0131l bulundu? Telefonu kim icat etti? Ya\u015fad\u0131\u011f\u0131m\u0131z d\u00fcnyay\u0131 ne kadar tan\u0131yoruz?Y\u00fczy\u0131llar, hatta on y\u0131llar \u00f6nce ya\u015fad\u0131\u011f\u0131m\u0131z d\u00fcnya \u015fimdikinden olduk\u00e7a farkl\u0131 g\u00f6r\u00fcn\u00fcyordu. O zaman hen\u00fcz ke\u015ffedilmemi\u015f binlerce gere\u00e7 ve co\u011frafi b\u00f6lge vard\u0131. K\u00e2\u015fifler ve mucitler ya\u015fad\u0131\u011f\u0131m\u0131z d\u00fcnyay\u0131 \u015fekillendiren \u00f6nc\u00fcler oldular. Bug\u00fcn sahip oldu\u011fumuz bir\u00e7ok \u015fey, uzun y\u0131llar s\u00fcren s\u00fcre\u00e7lerin sonunda g\u00fcn\u00fcm\u00fczdeki h\u00e2lini ald\u0131. \u0130catlar Mucitler ile akl\u0131n\u0131za tak\u0131lan y\u00fczlerce soruya cevap bulacaks\u0131n\u0131z! Bu kitab\u0131n sayfalar\u0131n\u0131 \u00e7evirdik\u00e7e, ke\u015fifleri ve k\u00e2\u015fifleri, icatlar\u0131 ve mucitleri \u00e7ok daha yak\u0131ndan tan\u0131yacaks\u0131n\u0131z!<\/p>\n","protected":false},"excerpt":{"rendered":"<p>Bundan y\u0131llar y\u0131llar \u00f6nce d\u00fcnya neye benziyordu? \u0130nsanlar uzak co\u011frafyalar\u0131 nas\u0131l ke\u015ffetti? Avrupal\u0131lar gitmeden \u00f6nce Avustralya\u2019da kimler ya\u015f\u0131yordu? \u0130nternet nas\u0131l bulundu? Telefonu kim icat etti? Ya\u015fad\u0131\u011f\u0131m\u0131z<span class=\"excerpt-hellip\"> [\u2026]<\/span><\/p>\n","protected":false},"featured_media":0,"template":"","meta":{"_monsterinsights_skip_tracking":false,"_monsterinsights_sitenote_active":false,"_monsterinsights_sitenote_note":"","_monsterinsights_sitenote_category":0},"product_brand":[],"product_cat":[12274,15842],"product_tag":[],"class_list":{"0":"post-725100","1":"product","2":"type-product","3":"status-publish","5":"product_cat-cocuk-ve-genclik-kitaplari","6":"product_cat-egitici-kitaplar","7":"pa_cilt-ciltsiz","8":"pa_tur-kitap","9":"pa_yayinevi-dokuz-yayinlari","10":"pa_yazar-mustafa-sumer","12":"first","13":"instock","14":"sale","15":"shipping-taxable","16":"purchasable","17":"product-type-simple"},"_links":{"self":[{"href":"https:\/\/roveyayinevi.com.tr\/index.php\/wp-json\/wp\/v2\/product\/725100","targetHints":{"allow":["GET"]}}],"collection":[{"href":"https:\/\/roveyayinevi.com.tr\/index.php\/wp-json\/wp\/v2\/product"}],"about":[{"href":"https:\/\/roveyayinevi.com.tr\/index.php\/wp-json\/wp\/v2\/types\/product"}],"wp:attachment":[{"href":"https:\/\/roveyayinevi.com.tr\/index.php\/wp-json\/wp\/v2\/media?parent=725100"}],"wp:term":[{"taxonomy":"product_brand","embeddable":true,"href":"https:\/\/roveyayinevi.com.tr\/index.php\/wp-json\/wp\/v2\/product_brand?post=725100"},{"taxonomy":"product_cat","embeddable":true,"href":"https:\/\/roveyayinevi.com.tr\/index.php\/wp-json\/wp\/v2\/product_cat?post=725100"},{"taxonomy":"product_tag","embeddable":true,"href":"https:\/\/roveyayinevi.com.tr\/index.php\/wp-json\/wp\/v2\/product_tag?post=725100"}],"curies":[{"name":"wp","href":"https:\/\/api.w.org\/{rel}","templated":true}]}}