{"id":725099,"date":"2025-08-27T19:44:51","date_gmt":"2025-08-27T16:44:51","guid":{"rendered":"https:\/\/roveyayinevi.com.tr\/index.php\/urun\/modern-felsefenin-karanlik-tarihi\/"},"modified":"2026-04-16T02:32:51","modified_gmt":"2026-04-15T23:32:51","slug":"modern-felsefenin-karanlik-tarihi","status":"publish","type":"product","link":"https:\/\/roveyayinevi.com.tr\/index.php\/urun\/modern-felsefenin-karanlik-tarihi\/","title":{"rendered":"Modern Felsefenin Karanl\u0131k Tarihi"},"content":{"rendered":"<p>Amerikal\u0131 felsefeci Bernard Freydberg bu kitapta modern felsefe tarihinin k\u00f6kenlerine inmekle kalmay\u0131p felsefi sistemlerin \u00f6n plana \u00e7\u0131kar\u0131lmam\u0131\u015f, ak\u0131lc\u0131 olmayan kaynaklar\u0131na do\u011fru ilgin\u00e7 bir yolculu\u011fa \u00e7\u0131k\u0131yor. Antik\u00e7a\u011fdan modern zamanlara dek felsefi d\u00fc\u015f\u00fcnce sistemlerinin in\u015fa s\u00fcrecindeki i\u00e7sel gerilimlerin izini s\u00fcren Freydberg, modern Bat\u0131 felsefesinin karanl\u0131kta kalan kaynaklar\u0131n\u0131n g\u00fcn y\u00fcz\u00fcne \u00e7\u0131kar\u0131lmas\u0131n\u0131 ama\u00e7l\u0131yor. Modern Felsefenin Karanl\u0131k Tarihi, Spinoza\u2019dan Nietzsche\u2019ye, Descartes\u2019tan Kant\u2019a pek \u00e7ok filozofun d\u00fc\u015f\u00fcnce d\u00fcnyas\u0131n\u0131 ele al\u0131rken, Hesiodos\u2019un \u015fiirlerinden Platon\u2019un idealar\u0131na, Parmenides\u2019in fragmanlar\u0131ndan Schelling\u2019in do\u011fa kavray\u0131\u015f\u0131na dek geni\u015f\u00e7e bir zeminde dola\u015f\u0131yor.\ufffcTan\u0131t\u0131m Metni<\/p>\n","protected":false},"excerpt":{"rendered":"<p>Amerikal\u0131 felsefeci Bernard Freydberg bu kitapta modern felsefe tarihinin k\u00f6kenlerine inmekle kalmay\u0131p felsefi sistemlerin \u00f6n plana \u00e7\u0131kar\u0131lmam\u0131\u015f, ak\u0131lc\u0131 olmayan kaynaklar\u0131na do\u011fru ilgin\u00e7 bir yolculu\u011fa \u00e7\u0131k\u0131yor. Antik\u00e7a\u011fdan<span class=\"excerpt-hellip\"> [\u2026]<\/span><\/p>\n","protected":false},"featured_media":0,"template":"","meta":{"_monsterinsights_skip_tracking":false,"_monsterinsights_sitenote_active":false,"_monsterinsights_sitenote_note":"","_monsterinsights_sitenote_category":0},"product_brand":[],"product_cat":[12388,14717],"product_tag":[],"class_list":{"0":"post-725099","1":"product","2":"type-product","3":"status-publish","5":"product_cat-felsefe","6":"product_cat-felsefe-tarihi","7":"pa_cilt-ciltsiz","8":"pa_tur-kitap","9":"pa_yayinevi-vakifbank-kultur-yayinlari","10":"pa_yazar-bernard-freydberg","12":"first","13":"instock","14":"sale","15":"shipping-taxable","16":"purchasable","17":"product-type-simple"},"_links":{"self":[{"href":"https:\/\/roveyayinevi.com.tr\/index.php\/wp-json\/wp\/v2\/product\/725099","targetHints":{"allow":["GET"]}}],"collection":[{"href":"https:\/\/roveyayinevi.com.tr\/index.php\/wp-json\/wp\/v2\/product"}],"about":[{"href":"https:\/\/roveyayinevi.com.tr\/index.php\/wp-json\/wp\/v2\/types\/product"}],"wp:attachment":[{"href":"https:\/\/roveyayinevi.com.tr\/index.php\/wp-json\/wp\/v2\/media?parent=725099"}],"wp:term":[{"taxonomy":"product_brand","embeddable":true,"href":"https:\/\/roveyayinevi.com.tr\/index.php\/wp-json\/wp\/v2\/product_brand?post=725099"},{"taxonomy":"product_cat","embeddable":true,"href":"https:\/\/roveyayinevi.com.tr\/index.php\/wp-json\/wp\/v2\/product_cat?post=725099"},{"taxonomy":"product_tag","embeddable":true,"href":"https:\/\/roveyayinevi.com.tr\/index.php\/wp-json\/wp\/v2\/product_tag?post=725099"}],"curies":[{"name":"wp","href":"https:\/\/api.w.org\/{rel}","templated":true}]}}