{"id":725097,"date":"2025-08-27T19:44:49","date_gmt":"2025-08-27T16:44:49","guid":{"rendered":"https:\/\/roveyayinevi.com.tr\/index.php\/urun\/uzayin-sirlari-bir-dunya-bilgi\/"},"modified":"2026-04-16T02:32:51","modified_gmt":"2026-04-15T23:32:51","slug":"uzayin-sirlari-bir-dunya-bilgi","status":"publish","type":"product","link":"https:\/\/roveyayinevi.com.tr\/index.php\/urun\/uzayin-sirlari-bir-dunya-bilgi\/","title":{"rendered":"Uzay\u0131n S\u0131rlar\u0131 \u2013 Bir D\u00fcnya Bilgi"},"content":{"rendered":"<p>Yuvam\u0131z d\u00fcnya ve onu kapsayan evren hakk\u0131nda ne biliyoruz? B\u00fct\u00fcn gezegenleri kapsayan bu m\u00fcthi\u015f sistem nas\u0131l var oldu? Uzayda her g\u00fcn neler olup bitiyor? En so\u011fuk ve en s\u0131cak gezegenler hangileri? Kara delik nedir?Baz\u0131 g\u00fcnler hi\u00e7 d\u00fc\u015f\u00fcnmeden ya\u015f\u0131yor olsak da asl\u0131nda her birimiz bu devasa sistemin bir par\u00e7as\u0131y\u0131z. Ya\u015famaya devam etmemiz i\u00e7in gereksinim duydu\u011fumuz ne varsa, her g\u00fcn yeniden ve yeniden bize sunuluyor. D\u00fcnyam\u0131z da bu koca evrenin bir par\u00e7as\u0131. Onlar olmadan, var olmam\u0131z m\u00fcmk\u00fcn olamazd\u0131. Hadi \u015fimdi d\u00fc\u015f g\u00fcc\u00fcn\u00fcn \u00f6tesine ta\u015fan yeni d\u00fcnyalar\u0131 ke\u015ffe \u00e7\u0131kal\u0131m: Evimizi tan\u0131yal\u0131m! Uzay\u0131n S\u0131rlar\u0131 ile b\u00fct\u00fcn gizemleri \u00e7\u00f6zmeye haz\u0131rsan\u0131z, ba\u015fl\u0131yoruz! Uzay\u0131n derinliklerindeki karanl\u0131klar ayd\u0131nlan\u0131yor!<\/p>\n","protected":false},"excerpt":{"rendered":"<p>Yuvam\u0131z d\u00fcnya ve onu kapsayan evren hakk\u0131nda ne biliyoruz? B\u00fct\u00fcn gezegenleri kapsayan bu m\u00fcthi\u015f sistem nas\u0131l var oldu? Uzayda her g\u00fcn neler olup bitiyor? En so\u011fuk<span class=\"excerpt-hellip\"> [\u2026]<\/span><\/p>\n","protected":false},"featured_media":0,"template":"","meta":{"_monsterinsights_skip_tracking":false,"_monsterinsights_sitenote_active":false,"_monsterinsights_sitenote_note":"","_monsterinsights_sitenote_category":0},"product_brand":[],"product_cat":[12274,15842],"product_tag":[],"class_list":{"0":"post-725097","1":"product","2":"type-product","3":"status-publish","5":"product_cat-cocuk-ve-genclik-kitaplari","6":"product_cat-egitici-kitaplar","7":"pa_cilt-ciltsiz","8":"pa_tur-kitap","9":"pa_yayinevi-dokuz-yayinlari","10":"pa_yazar-mustafa-sumer","12":"first","13":"instock","14":"sale","15":"shipping-taxable","16":"purchasable","17":"product-type-simple"},"_links":{"self":[{"href":"https:\/\/roveyayinevi.com.tr\/index.php\/wp-json\/wp\/v2\/product\/725097","targetHints":{"allow":["GET"]}}],"collection":[{"href":"https:\/\/roveyayinevi.com.tr\/index.php\/wp-json\/wp\/v2\/product"}],"about":[{"href":"https:\/\/roveyayinevi.com.tr\/index.php\/wp-json\/wp\/v2\/types\/product"}],"wp:attachment":[{"href":"https:\/\/roveyayinevi.com.tr\/index.php\/wp-json\/wp\/v2\/media?parent=725097"}],"wp:term":[{"taxonomy":"product_brand","embeddable":true,"href":"https:\/\/roveyayinevi.com.tr\/index.php\/wp-json\/wp\/v2\/product_brand?post=725097"},{"taxonomy":"product_cat","embeddable":true,"href":"https:\/\/roveyayinevi.com.tr\/index.php\/wp-json\/wp\/v2\/product_cat?post=725097"},{"taxonomy":"product_tag","embeddable":true,"href":"https:\/\/roveyayinevi.com.tr\/index.php\/wp-json\/wp\/v2\/product_tag?post=725097"}],"curies":[{"name":"wp","href":"https:\/\/api.w.org\/{rel}","templated":true}]}}