{"id":725095,"date":"2025-08-27T19:44:48","date_gmt":"2025-08-27T16:44:48","guid":{"rendered":"https:\/\/roveyayinevi.com.tr\/index.php\/urun\/bitkilerin-dunyasi-bir-dunya-bilgi\/"},"modified":"2026-04-16T02:32:51","modified_gmt":"2026-04-15T23:32:51","slug":"bitkilerin-dunyasi-bir-dunya-bilgi","status":"publish","type":"product","link":"https:\/\/roveyayinevi.com.tr\/index.php\/urun\/bitkilerin-dunyasi-bir-dunya-bilgi\/","title":{"rendered":"Bitkilerin D\u00fcnyasi \u2013 Bir D\u00fcnya Bilgi"},"content":{"rendered":"<p>Her g\u00fcn \u00f6n\u00fcnden ge\u00e7ti\u011finiz a\u011fac\u0131n t\u00fcr\u00fc ne? \u00dczerine bas\u0131p ge\u00e7ti\u011finiz \u00e7imler d\u00fcnyam\u0131za nas\u0131l katk\u0131 sa\u011fl\u0131yor? \u00c7i\u00e7ekler neden bu kadar g\u00fczel kokar? Bitkiler nefes al\u0131r m\u0131? T\u0131pk\u0131 insanlar gibi, ya\u015fayan, terleyen, \u00fc\u015f\u00fcyen bu canl\u0131lar\u0131 ne kadar tan\u0131yoruz?Bitkiler, d\u00fcnya ekosisteminin en \u00f6nemli par\u00e7as\u0131. D\u00fcnyam\u0131z\u0131 bi\u00e7imlendiren bu canl\u0131lar, bir\u00e7ok alanda insanl\u0131\u011fa yarar sa\u011fl\u0131yor. Saymakla bitmeyen bu yararlar\u0131 ve bitkilerin d\u00fcnyas\u0131nda neler olup bitti\u011fini \u00f6\u011frenmek ister misiniz? Bitkilerin D\u00fcnyas\u0131 size yemye\u015fil bir d\u00fcnyan\u0131n kap\u0131lar\u0131n\u0131 aral\u0131yor. Haydi, oradan girin ve bu yararl\u0131 dostlarla tan\u0131\u015f\u0131n!<\/p>\n","protected":false},"excerpt":{"rendered":"<p>Her g\u00fcn \u00f6n\u00fcnden ge\u00e7ti\u011finiz a\u011fac\u0131n t\u00fcr\u00fc ne? \u00dczerine bas\u0131p ge\u00e7ti\u011finiz \u00e7imler d\u00fcnyam\u0131za nas\u0131l katk\u0131 sa\u011fl\u0131yor? \u00c7i\u00e7ekler neden bu kadar g\u00fczel kokar? Bitkiler nefes al\u0131r m\u0131? T\u0131pk\u0131<span class=\"excerpt-hellip\"> [\u2026]<\/span><\/p>\n","protected":false},"featured_media":0,"template":"","meta":{"_monsterinsights_skip_tracking":false,"_monsterinsights_sitenote_active":false,"_monsterinsights_sitenote_note":"","_monsterinsights_sitenote_category":0},"product_brand":[],"product_cat":[12274,15842],"product_tag":[],"class_list":{"0":"post-725095","1":"product","2":"type-product","3":"status-publish","5":"product_cat-cocuk-ve-genclik-kitaplari","6":"product_cat-egitici-kitaplar","7":"pa_cilt-ciltsiz","8":"pa_tur-kitap","9":"pa_yayinevi-dokuz-yayinlari","10":"pa_yazar-mustafa-sumer","12":"first","13":"instock","14":"sale","15":"shipping-taxable","16":"purchasable","17":"product-type-simple"},"_links":{"self":[{"href":"https:\/\/roveyayinevi.com.tr\/index.php\/wp-json\/wp\/v2\/product\/725095","targetHints":{"allow":["GET"]}}],"collection":[{"href":"https:\/\/roveyayinevi.com.tr\/index.php\/wp-json\/wp\/v2\/product"}],"about":[{"href":"https:\/\/roveyayinevi.com.tr\/index.php\/wp-json\/wp\/v2\/types\/product"}],"wp:attachment":[{"href":"https:\/\/roveyayinevi.com.tr\/index.php\/wp-json\/wp\/v2\/media?parent=725095"}],"wp:term":[{"taxonomy":"product_brand","embeddable":true,"href":"https:\/\/roveyayinevi.com.tr\/index.php\/wp-json\/wp\/v2\/product_brand?post=725095"},{"taxonomy":"product_cat","embeddable":true,"href":"https:\/\/roveyayinevi.com.tr\/index.php\/wp-json\/wp\/v2\/product_cat?post=725095"},{"taxonomy":"product_tag","embeddable":true,"href":"https:\/\/roveyayinevi.com.tr\/index.php\/wp-json\/wp\/v2\/product_tag?post=725095"}],"curies":[{"name":"wp","href":"https:\/\/api.w.org\/{rel}","templated":true}]}}