{"id":725091,"date":"2025-08-27T19:44:45","date_gmt":"2025-08-27T16:44:45","guid":{"rendered":"https:\/\/roveyayinevi.com.tr\/index.php\/urun\/mandala-sudoku-orta-seviye\/"},"modified":"2026-04-16T02:32:51","modified_gmt":"2026-04-15T23:32:51","slug":"mandala-sudoku-orta-seviye","status":"publish","type":"product","link":"https:\/\/roveyayinevi.com.tr\/index.php\/urun\/mandala-sudoku-orta-seviye\/","title":{"rendered":"Mandala Sudoku \u2013 Orta Seviye"},"content":{"rendered":"<p>Sudoku oyunu g\u00fcn\u00fcm\u00fcz\u00fcn d\u00fc\u015f\u00fcnme ve mant\u0131k y\u00fcr\u00fctme yetene\u011fini geli\u015ftirmeye en fazla fayda sa\u011flayan zek\u00e2 oyunu olarak bilinmektedir. Sudokunun oynand\u0131\u011f\u0131 zemin 9\u2019a 9\u2019luk bir aland\u0131r. Kurallar \u00e7ok basit&#8230; D\u00fc\u015f\u00fcnmeniz gereken 3 b\u00f6l\u00fcm var; sat\u0131rlar, s\u00fctunlar ve kutular. 1\u2019den 9\u2019a kadar olan say\u0131lar\u0131 her s\u00fctuna, her sat\u0131ra ve her kare i\u00e7ine tekrar etmeden girmeniz gerekiyor. Orta seviyesindeki 150 Sudoku ve mandala ile b\u00fcy\u00fcl\u00fc bir d\u00fcnyaya ad\u0131m atacaks\u0131n\u0131z&#8230;Sudoku oynayarak zek\u00e2n\u0131z\u0131 geli\u015ftirmek ve d\u00fc\u015f\u00fcnme s\u00fcrecinizde mandala boyayarak keyifli vakit ge\u00e7irmek ister misiniz?<\/p>\n","protected":false},"excerpt":{"rendered":"<p>Sudoku oyunu g\u00fcn\u00fcm\u00fcz\u00fcn d\u00fc\u015f\u00fcnme ve mant\u0131k y\u00fcr\u00fctme yetene\u011fini geli\u015ftirmeye en fazla fayda sa\u011flayan zek\u00e2 oyunu olarak bilinmektedir. Sudokunun oynand\u0131\u011f\u0131 zemin 9\u2019a 9\u2019luk bir aland\u0131r. Kurallar \u00e7ok<span class=\"excerpt-hellip\"> [\u2026]<\/span><\/p>\n","protected":false},"featured_media":0,"template":"","meta":{"_monsterinsights_skip_tracking":false,"_monsterinsights_sitenote_active":false,"_monsterinsights_sitenote_note":"","_monsterinsights_sitenote_category":0},"product_brand":[],"product_cat":[16943,15563],"product_tag":[],"class_list":{"0":"post-725091","1":"product","2":"type-product","3":"status-publish","5":"product_cat-bilmeceler-bulmacalar","6":"product_cat-hobi","7":"pa_cilt-ciltsiz","8":"pa_tur-kitap10","9":"pa_yayinevi-dokuz-yayinlari","10":"pa_yazar-kolektif","12":"first","13":"instock","14":"sale","15":"shipping-taxable","16":"purchasable","17":"product-type-simple"},"_links":{"self":[{"href":"https:\/\/roveyayinevi.com.tr\/index.php\/wp-json\/wp\/v2\/product\/725091","targetHints":{"allow":["GET"]}}],"collection":[{"href":"https:\/\/roveyayinevi.com.tr\/index.php\/wp-json\/wp\/v2\/product"}],"about":[{"href":"https:\/\/roveyayinevi.com.tr\/index.php\/wp-json\/wp\/v2\/types\/product"}],"wp:attachment":[{"href":"https:\/\/roveyayinevi.com.tr\/index.php\/wp-json\/wp\/v2\/media?parent=725091"}],"wp:term":[{"taxonomy":"product_brand","embeddable":true,"href":"https:\/\/roveyayinevi.com.tr\/index.php\/wp-json\/wp\/v2\/product_brand?post=725091"},{"taxonomy":"product_cat","embeddable":true,"href":"https:\/\/roveyayinevi.com.tr\/index.php\/wp-json\/wp\/v2\/product_cat?post=725091"},{"taxonomy":"product_tag","embeddable":true,"href":"https:\/\/roveyayinevi.com.tr\/index.php\/wp-json\/wp\/v2\/product_tag?post=725091"}],"curies":[{"name":"wp","href":"https:\/\/api.w.org\/{rel}","templated":true}]}}